{"id":754,"date":"2020-09-30T00:13:34","date_gmt":"2020-09-29T21:13:34","guid":{"rendered":"http:\/\/gonenyapi.com.tr\/?post_type=product&#038;p=754"},"modified":"2020-09-30T13:29:36","modified_gmt":"2020-09-30T10:29:36","slug":"woodex-plywood","status":"publish","type":"product","link":"https:\/\/gonenyapi.com.tr\/index.php\/urun\/woodex-plywood\/","title":{"rendered":"Plywood"},"content":{"rendered":"<p>&nbsp;<\/p>\n<p>\u00dcr\u00fcn \u00d6zellikleri<\/p>\n<p><img loading=\"lazy\" decoding=\"async\" class=\"alignnone size-full wp-image-757\" src=\"http:\/\/gonenyapi.com.tr\/wp-content\/uploads\/2020\/09\/ply.jpg\" alt=\"\" width=\"777\" height=\"409\" srcset=\"https:\/\/gonenyapi.com.tr\/wp-content\/uploads\/2020\/09\/ply.jpg 777w, https:\/\/gonenyapi.com.tr\/wp-content\/uploads\/2020\/09\/ply-416x219.jpg 416w, https:\/\/gonenyapi.com.tr\/wp-content\/uploads\/2020\/09\/ply-300x158.jpg 300w, https:\/\/gonenyapi.com.tr\/wp-content\/uploads\/2020\/09\/ply-768x404.jpg 768w\" sizes=\"auto, (max-width: 777px) 100vw, 777px\" \/><\/p>\n","protected":false},"excerpt":{"rendered":"<p><strong>PLYWOOD NED\u0130R ?<\/strong><\/p>\n<p>Plywood ince a\u011fa\u00e7 tabakalar\u0131n\u0131n y\u00fcksek bas\u0131n\u00e7 alt\u0131nda preslenmesiyle olu\u015fturulan film kapl\u0131 kontrplak panellerdir.<\/p>\n<p>Film kapl\u0131 beton kal\u0131p kontrpla\u011f\u0131, i\u015f d\u00fcnyas\u0131nda bilinen ismiyle Plywood \u00c7am, kay\u0131n ve hu\u015f gibi dayan\u0131kl\u0131 a\u011fa\u00e7lardan imal edilmektedir.<\/p>\n<p>Plywood yap\u0131m\u0131nda kullan\u0131lan tutkal suya ve neme dayan\u0131kl\u0131 marin (WBP) tutkaldan yap\u0131lmaktad\u0131r.<\/p>\n<p>Plywood d\u0131\u015f y\u00fczeyleri Finlandiya dan ithal fenolik re\u00e7ine emdirilmi\u015f kraft ka\u011f\u0131d\u0131 ile kaplanm\u0131\u015ft\u0131r.<\/p>\n<p>Plywood \u00e7ok iyi mekanik dayan\u0131kl\u0131l\u0131\u011fa sahip olmas\u0131na kar\u015f\u0131n hafif olan bir malzemedir. Katman say\u0131s\u0131 genelde tek say\u0131 olacak \u015fekilde \u00fcretilir.<\/p>\n<p>D\u0131\u015f katmanlar genellikle panelin uzun \u00f6l\u00e7\u00fcs\u00fcne paralel y\u00f6ndedir. Birbirini izleyen katmanlar birbirine dik olacak \u015fekilde yap\u0131\u015ft\u0131r\u0131l\u0131r. Bu \u00fcretim \u015fekli dayan\u0131m\u0131 art\u0131ran vibrasyonla olu\u015facak \u015fok etkilere kar\u015f\u0131 koyan bir yap\u0131d\u0131r. \u0130n\u015faat plywoodla daha sa\u011fl\u0131kl\u0131 ve daha rand\u0131manl\u0131 olmaktad\u0131r. Kullan\u0131m fazlal\u0131\u011f\u0131 sayesinde de daha ekonomik olmakta ve bir\u00e7ok yerde s\u0131va maliyetinden kurtarmaktad\u0131r. Ayr\u0131ca in\u015faatlar\u0131n kal\u0131p d\u00f6\u015feme s\u00fcrelerinde \u00f6nemli zaman tasarrufu sa\u011flamaktad\u0131r.<\/p>\n","protected":false},"featured_media":756,"comment_status":"closed","ping_status":"closed","template":"","meta":[],"product_brand":[],"product_cat":[159],"product_tag":[],"class_list":{"0":"post-754","1":"product","2":"type-product","3":"status-publish","4":"has-post-thumbnail","6":"product_cat-plywood","8":"first","9":"instock","10":"taxable","11":"shipping-taxable","12":"product-type-simple"},"_links":{"self":[{"href":"https:\/\/gonenyapi.com.tr\/index.php\/wp-json\/wp\/v2\/product\/754","targetHints":{"allow":["GET"]}}],"collection":[{"href":"https:\/\/gonenyapi.com.tr\/index.php\/wp-json\/wp\/v2\/product"}],"about":[{"href":"https:\/\/gonenyapi.com.tr\/index.php\/wp-json\/wp\/v2\/types\/product"}],"replies":[{"embeddable":true,"href":"https:\/\/gonenyapi.com.tr\/index.php\/wp-json\/wp\/v2\/comments?post=754"}],"wp:featuredmedia":[{"embeddable":true,"href":"https:\/\/gonenyapi.com.tr\/index.php\/wp-json\/wp\/v2\/media\/756"}],"wp:attachment":[{"href":"https:\/\/gonenyapi.com.tr\/index.php\/wp-json\/wp\/v2\/media?parent=754"}],"wp:term":[{"taxonomy":"product_brand","embeddable":true,"href":"https:\/\/gonenyapi.com.tr\/index.php\/wp-json\/wp\/v2\/product_brand?post=754"},{"taxonomy":"product_cat","embeddable":true,"href":"https:\/\/gonenyapi.com.tr\/index.php\/wp-json\/wp\/v2\/product_cat?post=754"},{"taxonomy":"product_tag","embeddable":true,"href":"https:\/\/gonenyapi.com.tr\/index.php\/wp-json\/wp\/v2\/product_tag?post=754"}],"curies":[{"name":"wp","href":"https:\/\/api.w.org\/{rel}","templated":true}]}}