{"id":729,"date":"2020-09-29T23:30:57","date_gmt":"2020-09-29T20:30:57","guid":{"rendered":"http:\/\/gonenyapi.com.tr\/?post_type=product&#038;p=729"},"modified":"2020-09-29T23:30:57","modified_gmt":"2020-09-29T20:30:57","slug":"duvar-c-100-profilleri","status":"publish","type":"product","link":"https:\/\/gonenyapi.com.tr\/index.php\/urun\/duvar-c-100-profilleri\/","title":{"rendered":"Duvar C 100 Profilleri"},"content":{"rendered":"<section class=\"section primary blog-post\">\n<div class=\"container small-container\">\n<div class=\"post-content\">\n<p>Duvar C Profilleri, al\u00e7\u0131 levha b\u00f6lme duvar yap\u0131m\u0131nda kurulan metal konstr\u00fcksiyonun s\u0131cak dald\u0131rma galvanizli \u00e7elikten \u00fcretilen ta\u015f\u0131y\u0131c\u0131 elemanlar\u0131d\u0131r.<\/p>\n<p>Duvar C Profilleri TS EN 14195 standard\u0131na uygun \u00fcretilmektedir.<\/p>\n<p>&nbsp;<\/p>\n<\/div>\n<\/div>\n<\/section>\n<section class=\"section primary blog-post\">\n<div class=\"container small-container\">\n<div class=\"span-12\">\n<ul class=\"tabs\">\n<li class=\"animate active\" data-anim-type=\"zoomIn\"><center><i class=\"fa fa-building-o\"><\/i><b>\u00dcr\u00fcn Bilgisi <\/b><\/center><\/li>\n<\/ul>\n<div class=\"tabs-content\">\n<div id=\"demo-tab-1\" class=\"tabs-panel\">\n<h2>\u00dcr\u00fcn Bilgileri<\/h2>\n<hr \/>\n<table border=\"1\" cellspacing=\"0\" cellpadding=\"1\">\n<tbody>\n<tr>\n<td><strong>\u00dcR\u00dcN ADI<\/strong><\/td>\n<td><strong>BOYUTLAR (mm)<\/strong><\/td>\n<td><strong>UZUNLUK (mm)<\/strong><\/td>\n<td><strong>A\u011eIRLIK (kg)<\/strong><\/td>\n<td><strong>AMBALAJ (ba\u011f\/adet)<\/strong><\/td>\n<\/tr>\n<tr>\n<td>DC 100 PROF\u0130L\u0130 0.45 mm<\/td>\n<td>42\/100\/42<\/td>\n<td>3000 mm<\/td>\n<td>0,671<\/td>\n<td>12<\/td>\n<\/tr>\n<tr>\n<td>DC 100 PROF\u0130L\u0130 0.50 mm<\/td>\n<td>42\/100\/42<\/td>\n<td>3000 mm<\/td>\n<td>0,746<\/td>\n<td>12<\/td>\n<\/tr>\n<tr>\n<td>DC 100 PROF\u0130L\u0130 0.60 mm<\/td>\n<td>42\/100\/42<\/td>\n<td>3000 mm<\/td>\n<td>0,895<\/td>\n<td>12<\/td>\n<\/tr>\n<\/tbody>\n<\/table>\n<p>UMS Duvar C profilleri 1,20 mm kal\u0131nl\u0131\u011fa kadar \u00fcretilmektedir.<\/p>\n<\/div>\n<\/div>\n<\/div>\n<\/div>\n<\/section>\n","protected":false},"excerpt":{"rendered":"<p>Duvar C Profilleri, al\u00e7\u0131 levha b\u00f6lme duvar yap\u0131m\u0131nda kurulan metal konstr\u00fcksiyonun s\u0131cak dald\u0131rma galvanizli \u00e7elikten \u00fcretilen ta\u015f\u0131y\u0131c\u0131 elemanlar\u0131d\u0131r.<\/p>\n","protected":false},"featured_media":730,"comment_status":"closed","ping_status":"closed","template":"","meta":[],"product_brand":[],"product_cat":[156],"product_tag":[],"class_list":{"0":"post-729","1":"product","2":"type-product","3":"status-publish","4":"has-post-thumbnail","6":"product_cat-duvar-profilleri","8":"first","9":"instock","10":"taxable","11":"shipping-taxable","12":"product-type-simple"},"_links":{"self":[{"href":"https:\/\/gonenyapi.com.tr\/index.php\/wp-json\/wp\/v2\/product\/729","targetHints":{"allow":["GET"]}}],"collection":[{"href":"https:\/\/gonenyapi.com.tr\/index.php\/wp-json\/wp\/v2\/product"}],"about":[{"href":"https:\/\/gonenyapi.com.tr\/index.php\/wp-json\/wp\/v2\/types\/product"}],"replies":[{"embeddable":true,"href":"https:\/\/gonenyapi.com.tr\/index.php\/wp-json\/wp\/v2\/comments?post=729"}],"wp:featuredmedia":[{"embeddable":true,"href":"https:\/\/gonenyapi.com.tr\/index.php\/wp-json\/wp\/v2\/media\/730"}],"wp:attachment":[{"href":"https:\/\/gonenyapi.com.tr\/index.php\/wp-json\/wp\/v2\/media?parent=729"}],"wp:term":[{"taxonomy":"product_brand","embeddable":true,"href":"https:\/\/gonenyapi.com.tr\/index.php\/wp-json\/wp\/v2\/product_brand?post=729"},{"taxonomy":"product_cat","embeddable":true,"href":"https:\/\/gonenyapi.com.tr\/index.php\/wp-json\/wp\/v2\/product_cat?post=729"},{"taxonomy":"product_tag","embeddable":true,"href":"https:\/\/gonenyapi.com.tr\/index.php\/wp-json\/wp\/v2\/product_tag?post=729"}],"curies":[{"name":"wp","href":"https:\/\/api.w.org\/{rel}","templated":true}]}}