{"id":571,"date":"2020-09-29T21:15:02","date_gmt":"2020-09-29T18:15:02","guid":{"rendered":"http:\/\/gonenyapi.com.tr\/?post_type=product&#038;p=571"},"modified":"2020-09-29T21:15:02","modified_gmt":"2020-09-29T18:15:02","slug":"fixa-derzsil-derz-temizleyicisi","status":"publish","type":"product","link":"https:\/\/gonenyapi.com.tr\/index.php\/urun\/fixa-derzsil-derz-temizleyicisi\/","title":{"rendered":"F\u0130XA DERZS\u0130L Derz Temizleyicisi"},"content":{"rendered":"<p><strong>Tan\u0131m\u0131 ve Kullan\u0131m Alanlar\u0131: <\/strong>Kaplama malzemelerinin derz dolgular\u0131nda ve ek yerlerinde olu\u015fan leke ve kirlerin \u00e7\u0131kar\u0131lmas\u0131 i\u00e7in kullan\u0131lan asit i\u00e7erikli s\u0131v\u0131 temizlik malzemesidir. Mat kaplama malzemelerinin derz dolgular\u0131nda ve ek yerlerinde kullan\u0131l\u0131r. Asit i\u00e7erikli ve a\u015f\u0131nd\u0131r\u0131c\u0131 oldu\u011fundan parlak kaplama malzemelerinin derz dolgular\u0131nda ve ek yerlerinde derz kenarlar\u0131na ta\u015fabilece\u011fi d\u00fc\u015f\u00fcn\u00fclerek bant \u00e7ekilerek kullan\u0131l\u0131r. \u0130\u00e7 ve d\u0131\u015f mekanlarda, yatay ve d\u00fc\u015fey y\u00fczeylerde kullan\u0131ma uygundur.<\/p>\n<p><strong>\u00d6zellikleri<\/strong>: Asidik i\u00e7eri\u011fi sayesinde normal temizlik malzemeleri ile \u00e7\u0131kmayan art\u0131klar\u0131 kolayca temizler. \u0130\u00e7eri\u011findeki aktif maddeler %90 oran\u0131nda geri d\u00f6n\u00fc\u015f\u00fcml\u00fcd\u00fcr.<\/p>\n<p><strong>\u00dcr\u00fcn Kodu: <\/strong>100500<\/p>\n","protected":false},"excerpt":{"rendered":"<div class=\"row\">\n<div class=\"col-xs-12 text-center wow fadeIn animated\">\n<h1>F\u0130XA DERZS\u0130L Derz Temizleyicisi<\/h1>\n<\/div>\n<\/div>\n","protected":false},"featured_media":572,"comment_status":"closed","ping_status":"closed","template":"","meta":[],"product_brand":[],"product_cat":[134],"product_tag":[],"class_list":{"0":"post-571","1":"product","2":"type-product","3":"status-publish","4":"has-post-thumbnail","6":"product_cat-temizlik-urunleri","8":"first","9":"instock","10":"taxable","11":"shipping-taxable","12":"product-type-simple"},"_links":{"self":[{"href":"https:\/\/gonenyapi.com.tr\/index.php\/wp-json\/wp\/v2\/product\/571","targetHints":{"allow":["GET"]}}],"collection":[{"href":"https:\/\/gonenyapi.com.tr\/index.php\/wp-json\/wp\/v2\/product"}],"about":[{"href":"https:\/\/gonenyapi.com.tr\/index.php\/wp-json\/wp\/v2\/types\/product"}],"replies":[{"embeddable":true,"href":"https:\/\/gonenyapi.com.tr\/index.php\/wp-json\/wp\/v2\/comments?post=571"}],"wp:featuredmedia":[{"embeddable":true,"href":"https:\/\/gonenyapi.com.tr\/index.php\/wp-json\/wp\/v2\/media\/572"}],"wp:attachment":[{"href":"https:\/\/gonenyapi.com.tr\/index.php\/wp-json\/wp\/v2\/media?parent=571"}],"wp:term":[{"taxonomy":"product_brand","embeddable":true,"href":"https:\/\/gonenyapi.com.tr\/index.php\/wp-json\/wp\/v2\/product_brand?post=571"},{"taxonomy":"product_cat","embeddable":true,"href":"https:\/\/gonenyapi.com.tr\/index.php\/wp-json\/wp\/v2\/product_cat?post=571"},{"taxonomy":"product_tag","embeddable":true,"href":"https:\/\/gonenyapi.com.tr\/index.php\/wp-json\/wp\/v2\/product_tag?post=571"}],"curies":[{"name":"wp","href":"https:\/\/api.w.org\/{rel}","templated":true}]}}