{"id":567,"date":"2020-09-29T21:08:07","date_gmt":"2020-09-29T18:08:07","guid":{"rendered":"http:\/\/gonenyapi.com.tr\/?post_type=product&#038;p=567"},"modified":"2020-09-29T21:08:07","modified_gmt":"2020-09-29T18:08:07","slug":"fixa-derz-dolgu-malzemesi","status":"publish","type":"product","link":"https:\/\/gonenyapi.com.tr\/index.php\/urun\/fixa-derz-dolgu-malzemesi\/","title":{"rendered":"F\u0130XA Derz Dolgu Malzemesi"},"content":{"rendered":"<p><strong>Tan\u0131m\u0131 ve Kullan\u0131m Alanlar\u0131: <\/strong>1 &#8211; 6 mm\u2019lik derzlerde kullan\u0131lan y\u00fcksek performansl\u0131 derz dolgusudur. Kolay i\u015flenir, p\u00fcr\u00fczs\u00fcz y\u00fczey olu\u015fturur. Seramik, fayans ve benzeri kaplama malzemelerinin 1 &#8211; 6 mm&#8217;ye kadar olan derzlerinin doldurulmas\u0131nda kullan\u0131l\u0131r. Seramik kenarlar\u0131na iyi yap\u0131\u015f\u0131r. \u0130\u00e7 mekanlarda, yatay ve d\u00fc\u015fey uygulamalarda kullan\u0131ma uygundur.<\/p>\n<p><strong>\u00d6zellikleri<\/strong>: \u00c7imento esasl\u0131, tek bile\u015fenlidir. A\u015f\u0131nmaya kar\u015f\u0131 dayan\u0131kl\u0131d\u0131r. Renk solmas\u0131, tozuma ve \u00e7atlama yapmaz.<\/p>\n<p>Zengin renk se\u00e7ene\u011fi sunar, dekoratiftir.<\/p>\n<p><strong>\u00dcr\u00fcn Kodu: <\/strong>5kg:20105 \/ 10kg:20110 \/ 20kg:20120<\/p>\n<p><strong>Bay\u0131nd\u0131rl\u0131k Poz No: <\/strong>04.013\/2<\/p>\n","protected":false},"excerpt":{"rendered":"<h1>(1 &#8211; 6 mm)<\/h1>\n","protected":false},"featured_media":568,"comment_status":"closed","ping_status":"closed","template":"","meta":[],"product_brand":[],"product_cat":[132,131],"product_tag":[],"class_list":{"0":"post-567","1":"product","2":"type-product","3":"status-publish","4":"has-post-thumbnail","6":"product_cat-cimento-esasli-derz-dolgular","7":"product_cat-seramik-derz-dolgulari","9":"first","10":"instock","11":"taxable","12":"shipping-taxable","13":"product-type-simple"},"_links":{"self":[{"href":"https:\/\/gonenyapi.com.tr\/index.php\/wp-json\/wp\/v2\/product\/567","targetHints":{"allow":["GET"]}}],"collection":[{"href":"https:\/\/gonenyapi.com.tr\/index.php\/wp-json\/wp\/v2\/product"}],"about":[{"href":"https:\/\/gonenyapi.com.tr\/index.php\/wp-json\/wp\/v2\/types\/product"}],"replies":[{"embeddable":true,"href":"https:\/\/gonenyapi.com.tr\/index.php\/wp-json\/wp\/v2\/comments?post=567"}],"wp:featuredmedia":[{"embeddable":true,"href":"https:\/\/gonenyapi.com.tr\/index.php\/wp-json\/wp\/v2\/media\/568"}],"wp:attachment":[{"href":"https:\/\/gonenyapi.com.tr\/index.php\/wp-json\/wp\/v2\/media?parent=567"}],"wp:term":[{"taxonomy":"product_brand","embeddable":true,"href":"https:\/\/gonenyapi.com.tr\/index.php\/wp-json\/wp\/v2\/product_brand?post=567"},{"taxonomy":"product_cat","embeddable":true,"href":"https:\/\/gonenyapi.com.tr\/index.php\/wp-json\/wp\/v2\/product_cat?post=567"},{"taxonomy":"product_tag","embeddable":true,"href":"https:\/\/gonenyapi.com.tr\/index.php\/wp-json\/wp\/v2\/product_tag?post=567"}],"curies":[{"name":"wp","href":"https:\/\/api.w.org\/{rel}","templated":true}]}}