{"id":546,"date":"2020-09-29T20:46:14","date_gmt":"2020-09-29T17:46:14","guid":{"rendered":"http:\/\/gonenyapi.com.tr\/?post_type=product&#038;p=546"},"modified":"2020-09-29T20:46:14","modified_gmt":"2020-09-29T17:46:14","slug":"aquaplus","status":"publish","type":"product","link":"https:\/\/gonenyapi.com.tr\/index.php\/urun\/aquaplus\/","title":{"rendered":"AQUAPLUS"},"content":{"rendered":"<p><strong>Tan\u0131m\u0131 ve Kullan\u0131m Alanlar\u0131:<\/strong> S\u0131va ve d\u00f6\u015feme \u015faplar\u0131n\u0131n su ge\u00e7irimsizli\u011fini ve i\u015flenebilirli\u011fini artt\u0131rarak uygulama kolayl\u0131\u011f\u0131 sa\u011flayan har\u00e7 ve \u015fap katk\u0131s\u0131d\u0131r. Har\u00e7 ve s\u0131valarda hava s\u00fcr\u00fckleyerek k\u0131lcal bo\u015fluklar\u0131n ve su kanallar\u0131n\u0131n olu\u015fumunu azaltarak su ge\u00e7irimsizli\u011fi artt\u0131r\u0131r. T\u00fcneller ve kanallarda, su depolar\u0131nda, i\u00e7 ve d\u0131\u015f s\u0131valarda, beton bloklarda, y\u00fczme havuzlar\u0131nda ve d\u00f6\u015feme \u015faplar\u0131nda kullan\u0131l\u0131r.<\/p>\n<p><strong>\u00d6zellikleri<\/strong>: S\u0131vay\u0131 hava \u015fartlar\u0131na kar\u015f\u0131 korur, ya\u011fmur suyuna ve donma \u2013 \u00e7\u00f6z\u00fcnme d\u00f6ng\u00fcs\u00fcne kar\u015f\u0131 direnci artt\u0131r\u0131r. K\u0131lcal \u00e7atlaklar\u0131 ve kabarc\u0131klar\u0131 \u00f6nler. Ak\u0131\u015fkanla\u015ft\u0131r\u0131c\u0131 etkisinden dolay\u0131 kar\u0131\u015f\u0131m\u0131n su miktar\u0131n\u0131 azalt\u0131r. Katk\u0131s\u0131z har\u00e7larda g\u00f6zlenen ayr\u0131\u015fma ve \u00e7i\u00e7eklenme etkisini azalt\u0131r.<\/p>\n<p>Ekonomiktir, s\u0131vada hacim art\u0131\u015f\u0131 ve ak\u0131\u015fkanl\u0131k sa\u011flamak i\u00e7in kire\u00e7 kullan\u0131m\u0131na gerek kalmaz.<\/p>\n<p><strong>\u00dcr\u00fcn Kodu: <\/strong>6kg:40106 \/ 20kg:40120 \/ 30kg:40130 180kg:40180<\/p>\n<p><strong>Bay\u0131nd\u0131rl\u0131k Poz No: <\/strong>04.613\/A<\/p>\n","protected":false},"excerpt":{"rendered":"<h1>Su Ge\u00e7irimsiz Har\u00e7 ve \u015eap Katk\u0131s\u0131<\/h1>\n","protected":false},"featured_media":548,"comment_status":"closed","ping_status":"closed","template":"","meta":[],"product_brand":[],"product_cat":[118],"product_tag":[],"class_list":{"0":"post-546","1":"product","2":"type-product","3":"status-publish","4":"has-post-thumbnail","6":"product_cat-beton-ve-harc-katkilari","8":"first","9":"instock","10":"taxable","11":"shipping-taxable","12":"product-type-simple"},"_links":{"self":[{"href":"https:\/\/gonenyapi.com.tr\/index.php\/wp-json\/wp\/v2\/product\/546","targetHints":{"allow":["GET"]}}],"collection":[{"href":"https:\/\/gonenyapi.com.tr\/index.php\/wp-json\/wp\/v2\/product"}],"about":[{"href":"https:\/\/gonenyapi.com.tr\/index.php\/wp-json\/wp\/v2\/types\/product"}],"replies":[{"embeddable":true,"href":"https:\/\/gonenyapi.com.tr\/index.php\/wp-json\/wp\/v2\/comments?post=546"}],"wp:featuredmedia":[{"embeddable":true,"href":"https:\/\/gonenyapi.com.tr\/index.php\/wp-json\/wp\/v2\/media\/548"}],"wp:attachment":[{"href":"https:\/\/gonenyapi.com.tr\/index.php\/wp-json\/wp\/v2\/media?parent=546"}],"wp:term":[{"taxonomy":"product_brand","embeddable":true,"href":"https:\/\/gonenyapi.com.tr\/index.php\/wp-json\/wp\/v2\/product_brand?post=546"},{"taxonomy":"product_cat","embeddable":true,"href":"https:\/\/gonenyapi.com.tr\/index.php\/wp-json\/wp\/v2\/product_cat?post=546"},{"taxonomy":"product_tag","embeddable":true,"href":"https:\/\/gonenyapi.com.tr\/index.php\/wp-json\/wp\/v2\/product_tag?post=546"}],"curies":[{"name":"wp","href":"https:\/\/api.w.org\/{rel}","templated":true}]}}