{"id":422,"date":"2020-09-26T12:16:25","date_gmt":"2020-09-26T12:16:25","guid":{"rendered":"http:\/\/gonenyapi.com.tr\/?post_type=product&#038;p=422"},"modified":"2020-09-26T12:16:25","modified_gmt":"2020-09-26T12:16:25","slug":"alufix","status":"publish","type":"product","link":"https:\/\/gonenyapi.com.tr\/index.php\/urun\/alufix\/","title":{"rendered":"ALUF\u0130X"},"content":{"rendered":"<p><strong>Tan\u0131m\u0131 ve Kullan\u0131m Alanlar\u0131: <\/strong>Yans\u0131t\u0131c\u0131 al\u00fcminyum ihtiva eden koruyucu bir bit\u00fcm sol\u00fcsyonudur. Y\u00fcksek yans\u0131tma \u00f6zelli\u011fi sayesinde s\u00fcr\u00fcld\u00fc\u011f\u00fc binalar\u0131n i\u00e7 y\u00fczeylerinin daha serin kalmas\u0131n\u0131 sa\u011flar.<\/p>\n<p>D\u0131\u015f mekanlarda, yatay ve d\u00fc\u015fey y\u00fczeylerde, yaln\u0131zca bit\u00fcml\u00fc \u00fcr\u00fcnler ile su yal\u0131t\u0131m\u0131 yap\u0131lm\u0131\u015f y\u00fczeylerin zararl\u0131 UV \u0131\u015f\u0131nlar\u0131ndan korunmas\u0131 amac\u0131yla kullan\u0131l\u0131r. Cami kubbesi, binalar\u0131n kuzey duvarlar\u0131, prefabrike su oluklar\u0131 \u00fczerine yans\u0131t\u0131c\u0131 ve dekoratif ama\u00e7l\u0131 olarak kullan\u0131labilir. Su tanklar\u0131n\u0131n ve di\u011fer yap\u0131 elemanlar\u0131n\u0131n \u00fczerine s\u00fcr\u00fclerek \u0131s\u0131 birikimini azaltmak i\u00e7in kullan\u0131l\u0131r.<\/p>\n<p><strong>\u00d6zellikleri<\/strong>: Bit\u00fcml\u00fc su yal\u0131t\u0131m\u0131 \u00fcr\u00fcnlerinin maruz kald\u0131\u011f\u0131 UV \u0131\u015f\u0131nlar\u0131n\u0131n zararlar\u0131n\u0131 azalt\u0131r, su yal\u0131t\u0131m\u0131nda olu\u015fan \u00e7atlaklar\u0131n kolayca fark edilmesini sa\u011flar. Dekoratiftir. Al\u00fcminyum rengi ile bit\u00fcml\u00fc su yal\u0131t\u0131m \u00fcr\u00fcnlerinin istenmeyen siyah renginin \u00fczerini \u00f6rter. Y\u00fcksek yap\u0131\u015fma kuvveti sayesinde bit\u00fcml\u00fc \u00fcr\u00fcnlerin \u00fczerine m\u00fckemmel yap\u0131\u015f\u0131r.<\/p>\n<p>Tek bile\u015fenlidir, solvent bazl\u0131d\u0131r. S\u00fcr\u00fcld\u00fc\u011f\u00fc y\u00fczeylerde h\u0131zla kurur.<\/p>\n<p><strong>\u00dcr\u00fcn Kodu: <\/strong> 17kg:66317<\/p>\n<p><strong>Bay\u0131nd\u0131rl\u0131k Poz No: <\/strong>04.626\/07D<\/p>\n","protected":false},"excerpt":{"rendered":"<h1>Al\u00fcminyum Bit\u00fcm Esasl\u0131 Yans\u0131t\u0131c\u0131 Boya<\/h1>\n","protected":false},"featured_media":423,"comment_status":"closed","ping_status":"closed","template":"","meta":[],"product_brand":[],"product_cat":[84],"product_tag":[],"class_list":{"0":"post-422","1":"product","2":"type-product","3":"status-publish","4":"has-post-thumbnail","6":"product_cat-bitum-esasli-su-yalitim-malzemeleri","8":"first","9":"instock","10":"taxable","11":"shipping-taxable","12":"product-type-simple"},"_links":{"self":[{"href":"https:\/\/gonenyapi.com.tr\/index.php\/wp-json\/wp\/v2\/product\/422","targetHints":{"allow":["GET"]}}],"collection":[{"href":"https:\/\/gonenyapi.com.tr\/index.php\/wp-json\/wp\/v2\/product"}],"about":[{"href":"https:\/\/gonenyapi.com.tr\/index.php\/wp-json\/wp\/v2\/types\/product"}],"replies":[{"embeddable":true,"href":"https:\/\/gonenyapi.com.tr\/index.php\/wp-json\/wp\/v2\/comments?post=422"}],"wp:featuredmedia":[{"embeddable":true,"href":"https:\/\/gonenyapi.com.tr\/index.php\/wp-json\/wp\/v2\/media\/423"}],"wp:attachment":[{"href":"https:\/\/gonenyapi.com.tr\/index.php\/wp-json\/wp\/v2\/media?parent=422"}],"wp:term":[{"taxonomy":"product_brand","embeddable":true,"href":"https:\/\/gonenyapi.com.tr\/index.php\/wp-json\/wp\/v2\/product_brand?post=422"},{"taxonomy":"product_cat","embeddable":true,"href":"https:\/\/gonenyapi.com.tr\/index.php\/wp-json\/wp\/v2\/product_cat?post=422"},{"taxonomy":"product_tag","embeddable":true,"href":"https:\/\/gonenyapi.com.tr\/index.php\/wp-json\/wp\/v2\/product_tag?post=422"}],"curies":[{"name":"wp","href":"https:\/\/api.w.org\/{rel}","templated":true}]}}