{"id":419,"date":"2020-09-26T12:15:13","date_gmt":"2020-09-26T12:15:13","guid":{"rendered":"http:\/\/gonenyapi.com.tr\/?post_type=product&#038;p=419"},"modified":"2020-09-26T12:15:13","modified_gmt":"2020-09-26T12:15:13","slug":"bitumfix-elastik-antiroot","status":"publish","type":"product","link":"https:\/\/gonenyapi.com.tr\/index.php\/urun\/bitumfix-elastik-antiroot\/","title":{"rendered":"B\u0130T\u00dcMF\u0130X ELAST\u0130K ANTIROOT"},"content":{"rendered":"<p><strong>Tan\u0131m\u0131 ve Kullan\u0131m Alanlar\u0131: <\/strong>\u00d6zellikle toprak alt\u0131nda kalan yap\u0131 ve temellerin su yal\u0131t\u0131m\u0131 i\u00e7in tasarlanm\u0131\u015f, bitki k\u00f6klerine dayan\u0131kl\u0131 bir su yal\u0131t\u0131m malzemesidir. <strong>Kaplaman\u0131n bitki k\u00f6kleri taraf\u0131ndan delinmesini engeller<\/strong>. \u0130\u00e7 ve d\u0131\u015f mekanlarda, yatay ve d\u00fc\u015fey y\u00fczeylerde uygulan\u0131r. Teras bah\u00e7elerin, \u00e7at\u0131lar\u0131n, balkonlar\u0131n ve \u00e7i\u00e7eklik i\u00e7lerinin yal\u0131t\u0131m\u0131nda, a\u011fa\u00e7land\u0131r\u0131lm\u0131\u015f ve bitki ekilmi\u015f ye\u015fil teras uygulamalar\u0131nda, temel, mahzen, bodrum gibi binalar\u0131n alt katlar\u0131n\u0131n veya yeralt\u0131 garajlar\u0131n\u0131n su yal\u0131t\u0131m\u0131nda, istinat ve perde duvarlar\u0131n\u0131n zemin nemi ve s\u0131z\u0131nt\u0131 sular\u0131na kar\u015f\u0131 korunmas\u0131nda, galeri, drenaj ve su kanallar\u0131n\u0131n suya ve rutubete kar\u015f\u0131 izolasyonunda ve park alanlar\u0131nda kullan\u0131l\u0131r. Her t\u00fcrl\u00fc y\u00fczeye m\u00fckemmel yap\u0131\u015f\u0131r.<\/p>\n<p><strong>\u00d6zellikleri<\/strong>: Modifiye bit\u00fcm esasl\u0131d\u0131r. Tek bile\u015fenlidir, kullan\u0131ma haz\u0131rd\u0131r. Solvent bazl\u0131d\u0131r. Kal\u0131c\u0131 elastikiyeti vard\u0131r, k\u0131lcal \u00e7atlaklar\u0131 kapat\u0131r. Yakla\u015f\u0131k %1000 elastikiyet \u00f6zelli\u011fine sahiptir. So\u011fuk uygulamal\u0131d\u0131r, k\u0131sa s\u00fcrede kurur.<\/p>\n<p>Pozitif su bas\u0131nc\u0131na dayan\u0131kl\u0131d\u0131r.<\/p>\n<p><strong>\u00dcr\u00fcn Kodu: <\/strong>66417<\/p>\n<p><strong>Bay\u0131nd\u0131rl\u0131k Poz No: <\/strong>04.626\/07E<\/p>\n","protected":false},"excerpt":{"rendered":"<h1>Bit\u00fcm Esasl\u0131 K\u00f6k Ge\u00e7irimsiz Elastik Su Yal\u0131t\u0131m Malzemesi &#8211; Solvent Bazl\u0131<\/h1>\n","protected":false},"featured_media":421,"comment_status":"closed","ping_status":"closed","template":"","meta":[],"product_brand":[],"product_cat":[84],"product_tag":[],"class_list":{"0":"post-419","1":"product","2":"type-product","3":"status-publish","4":"has-post-thumbnail","6":"product_cat-bitum-esasli-su-yalitim-malzemeleri","8":"first","9":"instock","10":"taxable","11":"shipping-taxable","12":"product-type-simple"},"_links":{"self":[{"href":"https:\/\/gonenyapi.com.tr\/index.php\/wp-json\/wp\/v2\/product\/419","targetHints":{"allow":["GET"]}}],"collection":[{"href":"https:\/\/gonenyapi.com.tr\/index.php\/wp-json\/wp\/v2\/product"}],"about":[{"href":"https:\/\/gonenyapi.com.tr\/index.php\/wp-json\/wp\/v2\/types\/product"}],"replies":[{"embeddable":true,"href":"https:\/\/gonenyapi.com.tr\/index.php\/wp-json\/wp\/v2\/comments?post=419"}],"wp:featuredmedia":[{"embeddable":true,"href":"https:\/\/gonenyapi.com.tr\/index.php\/wp-json\/wp\/v2\/media\/421"}],"wp:attachment":[{"href":"https:\/\/gonenyapi.com.tr\/index.php\/wp-json\/wp\/v2\/media?parent=419"}],"wp:term":[{"taxonomy":"product_brand","embeddable":true,"href":"https:\/\/gonenyapi.com.tr\/index.php\/wp-json\/wp\/v2\/product_brand?post=419"},{"taxonomy":"product_cat","embeddable":true,"href":"https:\/\/gonenyapi.com.tr\/index.php\/wp-json\/wp\/v2\/product_cat?post=419"},{"taxonomy":"product_tag","embeddable":true,"href":"https:\/\/gonenyapi.com.tr\/index.php\/wp-json\/wp\/v2\/product_tag?post=419"}],"curies":[{"name":"wp","href":"https:\/\/api.w.org\/{rel}","templated":true}]}}