{"id":417,"date":"2020-09-26T12:14:05","date_gmt":"2020-09-26T12:14:05","guid":{"rendered":"http:\/\/gonenyapi.com.tr\/?post_type=product&#038;p=417"},"modified":"2020-09-26T12:14:05","modified_gmt":"2020-09-26T12:14:05","slug":"bitumfix-elastik-w","status":"publish","type":"product","link":"https:\/\/gonenyapi.com.tr\/index.php\/urun\/bitumfix-elastik-w\/","title":{"rendered":"B\u0130T\u00dcMF\u0130X ELAST\u0130K W"},"content":{"rendered":"<p><strong>Tan\u0131m\u0131 ve Kullan\u0131m Alanlar\u0131: <\/strong>Elastik bir su yal\u0131t\u0131m malzemesidir. Is\u0131 yal\u0131t\u0131m levhalar\u0131n\u0131n bit\u00fcml\u00fc membranlara yap\u0131\u015ft\u0131r\u0131lmas\u0131nda kullan\u0131l\u0131r. \u0130\u00e7 ve d\u0131\u015f mekanlarda, yatay ve d\u00fc\u015fey y\u00fczeylerde uygulan\u0131r. Temel, mahzen, bodrum gibi binalar\u0131n alt katlar\u0131nda ve teras yal\u0131t\u0131mlar\u0131nda kaplama alt\u0131na kullanmaya uygundur. Her t\u00fcrl\u00fc y\u00fczeye m\u00fckemmel yap\u0131\u015f\u0131r.<\/p>\n<p><strong>\u00d6zellikleri<\/strong>: Modifiye bit\u00fcm esasl\u0131d\u0131r. Tek bile\u015fenlidir, kullan\u0131ma haz\u0131rd\u0131r. Kal\u0131c\u0131 elastikiyeti vard\u0131r, k\u0131lcal \u00e7atlaklar\u0131 kapat\u0131r. \u00c7\u00f6z\u00fcc\u00fc i\u00e7ermez, \u00e7evre dostudur.<\/p>\n<p>Pozitif su bas\u0131nc\u0131na dayan\u0131kl\u0131d\u0131r. So\u011fuk uygulamal\u0131d\u0131r, k\u0131sa s\u00fcrede kurur. D\u00fc\u015fey y\u00fczeylerde sarkma ve akma yapmaz. Yan\u0131c\u0131 ve zehirli maddeler ihtiva etmedi\u011finden, kapal\u0131 yerlerde g\u00fcvenle kullan\u0131labilir.<\/p>\n<p><strong>\u00dcr\u00fcn Kodu: <\/strong>66217<\/p>\n<p><strong>Bay\u0131nd\u0131rl\u0131k Poz No: <\/strong>04.626\/07E<\/p>\n","protected":false},"excerpt":{"rendered":"<h1>Bit\u00fcm Esasl\u0131 Elastik Su Yal\u0131t\u0131m Malzemesi &#8211; Su Bazl\u0131<\/h1>\n","protected":false},"featured_media":420,"comment_status":"closed","ping_status":"closed","template":"","meta":[],"product_brand":[],"product_cat":[84],"product_tag":[],"class_list":{"0":"post-417","1":"product","2":"type-product","3":"status-publish","4":"has-post-thumbnail","6":"product_cat-bitum-esasli-su-yalitim-malzemeleri","8":"first","9":"instock","10":"taxable","11":"shipping-taxable","12":"product-type-simple"},"_links":{"self":[{"href":"https:\/\/gonenyapi.com.tr\/index.php\/wp-json\/wp\/v2\/product\/417","targetHints":{"allow":["GET"]}}],"collection":[{"href":"https:\/\/gonenyapi.com.tr\/index.php\/wp-json\/wp\/v2\/product"}],"about":[{"href":"https:\/\/gonenyapi.com.tr\/index.php\/wp-json\/wp\/v2\/types\/product"}],"replies":[{"embeddable":true,"href":"https:\/\/gonenyapi.com.tr\/index.php\/wp-json\/wp\/v2\/comments?post=417"}],"wp:featuredmedia":[{"embeddable":true,"href":"https:\/\/gonenyapi.com.tr\/index.php\/wp-json\/wp\/v2\/media\/420"}],"wp:attachment":[{"href":"https:\/\/gonenyapi.com.tr\/index.php\/wp-json\/wp\/v2\/media?parent=417"}],"wp:term":[{"taxonomy":"product_brand","embeddable":true,"href":"https:\/\/gonenyapi.com.tr\/index.php\/wp-json\/wp\/v2\/product_brand?post=417"},{"taxonomy":"product_cat","embeddable":true,"href":"https:\/\/gonenyapi.com.tr\/index.php\/wp-json\/wp\/v2\/product_cat?post=417"},{"taxonomy":"product_tag","embeddable":true,"href":"https:\/\/gonenyapi.com.tr\/index.php\/wp-json\/wp\/v2\/product_tag?post=417"}],"curies":[{"name":"wp","href":"https:\/\/api.w.org\/{rel}","templated":true}]}}