{"id":414,"date":"2020-09-26T12:11:24","date_gmt":"2020-09-26T12:11:24","guid":{"rendered":"http:\/\/gonenyapi.com.tr\/?post_type=product&#038;p=414"},"modified":"2020-09-26T12:11:24","modified_gmt":"2020-09-26T12:11:24","slug":"bitumfix-w","status":"publish","type":"product","link":"https:\/\/gonenyapi.com.tr\/index.php\/urun\/bitumfix-w\/","title":{"rendered":"B\u0130T\u00dcMF\u0130X W"},"content":{"rendered":"<p><strong>Tan\u0131m\u0131 ve Kullan\u0131m Alanlar\u0131:<\/strong>\u00a0Modifiye bit\u00fcm ve kau\u00e7uk esasl\u0131, tek bile\u015fenli, su bazl\u0131 bir su yal\u0131t\u0131m malzemesidir. Yap\u0131s\u0131ndaki suyun buharla\u015fmas\u0131ndan sonra uyguland\u0131\u011f\u0131 y\u00fczeye kuvvetli bir \u015fekilde yap\u0131\u015farak suya ve neme kar\u015f\u0131 dayan\u0131kl\u0131 bir tabaka olu\u015fturur. \u0130\u00e7 ve d\u0131\u015f mek\u00e2nlarda, yatay ve d\u00fc\u015fey y\u00fczeylerde, temel, mahzen, bodrum gibi binalar\u0131n alt katlar\u0131nda s\u0131z\u0131nt\u0131 sular\u0131n\u0131n izolasyonunda, \u0131s\u0131 yal\u0131t\u0131m levhalar\u0131n\u0131n bit\u00fcml\u00fc membranlara yap\u0131\u015ft\u0131r\u0131lmas\u0131nda, teras yal\u0131t\u0131mlar\u0131nda kaplama alt\u0131na kullan\u0131l\u0131r.<\/p>\n<p><strong>\u00d6zellikleri:\u00a0<\/strong>Ekonomiktir, kullan\u0131ma haz\u0131rd\u0131r. Su ile inceltilerek astar olarak kullan\u0131labilir. \u00c7\u00f6z\u00fcc\u00fc i\u00e7ermez, \u00e7evre dostudur. Yan\u0131c\u0131 ve zehirli maddeler ihtiva etmedi\u011finden, kapal\u0131 yerlerde g\u00fcvenle kullan\u0131labilir. Nemli y\u00fczeylere de yap\u0131\u015fma sa\u011flar. Eksiz ve derzsiz bir su yal\u0131t\u0131m\u0131 sa\u011flar. Pozitif su bas\u0131nc\u0131na dayan\u0131kl\u0131d\u0131r. K\u0131lcal \u00e7atlaklar\u0131 kapat\u0131r. So\u011fuk uygulamal\u0131d\u0131r, k\u0131sa s\u00fcrede kurur. D\u00fc\u015fey y\u00fczeylerde sarkma ve akma yapmaz.<\/p>\n<p><strong>\u00dcr\u00fcn Kodu: <\/strong>66516<\/p>\n<p><strong>Bay\u0131nd\u0131rl\u0131k Poz No: <\/strong>19.082\/1<\/p>\n","protected":false},"excerpt":{"rendered":"<h1>Bit\u00fcm Esasl\u0131 Su Yal\u0131t\u0131m Malzemesi &#8211; Su Bazl\u0131<\/h1>\n","protected":false},"featured_media":415,"comment_status":"closed","ping_status":"closed","template":"","meta":[],"product_brand":[],"product_cat":[84],"product_tag":[],"class_list":{"0":"post-414","1":"product","2":"type-product","3":"status-publish","4":"has-post-thumbnail","6":"product_cat-bitum-esasli-su-yalitim-malzemeleri","8":"first","9":"instock","10":"taxable","11":"shipping-taxable","12":"product-type-simple"},"_links":{"self":[{"href":"https:\/\/gonenyapi.com.tr\/index.php\/wp-json\/wp\/v2\/product\/414","targetHints":{"allow":["GET"]}}],"collection":[{"href":"https:\/\/gonenyapi.com.tr\/index.php\/wp-json\/wp\/v2\/product"}],"about":[{"href":"https:\/\/gonenyapi.com.tr\/index.php\/wp-json\/wp\/v2\/types\/product"}],"replies":[{"embeddable":true,"href":"https:\/\/gonenyapi.com.tr\/index.php\/wp-json\/wp\/v2\/comments?post=414"}],"wp:featuredmedia":[{"embeddable":true,"href":"https:\/\/gonenyapi.com.tr\/index.php\/wp-json\/wp\/v2\/media\/415"}],"wp:attachment":[{"href":"https:\/\/gonenyapi.com.tr\/index.php\/wp-json\/wp\/v2\/media?parent=414"}],"wp:term":[{"taxonomy":"product_brand","embeddable":true,"href":"https:\/\/gonenyapi.com.tr\/index.php\/wp-json\/wp\/v2\/product_brand?post=414"},{"taxonomy":"product_cat","embeddable":true,"href":"https:\/\/gonenyapi.com.tr\/index.php\/wp-json\/wp\/v2\/product_cat?post=414"},{"taxonomy":"product_tag","embeddable":true,"href":"https:\/\/gonenyapi.com.tr\/index.php\/wp-json\/wp\/v2\/product_tag?post=414"}],"curies":[{"name":"wp","href":"https:\/\/api.w.org\/{rel}","templated":true}]}}