{"id":412,"date":"2020-09-26T12:07:10","date_gmt":"2020-09-26T12:07:10","guid":{"rendered":"http:\/\/gonenyapi.com.tr\/?post_type=product&#038;p=412"},"modified":"2020-09-26T12:07:10","modified_gmt":"2020-09-26T12:07:10","slug":"bitumfix-wp-basic","status":"publish","type":"product","link":"https:\/\/gonenyapi.com.tr\/index.php\/urun\/bitumfix-wp-basic\/","title":{"rendered":"B\u0130T\u00dcMF\u0130X WP BASIC"},"content":{"rendered":"<p><strong>Tan\u0131m\u0131 ve Kullan\u0131m Alanlar\u0131:<\/strong> Kullan\u0131ma haz\u0131r bir astar malzemesidir. Su ve bit\u00fcm\u00fcn \u00f6zel metotlarla kar\u0131\u015ft\u0131r\u0131lmas\u0131yla elde edilir. Her t\u00fcrl\u00fc bit\u00fcml\u00fc malzeme uygulamas\u0131 \u00f6ncesinde astar g\u00f6revini g\u00f6r\u00fcr. B\u00fcnyesindeki su buharla\u015ft\u0131ktan sonra, s\u00fcr\u00fcld\u00fc\u011f\u00fc y\u00fczeyde yap\u0131\u015fma artt\u0131r\u0131c\u0131 bir tabaka olu\u015fturur. \u0130\u00e7 ve d\u0131\u015f mekanlarda, yatay ve d\u00fc\u015fey y\u00fczeylerde uygulan\u0131r.<\/p>\n<p><strong>\u00d6zellikleri: <\/strong>\u00dcst\u00fcn yap\u0131\u015fma \u00f6zelli\u011fi sayesinde \u00fczerine kaplanan bit\u00fcml\u00fc malzemelerin y\u00fczeye daha s\u0131k\u0131 ve bo\u015fluksuz yap\u0131\u015fmas\u0131n\u0131 sa\u011flar.<\/p>\n<p>Kullan\u0131ma haz\u0131r, so\u011fuk uygulamal\u0131d\u0131r. Is\u0131tma gerektirmez. Su bazl\u0131 oldu\u011fundan \u00e7evre dostudur. Yan\u0131c\u0131 ve zehirli maddeler ihtiva etmez.<\/p>\n<p>\u00c7ok ekonomiktir.<\/p>\n<p><strong>\u00dcr\u00fcn Kodu: <\/strong>66016<\/p>\n<p><strong>Bay\u0131nd\u0131rl\u0131k Poz No: <\/strong> 04.611<\/p>\n","protected":false},"excerpt":{"rendered":"<h1>Bit\u00fcm Esasl\u0131 Membran Astar\u0131<\/h1>\n","protected":false},"featured_media":413,"comment_status":"closed","ping_status":"closed","template":"","meta":[],"product_brand":[],"product_cat":[84],"product_tag":[],"class_list":{"0":"post-412","1":"product","2":"type-product","3":"status-publish","4":"has-post-thumbnail","6":"product_cat-bitum-esasli-su-yalitim-malzemeleri","8":"first","9":"instock","10":"taxable","11":"shipping-taxable","12":"product-type-simple"},"_links":{"self":[{"href":"https:\/\/gonenyapi.com.tr\/index.php\/wp-json\/wp\/v2\/product\/412","targetHints":{"allow":["GET"]}}],"collection":[{"href":"https:\/\/gonenyapi.com.tr\/index.php\/wp-json\/wp\/v2\/product"}],"about":[{"href":"https:\/\/gonenyapi.com.tr\/index.php\/wp-json\/wp\/v2\/types\/product"}],"replies":[{"embeddable":true,"href":"https:\/\/gonenyapi.com.tr\/index.php\/wp-json\/wp\/v2\/comments?post=412"}],"wp:featuredmedia":[{"embeddable":true,"href":"https:\/\/gonenyapi.com.tr\/index.php\/wp-json\/wp\/v2\/media\/413"}],"wp:attachment":[{"href":"https:\/\/gonenyapi.com.tr\/index.php\/wp-json\/wp\/v2\/media?parent=412"}],"wp:term":[{"taxonomy":"product_brand","embeddable":true,"href":"https:\/\/gonenyapi.com.tr\/index.php\/wp-json\/wp\/v2\/product_brand?post=412"},{"taxonomy":"product_cat","embeddable":true,"href":"https:\/\/gonenyapi.com.tr\/index.php\/wp-json\/wp\/v2\/product_cat?post=412"},{"taxonomy":"product_tag","embeddable":true,"href":"https:\/\/gonenyapi.com.tr\/index.php\/wp-json\/wp\/v2\/product_tag?post=412"}],"curies":[{"name":"wp","href":"https:\/\/api.w.org\/{rel}","templated":true}]}}