{"id":339,"date":"2020-09-25T13:24:21","date_gmt":"2020-09-25T13:24:21","guid":{"rendered":"http:\/\/gonenyapi.com.tr\/?post_type=product&#038;p=339"},"modified":"2020-09-25T13:24:21","modified_gmt":"2020-09-25T13:24:21","slug":"gecis-kiremidi","status":"publish","type":"product","link":"https:\/\/gonenyapi.com.tr\/index.php\/urun\/gecis-kiremidi\/","title":{"rendered":"Ge\u00e7i\u015f Kiremidi"},"content":{"rendered":"<div class=\"col-sm-12 col-xs-12 col-md-12 col-lg- moduleCol moduleCol388 \">\n<p>\u00c7at\u0131 \u00fczerinde kullan\u0131lacak baca, anten, paratoner vb. ba\u011flant\u0131lar\u0131n tam su ge\u00e7irimsizlik sa\u011flayacak \u015fekilde \u00e7at\u0131 alt yap\u0131s\u0131na monte edilmesini sa\u011flar.<\/p>\n<p><strong>Delik \u00c7ap\u0131: <\/strong>12 cm.<\/p>\n<p><strong>Boyut: <\/strong>33X42 cm.<\/p>\n<\/div>\n","protected":false},"excerpt":{"rendered":"<div class=\"col-sm-12 col-xs-12 col-md-12 col-lg- moduleCol moduleCol388 \">\n<p>\u00c7at\u0131 \u00fczerinde kullan\u0131lacak baca, anten, paratoner vb. ba\u011flant\u0131lar\u0131n tam su ge\u00e7irimsizlik sa\u011flayacak \u015fekilde \u00e7at\u0131 alt yap\u0131s\u0131na monte edilmesini sa\u011flar.<\/p>\n<p><strong>Delik \u00c7ap\u0131: <\/strong>12 cm.<\/p>\n<p><strong>Boyut: <\/strong>33X42 cm.<\/p>\n<\/div>\n","protected":false},"featured_media":340,"comment_status":"closed","ping_status":"closed","template":"","meta":[],"product_brand":[],"product_cat":[69],"product_tag":[70],"class_list":{"0":"post-339","1":"product","2":"type-product","3":"status-publish","4":"has-post-thumbnail","6":"product_cat-uzman-kiremit","7":"product_tag-kiremit","9":"first","10":"instock","11":"taxable","12":"shipping-taxable","13":"product-type-simple"},"_links":{"self":[{"href":"https:\/\/gonenyapi.com.tr\/index.php\/wp-json\/wp\/v2\/product\/339","targetHints":{"allow":["GET"]}}],"collection":[{"href":"https:\/\/gonenyapi.com.tr\/index.php\/wp-json\/wp\/v2\/product"}],"about":[{"href":"https:\/\/gonenyapi.com.tr\/index.php\/wp-json\/wp\/v2\/types\/product"}],"replies":[{"embeddable":true,"href":"https:\/\/gonenyapi.com.tr\/index.php\/wp-json\/wp\/v2\/comments?post=339"}],"wp:featuredmedia":[{"embeddable":true,"href":"https:\/\/gonenyapi.com.tr\/index.php\/wp-json\/wp\/v2\/media\/340"}],"wp:attachment":[{"href":"https:\/\/gonenyapi.com.tr\/index.php\/wp-json\/wp\/v2\/media?parent=339"}],"wp:term":[{"taxonomy":"product_brand","embeddable":true,"href":"https:\/\/gonenyapi.com.tr\/index.php\/wp-json\/wp\/v2\/product_brand?post=339"},{"taxonomy":"product_cat","embeddable":true,"href":"https:\/\/gonenyapi.com.tr\/index.php\/wp-json\/wp\/v2\/product_cat?post=339"},{"taxonomy":"product_tag","embeddable":true,"href":"https:\/\/gonenyapi.com.tr\/index.php\/wp-json\/wp\/v2\/product_tag?post=339"}],"curies":[{"name":"wp","href":"https:\/\/api.w.org\/{rel}","templated":true}]}}