{"id":337,"date":"2020-09-25T13:23:12","date_gmt":"2020-09-25T13:23:12","guid":{"rendered":"http:\/\/gonenyapi.com.tr\/?post_type=product&#038;p=337"},"modified":"2020-09-25T13:23:12","modified_gmt":"2020-09-25T13:23:12","slug":"yan-sacak-kiremiti","status":"publish","type":"product","link":"https:\/\/gonenyapi.com.tr\/index.php\/urun\/yan-sacak-kiremiti\/","title":{"rendered":"Yan Sa\u00e7ak Kiremiti"},"content":{"rendered":"<div class=\"col-sm-12 col-xs-12 col-md-12 col-lg- moduleCol moduleCol355 \">\n<p>Be\u015fik \u00e7at\u0131 sa\u00e7aklar\u0131nda ve g\u00fcvercinlik al\u0131nlar\u0131nda kiremit \u00f6rt\u00fcs\u00fcn\u00fc sonland\u0131rmak i\u00e7in kullan\u0131l\u0131r.<\/p>\n<p><strong>Sarfiyat: <\/strong>Yakla\u015f\u0131k 3 adet\/m.<\/p>\n<\/div>\n","protected":false},"excerpt":{"rendered":"<div class=\"col-sm-12 col-xs-12 col-md-12 col-lg- moduleCol moduleCol355 \">\n<p>Be\u015fik \u00e7at\u0131 sa\u00e7aklar\u0131nda ve g\u00fcvercinlik al\u0131nlar\u0131nda kiremit \u00f6rt\u00fcs\u00fcn\u00fc sonland\u0131rmak i\u00e7in kullan\u0131l\u0131r.<\/p>\n<p><strong>Sarfiyat: <\/strong>Yakla\u015f\u0131k 3 adet\/m.<\/p>\n<\/div>\n","protected":false},"featured_media":338,"comment_status":"closed","ping_status":"closed","template":"","meta":[],"product_brand":[],"product_cat":[69],"product_tag":[70],"class_list":{"0":"post-337","1":"product","2":"type-product","3":"status-publish","4":"has-post-thumbnail","6":"product_cat-uzman-kiremit","7":"product_tag-kiremit","9":"first","10":"instock","11":"taxable","12":"shipping-taxable","13":"product-type-simple"},"_links":{"self":[{"href":"https:\/\/gonenyapi.com.tr\/index.php\/wp-json\/wp\/v2\/product\/337","targetHints":{"allow":["GET"]}}],"collection":[{"href":"https:\/\/gonenyapi.com.tr\/index.php\/wp-json\/wp\/v2\/product"}],"about":[{"href":"https:\/\/gonenyapi.com.tr\/index.php\/wp-json\/wp\/v2\/types\/product"}],"replies":[{"embeddable":true,"href":"https:\/\/gonenyapi.com.tr\/index.php\/wp-json\/wp\/v2\/comments?post=337"}],"wp:featuredmedia":[{"embeddable":true,"href":"https:\/\/gonenyapi.com.tr\/index.php\/wp-json\/wp\/v2\/media\/338"}],"wp:attachment":[{"href":"https:\/\/gonenyapi.com.tr\/index.php\/wp-json\/wp\/v2\/media?parent=337"}],"wp:term":[{"taxonomy":"product_brand","embeddable":true,"href":"https:\/\/gonenyapi.com.tr\/index.php\/wp-json\/wp\/v2\/product_brand?post=337"},{"taxonomy":"product_cat","embeddable":true,"href":"https:\/\/gonenyapi.com.tr\/index.php\/wp-json\/wp\/v2\/product_cat?post=337"},{"taxonomy":"product_tag","embeddable":true,"href":"https:\/\/gonenyapi.com.tr\/index.php\/wp-json\/wp\/v2\/product_tag?post=337"}],"curies":[{"name":"wp","href":"https:\/\/api.w.org\/{rel}","templated":true}]}}