{"id":329,"date":"2020-09-25T13:18:09","date_gmt":"2020-09-25T13:18:09","guid":{"rendered":"http:\/\/gonenyapi.com.tr\/?post_type=product&#038;p=329"},"modified":"2020-09-25T13:18:09","modified_gmt":"2020-09-25T13:18:09","slug":"mahya-baslangic-kiremiti","status":"publish","type":"product","link":"https:\/\/gonenyapi.com.tr\/index.php\/urun\/mahya-baslangic-kiremiti\/","title":{"rendered":"Mahya Ba\u015flang\u0131\u00e7 Kiremiti"},"content":{"rendered":"<div class=\"col-sm-12 col-xs-12 col-md-12 col-lg- moduleCol moduleCol339 \">\n<p>Mahya hatt\u0131n\u0131n ba\u015flang\u0131c\u0131nda veya sonunda kullan\u0131l\u0131r. Mahya kiremiti ile uyum sa\u011flayacak \u015fekilde tespit edilir.<\/p>\n<p><strong>A\u011f\u0131rl\u0131k:<\/strong> 3.60 kg<\/p>\n<\/div>\n","protected":false},"excerpt":{"rendered":"<div class=\"col-sm-12 col-xs-12 col-md-12 col-lg- moduleCol moduleCol339 \">\n<p>Mahya hatt\u0131n\u0131n ba\u015flang\u0131c\u0131nda veya sonunda kullan\u0131l\u0131r. Mahya kiremiti ile uyum sa\u011flayacak \u015fekilde tespit edilir.<\/p>\n<p><strong>A\u011f\u0131rl\u0131k:<\/strong> 3.60 kg<\/p>\n<\/div>\n","protected":false},"featured_media":330,"comment_status":"closed","ping_status":"closed","template":"","meta":[],"product_brand":[],"product_cat":[69],"product_tag":[70],"class_list":{"0":"post-329","1":"product","2":"type-product","3":"status-publish","4":"has-post-thumbnail","6":"product_cat-uzman-kiremit","7":"product_tag-kiremit","9":"first","10":"instock","11":"taxable","12":"shipping-taxable","13":"product-type-simple"},"_links":{"self":[{"href":"https:\/\/gonenyapi.com.tr\/index.php\/wp-json\/wp\/v2\/product\/329","targetHints":{"allow":["GET"]}}],"collection":[{"href":"https:\/\/gonenyapi.com.tr\/index.php\/wp-json\/wp\/v2\/product"}],"about":[{"href":"https:\/\/gonenyapi.com.tr\/index.php\/wp-json\/wp\/v2\/types\/product"}],"replies":[{"embeddable":true,"href":"https:\/\/gonenyapi.com.tr\/index.php\/wp-json\/wp\/v2\/comments?post=329"}],"wp:featuredmedia":[{"embeddable":true,"href":"https:\/\/gonenyapi.com.tr\/index.php\/wp-json\/wp\/v2\/media\/330"}],"wp:attachment":[{"href":"https:\/\/gonenyapi.com.tr\/index.php\/wp-json\/wp\/v2\/media?parent=329"}],"wp:term":[{"taxonomy":"product_brand","embeddable":true,"href":"https:\/\/gonenyapi.com.tr\/index.php\/wp-json\/wp\/v2\/product_brand?post=329"},{"taxonomy":"product_cat","embeddable":true,"href":"https:\/\/gonenyapi.com.tr\/index.php\/wp-json\/wp\/v2\/product_cat?post=329"},{"taxonomy":"product_tag","embeddable":true,"href":"https:\/\/gonenyapi.com.tr\/index.php\/wp-json\/wp\/v2\/product_tag?post=329"}],"curies":[{"name":"wp","href":"https:\/\/api.w.org\/{rel}","templated":true}]}}