{"id":290,"date":"2020-09-20T19:25:20","date_gmt":"2020-09-20T19:25:20","guid":{"rendered":"http:\/\/gonenyapi.com.tr\/?post_type=product&#038;p=290"},"modified":"2020-09-20T19:25:20","modified_gmt":"2020-09-20T19:25:20","slug":"testere","status":"publish","type":"product","link":"https:\/\/gonenyapi.com.tr\/index.php\/urun\/testere\/","title":{"rendered":"Testere"},"content":{"rendered":"<p>Ytong bloklar\u0131n\u0131 kesmeye yarayan geni\u015f di\u015fli testeredir. Duvar \u00f6r\u00fcm\u00fcnde gerekti\u011finde Ytong bloklar testere ve g\u00f6nye yard\u0131m\u0131yla kolayca ve istenilen boyutlarda d\u00fczg\u00fcnce kesilebilir.<\/p>\n","protected":false},"excerpt":{"rendered":"<p>Ytong bloklar\u0131n\u0131 kesmeye yarayan geni\u015f di\u015fli testeredir.<\/p>\n","protected":false},"featured_media":291,"comment_status":"closed","ping_status":"closed","template":"","meta":[],"product_brand":[],"product_cat":[66],"product_tag":[67,62],"class_list":{"0":"post-290","1":"product","2":"type-product","3":"status-publish","4":"has-post-thumbnail","6":"product_cat-el-aletleri","7":"product_tag-testere","8":"product_tag-ytong","10":"first","11":"instock","12":"taxable","13":"shipping-taxable","14":"product-type-simple"},"_links":{"self":[{"href":"https:\/\/gonenyapi.com.tr\/index.php\/wp-json\/wp\/v2\/product\/290","targetHints":{"allow":["GET"]}}],"collection":[{"href":"https:\/\/gonenyapi.com.tr\/index.php\/wp-json\/wp\/v2\/product"}],"about":[{"href":"https:\/\/gonenyapi.com.tr\/index.php\/wp-json\/wp\/v2\/types\/product"}],"replies":[{"embeddable":true,"href":"https:\/\/gonenyapi.com.tr\/index.php\/wp-json\/wp\/v2\/comments?post=290"}],"wp:featuredmedia":[{"embeddable":true,"href":"https:\/\/gonenyapi.com.tr\/index.php\/wp-json\/wp\/v2\/media\/291"}],"wp:attachment":[{"href":"https:\/\/gonenyapi.com.tr\/index.php\/wp-json\/wp\/v2\/media?parent=290"}],"wp:term":[{"taxonomy":"product_brand","embeddable":true,"href":"https:\/\/gonenyapi.com.tr\/index.php\/wp-json\/wp\/v2\/product_brand?post=290"},{"taxonomy":"product_cat","embeddable":true,"href":"https:\/\/gonenyapi.com.tr\/index.php\/wp-json\/wp\/v2\/product_cat?post=290"},{"taxonomy":"product_tag","embeddable":true,"href":"https:\/\/gonenyapi.com.tr\/index.php\/wp-json\/wp\/v2\/product_tag?post=290"}],"curies":[{"name":"wp","href":"https:\/\/api.w.org\/{rel}","templated":true}]}}