{"id":283,"date":"2020-09-20T19:13:31","date_gmt":"2020-09-20T19:13:31","guid":{"rendered":"http:\/\/gonenyapi.com.tr\/?post_type=product&#038;p=283"},"modified":"2020-09-20T19:13:31","modified_gmt":"2020-09-20T19:13:31","slug":"ytong-blok","status":"publish","type":"product","link":"https:\/\/gonenyapi.com.tr\/index.php\/urun\/ytong-blok\/","title":{"rendered":"Ytong Blok"},"content":{"rendered":"<div class=\"product-description\">\n<div class=\"product-title\">\n<h3>Ytong Blok<\/h3>\n<\/div>\n<p class=\"m-t-10 m-b-0\">Ytong Blok; y\u00fcksek \u0131s\u0131 yal\u0131t\u0131m \u00f6zelli\u011fine sahip, mineral esasl\u0131, yanmaz bir duvar malzemesidir. T\u00fcm yap\u0131 sistemlerinde d\u0131\u015f ve i\u00e7 dolgu duvarlar\u0131n yap\u0131m\u0131nda, y\u0131\u011fma yap\u0131larda ta\u015f\u0131y\u0131c\u0131 d\u0131\u015f ve i\u00e7 duvar malzemesi olarak kullan\u0131l\u0131r. Yang\u0131n duvar\u0131 yap\u0131m\u0131 i\u00e7in de uygundur.<\/p>\n<div class=\"seperator m-t-0 m-b-10\"><\/div>\n<\/div>\n<div class=\"row\">\n<div class=\"col-md-6\">\n<h6>Yan\u0131c\u0131l\u0131k S\u0131n\u0131f\u0131<\/h6>\n<ul class=\"product-size\">\n<li><label> A1 <\/label><\/li>\n<\/ul>\n<\/div>\n<div class=\"col-md-6\">\n<h6>\u00dcr\u00fcn Standard\u0131<\/h6>\n<ul class=\"product-size\">\n<li><label> TS-EN 771-4 <\/label><\/li>\n<\/ul>\n<h4>\u00dcr\u00fcn \u00d6zellikleri:<\/h4>\n<div id=\"comments\" class=\"comments\">\n<div class=\"comment\">\n<p>Is\u0131 yal\u0131t\u0131m\u0131 ve yang\u0131n dayan\u0131m\u0131n\u0131n y\u00fcksekli\u011fi, \u00f6l\u00e7\u00fc sapmalar\u0131n\u0131n \u00e7ok az olmas\u0131, hafifli\u011fi, d\u00fczg\u00fcn y\u00fczeylere sahip olmas\u0131, yayg\u0131n \u00fcretim ve sat\u0131\u015f a\u011f\u0131 malzemenin avantajl\u0131 y\u00f6nleridir.<\/p>\n<p>Uygun kal\u0131nl\u0131kta kullan\u0131ld\u0131\u011f\u0131nda, \u00fczerine \u0131s\u0131 yal\u0131t\u0131m\u0131 \/ mantolama yapmadan, T\u00fcrkiye\u2019nin bir\u00e7ok b\u00f6lgesinde TS 825 Binalarda Is\u0131 Yal\u0131t\u0131m\u0131 Kurallar\u0131 ve Is\u0131 Yal\u0131t\u0131m Y\u00f6netmeli\u011fi\u2019ne uygun d\u0131\u015f cepheler olu\u015fturmak m\u00fcmk\u00fcnd\u00fcr.<\/p>\n<p><a href=\"https:\/\/ytong.com.tr\/orgu-tutkali.asp\" target=\"_blank\" rel=\"noopener noreferrer\">Ytong \u00d6rg\u00fc Tutkal\u0131<\/a> ile k\u0131sa s\u00fcrede ve kolayca \u00f6r\u00fcl\u00fcr.<\/p>\n<p>Hafif olmas\u0131, \u00fcr\u00fcn \u00f6l\u00e7\u00fcleri ve kolay i\u015flenebilmesi nedeniyle, i\u00e7 duvarlarda, tadilat ve kat ilavelerinde de pratik bir \u00e7\u00f6z\u00fcmd\u00fcr.<\/p>\n<p>Ytong bloklar A1 s\u0131n\u0131f\u0131 yanmaz \u00f6zelliktedir, ate\u015fe dayan\u0131kl\u0131 duvar ve yang\u0131n duvar\u0131 yap\u0131m\u0131nda g\u00fcvenle kullan\u0131l\u0131r.<\/p>\n<\/div>\n<\/div>\n<h4>Ytong Blok \u00d6l\u00e7\u00fcleri:<\/h4>\n<div id=\"comments\" class=\"comments\">\n<div class=\"comment\">\n<p>Ytong bloklar\u0131n\u0131n boyu 60 cm, y\u00fcksekli\u011fi 25 cm olup bu \u00f6l\u00e7\u00fcleri standartt\u0131r. 8,5 cm\u2019den 40 cm\u2019e kadar farkl\u0131 kal\u0131nl\u0131klarda \u00fcretilir. Bloklar profil yap\u0131s\u0131na g\u00f6re \u201cge\u00e7meli\u201d ve \u201cd\u00fcz\u201d olarak adland\u0131r\u0131l\u0131r.<\/p>\n<div class=\"col-md-6\">\n<div class=\"table-responsive\">\n<table class=\"table table-bordered\">\n<thead>\n<tr>\n<th>Boy (cm)<\/th>\n<th>Y\u00fckseklik (cm)<\/th>\n<th>Kal\u0131nl\u0131k (cm)<\/th>\n<\/tr>\n<\/thead>\n<tbody>\n<tr>\n<td>60<\/td>\n<td>25<\/td>\n<td>8,5 &#8211; 9,0 &#8211; 10,0 &#8211; 12,5 &#8211; 13,5 &#8211; 15,0<br \/>\n17,5 &#8211; 19,0 &#8211; 20,0 &#8211; 22,5 &#8211; 25,0 &#8211; 27,5<br \/>\n30,0 &#8211; 32,5 &#8211; 35,0 &#8211; 37,5 &#8211; 40,0<\/td>\n<\/tr>\n<\/tbody>\n<\/table>\n<\/div>\n<\/div>\n<\/div>\n<\/div>\n<div class=\"seperator m-t-0 m-b-10\"><\/div>\n<h4>Ytong duvar nas\u0131l \u00f6r\u00fcl\u00fcr?<\/h4>\n<div id=\"comments\" class=\"comments\">\n<div class=\"comment\">\n<p>Ytong duvar bloklar\u0131 ile duvar\u0131n\u0131z\u0131 k\u0131sa s\u00fcrede ve kolay bi\u00e7imde tamamlayabilirsiniz.<\/p>\n<h4 class=\"media-heading\">8 Ad\u0131mda Ytong duvar \u00f6r\u00fcm\u00fc:<\/h4>\n<div class=\"list-unstyled li-list\">\n<ul class=\"list-unstyled li-list\">\n<li>Ytong duvarlar, uygulama kolayl\u0131\u011f\u0131 sa\u011flayan Ytong \u00d6rg\u00fc Tutkal\u0131 ile \u00f6r\u00fcl\u00fcr. Piyasada yap\u0131\u015ft\u0131r\u0131c\u0131 olarak bilinen Ytong \u00d6rg\u00fc Tutkal\u0131, tarakl\u0131 mala ile uygulan\u0131r. Tutkal, d\u00fc\u015fey ve yatay derzlerde bo\u015fluk kalmayacak ve hi\u00e7bir \u0131\u015f\u0131k s\u0131z\u0131nt\u0131s\u0131 olmayacak \u015fekilde 2-3 mm kal\u0131nl\u0131\u011f\u0131nda uygulan\u0131r. Duvara ba\u015flamadan \u00f6nce ilk olarak tutkal\u0131 haz\u0131rlay\u0131n.<\/li>\n<li>Duvar\u0131 yapaca\u011f\u0131n\u0131z zemini kontrol edin. Zemin d\u00fczg\u00fcn ve terazisinde olmal\u0131d\u0131r.<\/li>\n<li>\u0130lk s\u0131ray\u0131 olu\u015fturmak i\u00e7in mastar ipi \u00e7ekin. Bir k\u00f6\u015feden ba\u015flayarak Ytong bloklar\u0131 yerle\u015ftirin. Bloklar\u0131n har\u00e7 ile temas eden y\u00fczeyini hafif\u00e7e \u0131slatmay\u0131 unutmay\u0131n. Bloklar\u0131n d\u00fc\u015fey y\u00fczeylerine de Ytong \u00d6rg\u00fc Tutkal\u0131 s\u00fcr\u00fcn.<\/li>\n<li>Bloklar\u0131 kolayca keserek, istedi\u011finiz boyutlarda kullanabilirsiniz.<\/li>\n<li>\u0130lk s\u0131ra tamamlan\u0131p teraziye al\u0131nd\u0131ktan sonra, ikinci s\u0131ra i\u00e7in bloklar\u0131n \u00fcst\u00fcne Ytong \u00d6rg\u00fc Tutkal\u0131 s\u00fcrerek yatay derz olu\u015ftun. Derzin kal\u0131nl\u0131\u011f\u0131 2-3 mm olmal\u0131 ve derz y\u00fczeyini tamamen kaplamal\u0131d\u0131r. Ytong \u00d6rg\u00fc Tutkal\u0131 kullan\u0131laca\u011f\u0131 i\u00e7in bloklar\u0131n \u0131slat\u0131lmas\u0131na gerek yoktur.<\/li>\n<li>Duvar uygulamas\u0131n\u0131n temel kurallar\u0131na uygun olarak, d\u00fc\u015fey derzler \u00fcst \u00fcste getirilmemeli, d\u00fc\u015fey derzin bir alttaki blo\u011fun ortas\u0131na gelmesine \u00f6zen g\u00f6sterilmelidir. Bloklar\u0131n bindirme pay\u0131 en az 15 cm olmal\u0131d\u0131r.<\/li>\n<li>Bloklar\u0131n d\u00fc\u015fey y\u00fczeyine \u00f6rg\u00fc tutkal\u0131 s\u00fcrd\u00fckten sonra yerine yerle\u015ftirin. Tutkal birikmesini ve derzlerde bo\u015fluk olu\u015fmas\u0131n\u0131 \u00f6nlemek i\u00e7in yerle\u015ftirme i\u015flemi bir seferde yap\u0131lmal\u0131, blok kayd\u0131r\u0131lmamal\u0131, lastik tokmak yard\u0131m\u0131yla hafif\u00e7e vurularak teraziye al\u0131nmal\u0131d\u0131r.<\/li>\n<li>Her bir s\u0131ra tamamland\u0131\u011f\u0131nda su terazisi yard\u0131m\u0131yla duvar\u0131n terazide olup olmad\u0131\u011f\u0131n\u0131 kontrol edin. Bu i\u015flem, duvar\u0131n\u0131z\u0131 \u015fakul\u00fcnde tamamlamak i\u00e7in size yard\u0131mc\u0131 olacakt\u0131r.<\/li>\n<\/ul>\n<\/div>\n<\/div>\n<\/div>\n<\/div>\n<\/div>\n","protected":false},"excerpt":{"rendered":"<p>Ytong Blok; y\u00fcksek \u0131s\u0131 yal\u0131t\u0131m \u00f6zelli\u011fine sahip, mineral esasl\u0131, yanmaz bir duvar malzemesidir. T\u00fcm yap\u0131 sistemlerinde d\u0131\u015f ve i\u00e7 dolgu duvarlar\u0131n yap\u0131m\u0131nda, y\u0131\u011fma yap\u0131larda ta\u015f\u0131y\u0131c\u0131 d\u0131\u015f ve i\u00e7 duvar malzemesi olarak kullan\u0131l\u0131r. Yang\u0131n duvar\u0131 yap\u0131m\u0131 i\u00e7in de uygundur.<\/p>\n","protected":false},"featured_media":284,"comment_status":"closed","ping_status":"closed","template":"","meta":[],"product_brand":[],"product_cat":[61],"product_tag":[63,62],"class_list":{"0":"post-283","1":"product","2":"type-product","3":"status-publish","4":"has-post-thumbnail","6":"product_cat-ytong-gazbeton","7":"product_tag-blok","8":"product_tag-ytong","10":"first","11":"instock","12":"taxable","13":"shipping-taxable","14":"product-type-simple"},"_links":{"self":[{"href":"https:\/\/gonenyapi.com.tr\/index.php\/wp-json\/wp\/v2\/product\/283","targetHints":{"allow":["GET"]}}],"collection":[{"href":"https:\/\/gonenyapi.com.tr\/index.php\/wp-json\/wp\/v2\/product"}],"about":[{"href":"https:\/\/gonenyapi.com.tr\/index.php\/wp-json\/wp\/v2\/types\/product"}],"replies":[{"embeddable":true,"href":"https:\/\/gonenyapi.com.tr\/index.php\/wp-json\/wp\/v2\/comments?post=283"}],"wp:featuredmedia":[{"embeddable":true,"href":"https:\/\/gonenyapi.com.tr\/index.php\/wp-json\/wp\/v2\/media\/284"}],"wp:attachment":[{"href":"https:\/\/gonenyapi.com.tr\/index.php\/wp-json\/wp\/v2\/media?parent=283"}],"wp:term":[{"taxonomy":"product_brand","embeddable":true,"href":"https:\/\/gonenyapi.com.tr\/index.php\/wp-json\/wp\/v2\/product_brand?post=283"},{"taxonomy":"product_cat","embeddable":true,"href":"https:\/\/gonenyapi.com.tr\/index.php\/wp-json\/wp\/v2\/product_cat?post=283"},{"taxonomy":"product_tag","embeddable":true,"href":"https:\/\/gonenyapi.com.tr\/index.php\/wp-json\/wp\/v2\/product_tag?post=283"}],"curies":[{"name":"wp","href":"https:\/\/api.w.org\/{rel}","templated":true}]}}