{"id":265,"date":"2020-09-20T18:46:12","date_gmt":"2020-09-20T18:46:12","guid":{"rendered":"http:\/\/gonenyapi.com.tr\/?post_type=product&#038;p=265"},"modified":"2020-09-20T18:46:13","modified_gmt":"2020-09-20T18:46:13","slug":"t05-tamir-harci-ince","status":"publish","type":"product","link":"https:\/\/gonenyapi.com.tr\/index.php\/urun\/t05-tamir-harci-ince\/","title":{"rendered":"T05 Tamir Harc\u0131 \u0130nce"},"content":{"rendered":"<div class=\"fusion-layout-column fusion_builder_column fusion_builder_column_4_5 fusion-builder-column-2 fusion-four-fifth fusion-column-last 4_5\">\n<div class=\"fusion-column-wrapper\" data-bg-url=\"\">\n<div class=\"fusion-builder-row fusion-builder-row-inner fusion-row \">\n<div class=\"fusion-layout-column fusion_builder_column fusion_builder_column_2_3  fusion-two-third fusion-column-last 2_3\">\n<div class=\"fusion-column-wrapper\" data-bg-url=\"\">\n<div class=\"fusion-text\">\n<p>Y\u00fcksek performansl\u0131 ince tamir harc\u0131<\/p>\n<p>Y\u00fczey hasarlar\u0131na ince ayar\u2026<\/p>\n<ul>\n<li>1-5 mm kal\u0131nl\u0131ktaki y\u00fczey bozukluklar\u0131n onar\u0131m\u0131nda<\/li>\n<li>Beton, gazbeton, tu\u011fla gibi y\u00fczeylere iyi yap\u0131\u015fma<\/li>\n<li>Boya ve seramik kaplama \u00f6ncesinde y\u00fczey haz\u0131rlamada<\/li>\n<li>Bozuk y\u00fczeylerin k\u0131sa s\u00fcrede d\u00fczeltilmesi<\/li>\n<li>TS EN 1504-3\/Nisan 2008 S\u0131n\u0131f: R2<\/li>\n<\/ul>\n<\/div>\n<\/div>\n<\/div>\n<div class=\"fusion-layout-column fusion_builder_column fusion_builder_column_1_1  fusion-one-full fusion-column-first fusion-column-last 1_1\">\n<div class=\"fusion-column-wrapper\" data-bg-url=\"\">\n<div class=\"fusion-tabs fusion-tabs-1 classic nav-not-justified horizontal-tabs icon-position-left\">\n<div class=\"nav\">\n<ul class=\"nav-tabs\">\n<li class=\"active\">\n<h4 class=\"fusion-tab-heading\" data-fontsize=\"15\" data-lineheight=\"25\">Detayl\u0131 Bilgi<\/h4>\n<\/li>\n<\/ul>\n<\/div>\n<div class=\"tab-content\">\n<div id=\"tab-c670b4bacb013fb534f\" class=\"tab-pane fade fusion-clearfix in active\">\n<p><img loading=\"lazy\" decoding=\"async\" class=\"alignnone size-full wp-image-12545\" src=\"https:\/\/absalci.com.tr\/wp-content\/uploads\/2018\/10\/t05-teknik.jpg\" sizes=\"auto, (max-width: 639px) 100vw, 639px\" srcset=\"https:\/\/www.absalci.com.tr\/wp-content\/uploads\/2018\/10\/t05-teknik-200x131.jpg 200w, https:\/\/www.absalci.com.tr\/wp-content\/uploads\/2018\/10\/t05-teknik-300x196.jpg 300w, https:\/\/www.absalci.com.tr\/wp-content\/uploads\/2018\/10\/t05-teknik-400x261.jpg 400w, https:\/\/www.absalci.com.tr\/wp-content\/uploads\/2018\/10\/t05-teknik-600x392.jpg 600w, https:\/\/www.absalci.com.tr\/wp-content\/uploads\/2018\/10\/t05-teknik.jpg 639w\" alt=\"\" width=\"639\" height=\"417\" \/><\/p>\n<\/div>\n<\/div>\n<\/div>\n<\/div>\n<\/div>\n<\/div>\n<div class=\"fusion-clearfix\"><\/div>\n<\/div>\n<\/div>\n","protected":false},"excerpt":{"rendered":"<p>Y\u00fcksek performansl\u0131 ince tamir harc\u0131<\/p>\n","protected":false},"featured_media":266,"comment_status":"closed","ping_status":"closed","template":"","meta":[],"product_brand":[],"product_cat":[52],"product_tag":[19,42,41,53],"class_list":{"0":"post-265","1":"product","2":"type-product","3":"status-publish","4":"has-post-thumbnail","6":"product_cat-yuzey-hazirlik-urunleri","7":"product_tag-abs","8":"product_tag-kimyasallari","9":"product_tag-yapi","10":"product_tag-yuzey-hazirlik-urunleri","12":"first","13":"instock","14":"taxable","15":"shipping-taxable","16":"product-type-simple"},"_links":{"self":[{"href":"https:\/\/gonenyapi.com.tr\/index.php\/wp-json\/wp\/v2\/product\/265","targetHints":{"allow":["GET"]}}],"collection":[{"href":"https:\/\/gonenyapi.com.tr\/index.php\/wp-json\/wp\/v2\/product"}],"about":[{"href":"https:\/\/gonenyapi.com.tr\/index.php\/wp-json\/wp\/v2\/types\/product"}],"replies":[{"embeddable":true,"href":"https:\/\/gonenyapi.com.tr\/index.php\/wp-json\/wp\/v2\/comments?post=265"}],"wp:featuredmedia":[{"embeddable":true,"href":"https:\/\/gonenyapi.com.tr\/index.php\/wp-json\/wp\/v2\/media\/266"}],"wp:attachment":[{"href":"https:\/\/gonenyapi.com.tr\/index.php\/wp-json\/wp\/v2\/media?parent=265"}],"wp:term":[{"taxonomy":"product_brand","embeddable":true,"href":"https:\/\/gonenyapi.com.tr\/index.php\/wp-json\/wp\/v2\/product_brand?post=265"},{"taxonomy":"product_cat","embeddable":true,"href":"https:\/\/gonenyapi.com.tr\/index.php\/wp-json\/wp\/v2\/product_cat?post=265"},{"taxonomy":"product_tag","embeddable":true,"href":"https:\/\/gonenyapi.com.tr\/index.php\/wp-json\/wp\/v2\/product_tag?post=265"}],"curies":[{"name":"wp","href":"https:\/\/api.w.org\/{rel}","templated":true}]}}