{"id":261,"date":"2020-09-20T18:41:39","date_gmt":"2020-09-20T18:41:39","guid":{"rendered":"http:\/\/gonenyapi.com.tr\/?post_type=product&#038;p=261"},"modified":"2020-09-20T18:41:39","modified_gmt":"2020-09-20T18:41:39","slug":"y100-su-yalitim-harci-tek-bilesenli","status":"publish","type":"product","link":"https:\/\/gonenyapi.com.tr\/index.php\/urun\/y100-su-yalitim-harci-tek-bilesenli\/","title":{"rendered":"Y100 Su yal\u0131t\u0131m harc\u0131 tek bile\u015fenli"},"content":{"rendered":"<div class=\"fusion-layout-column fusion_builder_column fusion_builder_column_4_5 fusion-builder-column-2 fusion-four-fifth fusion-column-last 4_5\">\n<div class=\"fusion-column-wrapper\" data-bg-url=\"\">\n<div class=\"fusion-builder-row fusion-builder-row-inner fusion-row \">\n<div class=\"fusion-layout-column fusion_builder_column fusion_builder_column_2_3  fusion-two-third fusion-column-last 2_3\">\n<div class=\"fusion-column-wrapper\" data-bg-url=\"\">\n<div class=\"fusion-text\">\n<p>\u00c7imento esasl\u0131 tek bile\u015fenli su yal\u0131t\u0131m harc\u0131<\/p>\n<p>Islak mekanlar\u0131n g\u00fcvencesi\u2026<\/p>\n<ul>\n<li>Tek bile\u015fenli<\/li>\n<li>Kolay uygulama<\/li>\n<li>\u00dczeri seramik vb. malzemeler ile kaplanabilir<\/li>\n<li>Temel yal\u0131t\u0131mda ve istinat duvarlar\u0131nda<\/li>\n<li>TS EN 14891<\/li>\n<\/ul>\n<\/div>\n<\/div>\n<\/div>\n<div class=\"fusion-layout-column fusion_builder_column fusion_builder_column_1_1  fusion-one-full fusion-column-first fusion-column-last 1_1\">\n<div class=\"fusion-column-wrapper\" data-bg-url=\"\">\n<div class=\"fusion-tabs fusion-tabs-1 classic nav-not-justified horizontal-tabs icon-position-left\">\n<div class=\"nav\">\n<ul class=\"nav-tabs\">\n<li class=\"active\">\n<h4 class=\"fusion-tab-heading\" data-fontsize=\"15\" data-lineheight=\"25\">Detayl\u0131 Bilgi<\/h4>\n<\/li>\n<\/ul>\n<\/div>\n<div class=\"tab-content\">\n<div id=\"tab-73701fbbe208e50fba6\" class=\"tab-pane fade fusion-clearfix in active\">\n<p><img loading=\"lazy\" decoding=\"async\" class=\"alignnone size-full wp-image-12526\" src=\"https:\/\/absalci.com.tr\/wp-content\/uploads\/2018\/10\/abs-y100-teknik.jpg\" sizes=\"auto, (max-width: 590px) 100vw, 590px\" srcset=\"https:\/\/www.absalci.com.tr\/wp-content\/uploads\/2018\/10\/abs-y100-teknik-200x75.jpg 200w, https:\/\/www.absalci.com.tr\/wp-content\/uploads\/2018\/10\/abs-y100-teknik-300x112.jpg 300w, https:\/\/www.absalci.com.tr\/wp-content\/uploads\/2018\/10\/abs-y100-teknik-400x149.jpg 400w, https:\/\/www.absalci.com.tr\/wp-content\/uploads\/2018\/10\/abs-y100-teknik.jpg 590w\" alt=\"\" width=\"590\" height=\"220\" \/><\/p>\n<\/div>\n<\/div>\n<\/div>\n<\/div>\n<\/div>\n<\/div>\n<div class=\"fusion-clearfix\"><\/div>\n<\/div>\n<\/div>\n","protected":false},"excerpt":{"rendered":"<p>\u00c7imento esasl\u0131 tek bile\u015fenli su yal\u0131t\u0131m harc\u0131<\/p>\n","protected":false},"featured_media":262,"comment_status":"closed","ping_status":"closed","template":"","meta":[],"product_brand":[],"product_cat":[50],"product_tag":[19,42,51,41],"class_list":{"0":"post-261","1":"product","2":"type-product","3":"status-publish","4":"has-post-thumbnail","6":"product_cat-su-yalitim-urunleri","7":"product_tag-abs","8":"product_tag-kimyasallari","9":"product_tag-su-yalitim-urunleri","10":"product_tag-yapi","12":"first","13":"instock","14":"taxable","15":"shipping-taxable","16":"product-type-simple"},"_links":{"self":[{"href":"https:\/\/gonenyapi.com.tr\/index.php\/wp-json\/wp\/v2\/product\/261","targetHints":{"allow":["GET"]}}],"collection":[{"href":"https:\/\/gonenyapi.com.tr\/index.php\/wp-json\/wp\/v2\/product"}],"about":[{"href":"https:\/\/gonenyapi.com.tr\/index.php\/wp-json\/wp\/v2\/types\/product"}],"replies":[{"embeddable":true,"href":"https:\/\/gonenyapi.com.tr\/index.php\/wp-json\/wp\/v2\/comments?post=261"}],"wp:featuredmedia":[{"embeddable":true,"href":"https:\/\/gonenyapi.com.tr\/index.php\/wp-json\/wp\/v2\/media\/262"}],"wp:attachment":[{"href":"https:\/\/gonenyapi.com.tr\/index.php\/wp-json\/wp\/v2\/media?parent=261"}],"wp:term":[{"taxonomy":"product_brand","embeddable":true,"href":"https:\/\/gonenyapi.com.tr\/index.php\/wp-json\/wp\/v2\/product_brand?post=261"},{"taxonomy":"product_cat","embeddable":true,"href":"https:\/\/gonenyapi.com.tr\/index.php\/wp-json\/wp\/v2\/product_cat?post=261"},{"taxonomy":"product_tag","embeddable":true,"href":"https:\/\/gonenyapi.com.tr\/index.php\/wp-json\/wp\/v2\/product_tag?post=261"}],"curies":[{"name":"wp","href":"https:\/\/api.w.org\/{rel}","templated":true}]}}