{"id":255,"date":"2020-09-20T18:34:59","date_gmt":"2020-09-20T18:34:59","guid":{"rendered":"http:\/\/gonenyapi.com.tr\/?post_type=product&#038;p=255"},"modified":"2020-09-20T18:34:59","modified_gmt":"2020-09-20T18:34:59","slug":"pantherm-dubel","status":"publish","type":"product","link":"https:\/\/gonenyapi.com.tr\/index.php\/urun\/pantherm-dubel\/","title":{"rendered":"Pantherm D\u00fcbel"},"content":{"rendered":"<div class=\"fusion-layout-column fusion_builder_column fusion_builder_column_4_5 fusion-builder-column-2 fusion-four-fifth fusion-column-last 4_5\">\n<div class=\"fusion-column-wrapper\" data-bg-url=\"\">\n<div class=\"fusion-builder-row fusion-builder-row-inner fusion-row \">\n<div class=\"fusion-layout-column fusion_builder_column fusion_builder_column_2_3  fusion-two-third fusion-column-last 2_3\">\n<div class=\"fusion-column-wrapper\" data-bg-url=\"\">\n<div class=\"fusion-text\">\n<p>ABS EPS Is\u0131 Yal\u0131t\u0131m Levhalar\u0131n\u0131, cepheye tespit etmek i\u00e7in kullan\u0131lan mekanik ba\u011flant\u0131 eleman\u0131d\u0131r.<\/p>\n<\/div>\n<\/div>\n<\/div>\n<div class=\"fusion-layout-column fusion_builder_column fusion_builder_column_1_1  fusion-one-full fusion-column-first fusion-column-last 1_1\">\n<div class=\"fusion-column-wrapper\" data-bg-url=\"\">\n<div class=\"fusion-tabs fusion-tabs-1 classic nav-not-justified horizontal-tabs icon-position-left\">\n<div class=\"nav\">\n<ul class=\"nav-tabs\">\n<li class=\"active\">\n<h4 class=\"fusion-tab-heading\" data-fontsize=\"15\" data-lineheight=\"25\">Detayl\u0131 Bilgi<\/h4>\n<\/li>\n<\/ul>\n<\/div>\n<div class=\"tab-content\">\n<div id=\"tab-801f42f5383e83da785\" class=\"tab-pane fade fusion-clearfix in active\">\n<p><img loading=\"lazy\" decoding=\"async\" class=\"alignnone size-full wp-image-12490\" src=\"https:\/\/absalci.com.tr\/wp-content\/uploads\/2018\/10\/PANTHERM-dubel.jpg\" sizes=\"auto, (max-width: 633px) 100vw, 633px\" srcset=\"https:\/\/www.absalci.com.tr\/wp-content\/uploads\/2018\/10\/PANTHERM-dubel-200x111.jpg 200w, https:\/\/www.absalci.com.tr\/wp-content\/uploads\/2018\/10\/PANTHERM-dubel-300x166.jpg 300w, https:\/\/www.absalci.com.tr\/wp-content\/uploads\/2018\/10\/PANTHERM-dubel-400x221.jpg 400w, https:\/\/www.absalci.com.tr\/wp-content\/uploads\/2018\/10\/PANTHERM-dubel-600x332.jpg 600w, https:\/\/www.absalci.com.tr\/wp-content\/uploads\/2018\/10\/PANTHERM-dubel.jpg 633w\" alt=\"\" width=\"633\" height=\"350\" \/><\/p>\n<\/div>\n<\/div>\n<\/div>\n<\/div>\n<\/div>\n<\/div>\n<div class=\"fusion-clearfix\"><\/div>\n<\/div>\n<\/div>\n","protected":false},"excerpt":{"rendered":"<p>ABS EPS Is\u0131 Yal\u0131t\u0131m Levhalar\u0131n\u0131, cepheye tespit etmek i\u00e7in kullan\u0131lan mekanik ba\u011flant\u0131 eleman\u0131d\u0131r.<\/p>\n","protected":false},"featured_media":256,"comment_status":"closed","ping_status":"closed","template":"","meta":[],"product_brand":[],"product_cat":[48],"product_tag":[19,49,42,41],"class_list":{"0":"post-255","1":"product","2":"type-product","3":"status-publish","4":"has-post-thumbnail","6":"product_cat-isi-yalitim-sistemi-urunleri","7":"product_tag-abs","8":"product_tag-isi-yalitim-sistemi","9":"product_tag-kimyasallari","10":"product_tag-yapi","12":"first","13":"instock","14":"taxable","15":"shipping-taxable","16":"product-type-simple"},"_links":{"self":[{"href":"https:\/\/gonenyapi.com.tr\/index.php\/wp-json\/wp\/v2\/product\/255","targetHints":{"allow":["GET"]}}],"collection":[{"href":"https:\/\/gonenyapi.com.tr\/index.php\/wp-json\/wp\/v2\/product"}],"about":[{"href":"https:\/\/gonenyapi.com.tr\/index.php\/wp-json\/wp\/v2\/types\/product"}],"replies":[{"embeddable":true,"href":"https:\/\/gonenyapi.com.tr\/index.php\/wp-json\/wp\/v2\/comments?post=255"}],"wp:featuredmedia":[{"embeddable":true,"href":"https:\/\/gonenyapi.com.tr\/index.php\/wp-json\/wp\/v2\/media\/256"}],"wp:attachment":[{"href":"https:\/\/gonenyapi.com.tr\/index.php\/wp-json\/wp\/v2\/media?parent=255"}],"wp:term":[{"taxonomy":"product_brand","embeddable":true,"href":"https:\/\/gonenyapi.com.tr\/index.php\/wp-json\/wp\/v2\/product_brand?post=255"},{"taxonomy":"product_cat","embeddable":true,"href":"https:\/\/gonenyapi.com.tr\/index.php\/wp-json\/wp\/v2\/product_cat?post=255"},{"taxonomy":"product_tag","embeddable":true,"href":"https:\/\/gonenyapi.com.tr\/index.php\/wp-json\/wp\/v2\/product_tag?post=255"}],"curies":[{"name":"wp","href":"https:\/\/api.w.org\/{rel}","templated":true}]}}