{"id":251,"date":"2020-09-20T18:30:14","date_gmt":"2020-09-20T18:30:14","guid":{"rendered":"http:\/\/gonenyapi.com.tr\/?post_type=product&#038;p=251"},"modified":"2020-09-20T18:30:14","modified_gmt":"2020-09-20T18:30:14","slug":"s320-cizgi-desenli-dekoratif-siva","status":"publish","type":"product","link":"https:\/\/gonenyapi.com.tr\/index.php\/urun\/s320-cizgi-desenli-dekoratif-siva\/","title":{"rendered":"S320 \u00c7izgi Desenli Dekoratif S\u0131va"},"content":{"rendered":"<div class=\"fusion-layout-column fusion_builder_column fusion_builder_column_2_3  fusion-two-third fusion-column-last 2_3\">\n<div class=\"fusion-column-wrapper\" data-bg-url=\"\">\n<div class=\"fusion-text\">\n<p>\u00c7izgili desenli dekoratif d\u0131\u015f cephe kaplamas\u0131<\/p>\n<ul>\n<li>Dekoratif \u00e7izgi desenli g\u00f6r\u00fcn\u00fcm<\/li>\n<li>Rahat ve pratik uygulama<\/li>\n<li>TS 7847<\/li>\n<\/ul>\n<\/div>\n<\/div>\n<\/div>\n<div class=\"fusion-layout-column fusion_builder_column fusion_builder_column_1_1  fusion-one-full fusion-column-first fusion-column-last 1_1\">\n<div class=\"fusion-column-wrapper\" data-bg-url=\"\">\n<div class=\"fusion-tabs fusion-tabs-1 classic nav-not-justified horizontal-tabs icon-position-left\">\n<div class=\"nav\">\n<ul class=\"nav-tabs\">\n<li class=\"active\">\n<h4 class=\"fusion-tab-heading\" data-fontsize=\"15\" data-lineheight=\"25\">Detayl\u0131 Bilgi<\/h4>\n<\/li>\n<\/ul>\n<\/div>\n<div class=\"tab-content\">\n<div id=\"tab-a0ac5a818f60560c37d\" class=\"tab-pane fade fusion-clearfix in active\">\n<p><img loading=\"lazy\" decoding=\"async\" class=\"alignnone size-full wp-image-12520\" src=\"https:\/\/absalci.com.tr\/wp-content\/uploads\/2018\/10\/s320-teknik.jpg\" sizes=\"auto, (max-width: 639px) 100vw, 639px\" srcset=\"https:\/\/www.absalci.com.tr\/wp-content\/uploads\/2018\/10\/s320-teknik-200x116.jpg 200w, https:\/\/www.absalci.com.tr\/wp-content\/uploads\/2018\/10\/s320-teknik-300x174.jpg 300w, https:\/\/www.absalci.com.tr\/wp-content\/uploads\/2018\/10\/s320-teknik-400x232.jpg 400w, https:\/\/www.absalci.com.tr\/wp-content\/uploads\/2018\/10\/s320-teknik-600x348.jpg 600w, https:\/\/www.absalci.com.tr\/wp-content\/uploads\/2018\/10\/s320-teknik.jpg 639w\" alt=\"\" width=\"639\" height=\"371\" \/><\/p>\n<\/div>\n<\/div>\n<\/div>\n<\/div>\n<\/div>\n","protected":false},"excerpt":{"rendered":"<p>\u00c7izgili desenli dekoratif d\u0131\u015f cephe kaplamas\u0131<\/p>\n","protected":false},"featured_media":252,"comment_status":"closed","ping_status":"closed","template":"","meta":[],"product_brand":[],"product_cat":[48],"product_tag":[19,49,42,41],"class_list":{"0":"post-251","1":"product","2":"type-product","3":"status-publish","4":"has-post-thumbnail","6":"product_cat-isi-yalitim-sistemi-urunleri","7":"product_tag-abs","8":"product_tag-isi-yalitim-sistemi","9":"product_tag-kimyasallari","10":"product_tag-yapi","12":"first","13":"instock","14":"taxable","15":"shipping-taxable","16":"product-type-simple"},"_links":{"self":[{"href":"https:\/\/gonenyapi.com.tr\/index.php\/wp-json\/wp\/v2\/product\/251","targetHints":{"allow":["GET"]}}],"collection":[{"href":"https:\/\/gonenyapi.com.tr\/index.php\/wp-json\/wp\/v2\/product"}],"about":[{"href":"https:\/\/gonenyapi.com.tr\/index.php\/wp-json\/wp\/v2\/types\/product"}],"replies":[{"embeddable":true,"href":"https:\/\/gonenyapi.com.tr\/index.php\/wp-json\/wp\/v2\/comments?post=251"}],"wp:featuredmedia":[{"embeddable":true,"href":"https:\/\/gonenyapi.com.tr\/index.php\/wp-json\/wp\/v2\/media\/252"}],"wp:attachment":[{"href":"https:\/\/gonenyapi.com.tr\/index.php\/wp-json\/wp\/v2\/media?parent=251"}],"wp:term":[{"taxonomy":"product_brand","embeddable":true,"href":"https:\/\/gonenyapi.com.tr\/index.php\/wp-json\/wp\/v2\/product_brand?post=251"},{"taxonomy":"product_cat","embeddable":true,"href":"https:\/\/gonenyapi.com.tr\/index.php\/wp-json\/wp\/v2\/product_cat?post=251"},{"taxonomy":"product_tag","embeddable":true,"href":"https:\/\/gonenyapi.com.tr\/index.php\/wp-json\/wp\/v2\/product_tag?post=251"}],"curies":[{"name":"wp","href":"https:\/\/api.w.org\/{rel}","templated":true}]}}