{"id":245,"date":"2020-09-20T18:10:34","date_gmt":"2020-09-20T18:10:34","guid":{"rendered":"http:\/\/gonenyapi.com.tr\/?post_type=product&#038;p=245"},"modified":"2020-09-20T18:10:35","modified_gmt":"2020-09-20T18:10:35","slug":"s100-isi-yalitim-levha-yapistiricisi","status":"publish","type":"product","link":"https:\/\/gonenyapi.com.tr\/index.php\/urun\/s100-isi-yalitim-levha-yapistiricisi\/","title":{"rendered":"S100 Is\u0131 Yal\u0131t\u0131m Levha Yap\u0131\u015ft\u0131r\u0131c\u0131s\u0131"},"content":{"rendered":"<div class=\"fusion-layout-column fusion_builder_column fusion_builder_column_2_3  fusion-two-third fusion-column-last 2_3\">\n<div class=\"fusion-column-wrapper\" data-bg-url=\"\">\n<div class=\"fusion-text\">\n<p>Is\u0131 yal\u0131t\u0131m plakas\u0131n\u0131n g\u00fc\u00e7l\u00fc yap\u0131\u015ft\u0131r\u0131c\u0131s\u0131\u2026<\/p>\n<ul>\n<li>Rahat ve kolay uygulama<\/li>\n<li>Y\u00fcksek yap\u0131\u015fma \u00f6zelli\u011fi<\/li>\n<li>TSE K112<\/li>\n<\/ul>\n<\/div>\n<\/div>\n<\/div>\n<div class=\"fusion-layout-column fusion_builder_column fusion_builder_column_1_1  fusion-one-full fusion-column-first fusion-column-last 1_1\">\n<div class=\"fusion-column-wrapper\" data-bg-url=\"\">\n<div class=\"fusion-tabs fusion-tabs-1 classic nav-not-justified horizontal-tabs icon-position-left\">\n<div class=\"nav\">\n<ul class=\"nav-tabs\">\n<li class=\"active\">\n<h4 class=\"fusion-tab-heading\" data-fontsize=\"15\" data-lineheight=\"25\">Detayl\u0131 Bilgi<\/h4>\n<\/li>\n<\/ul>\n<\/div>\n<div class=\"tab-content\">\n<div id=\"tab-7213587adf1efb67958\" class=\"tab-pane fade fusion-clearfix in active\">\n<p><img loading=\"lazy\" decoding=\"async\" class=\"alignnone size-full wp-image-12505\" src=\"https:\/\/absalci.com.tr\/wp-content\/uploads\/2018\/10\/s100-teknik.jpg\" sizes=\"auto, (max-width: 639px) 100vw, 639px\" srcset=\"https:\/\/www.absalci.com.tr\/wp-content\/uploads\/2018\/10\/s100-teknik-200x105.jpg 200w, https:\/\/www.absalci.com.tr\/wp-content\/uploads\/2018\/10\/s100-teknik-300x157.jpg 300w, https:\/\/www.absalci.com.tr\/wp-content\/uploads\/2018\/10\/s100-teknik-400x209.jpg 400w, https:\/\/www.absalci.com.tr\/wp-content\/uploads\/2018\/10\/s100-teknik-600x314.jpg 600w, https:\/\/www.absalci.com.tr\/wp-content\/uploads\/2018\/10\/s100-teknik.jpg 639w\" alt=\"\" width=\"639\" height=\"334\" \/><\/p>\n<\/div>\n<\/div>\n<\/div>\n<\/div>\n<\/div>\n","protected":false},"excerpt":{"rendered":"<p>Is\u0131 yal\u0131t\u0131m plakas\u0131n\u0131n g\u00fc\u00e7l\u00fc yap\u0131\u015ft\u0131r\u0131c\u0131s\u0131\u2026<\/p>\n","protected":false},"featured_media":246,"comment_status":"closed","ping_status":"closed","template":"","meta":[],"product_brand":[],"product_cat":[48],"product_tag":[19,49,42,41],"class_list":{"0":"post-245","1":"product","2":"type-product","3":"status-publish","4":"has-post-thumbnail","6":"product_cat-isi-yalitim-sistemi-urunleri","7":"product_tag-abs","8":"product_tag-isi-yalitim-sistemi","9":"product_tag-kimyasallari","10":"product_tag-yapi","12":"first","13":"instock","14":"taxable","15":"shipping-taxable","16":"product-type-simple"},"_links":{"self":[{"href":"https:\/\/gonenyapi.com.tr\/index.php\/wp-json\/wp\/v2\/product\/245","targetHints":{"allow":["GET"]}}],"collection":[{"href":"https:\/\/gonenyapi.com.tr\/index.php\/wp-json\/wp\/v2\/product"}],"about":[{"href":"https:\/\/gonenyapi.com.tr\/index.php\/wp-json\/wp\/v2\/types\/product"}],"replies":[{"embeddable":true,"href":"https:\/\/gonenyapi.com.tr\/index.php\/wp-json\/wp\/v2\/comments?post=245"}],"wp:featuredmedia":[{"embeddable":true,"href":"https:\/\/gonenyapi.com.tr\/index.php\/wp-json\/wp\/v2\/media\/246"}],"wp:attachment":[{"href":"https:\/\/gonenyapi.com.tr\/index.php\/wp-json\/wp\/v2\/media?parent=245"}],"wp:term":[{"taxonomy":"product_brand","embeddable":true,"href":"https:\/\/gonenyapi.com.tr\/index.php\/wp-json\/wp\/v2\/product_brand?post=245"},{"taxonomy":"product_cat","embeddable":true,"href":"https:\/\/gonenyapi.com.tr\/index.php\/wp-json\/wp\/v2\/product_cat?post=245"},{"taxonomy":"product_tag","embeddable":true,"href":"https:\/\/gonenyapi.com.tr\/index.php\/wp-json\/wp\/v2\/product_tag?post=245"}],"curies":[{"name":"wp","href":"https:\/\/api.w.org\/{rel}","templated":true}]}}