{"id":200,"date":"2020-09-19T19:21:12","date_gmt":"2020-09-19T19:21:12","guid":{"rendered":"http:\/\/gonenyapi.com.tr\/?post_type=product&#038;p=200"},"modified":"2020-09-19T19:21:12","modified_gmt":"2020-09-19T19:21:12","slug":"alci-plaka-derz-dolgu-alcisi","status":"publish","type":"product","link":"https:\/\/gonenyapi.com.tr\/index.php\/urun\/alci-plaka-derz-dolgu-alcisi\/","title":{"rendered":"Al\u00e7\u0131 Plaka Derz Dolgu Al\u00e7\u0131s\u0131"},"content":{"rendered":"<div class=\"fusion-builder-row fusion-builder-row-inner fusion-row \">\n<div class=\"fusion-layout-column fusion_builder_column fusion_builder_column_2_3  fusion-two-third fusion-column-last 2_3\">\n<div class=\"fusion-column-wrapper\" data-bg-url=\"\">\n<div class=\"fusion-text\">\n<p>Al\u00e7\u0131 plakalar\u0131n birle\u015fim yerlerindeki dolgular\u0131n yap\u0131lmas\u0131nda kullan\u0131lan ideal bir dolgu malzemesidir.<\/p>\n<ul>\n<li>30 kg\u2019l\u0131k polipropilen torbalarda ambalajl\u0131d\u0131r.<\/li>\n<li>TS EN 13963<\/li>\n<\/ul>\n<\/div>\n<\/div>\n<\/div>\n<div class=\"fusion-layout-column fusion_builder_column fusion_builder_column_1_1  fusion-one-full fusion-column-first fusion-column-last 1_1\">\n<div class=\"fusion-column-wrapper\" data-bg-url=\"\">\n<div class=\"fusion-tabs fusion-tabs-1 classic nav-not-justified horizontal-tabs icon-position-left\">\n<div class=\"nav\">\n<ul class=\"nav-tabs\">\n<li class=\"active\">\n<h4 class=\"fusion-tab-heading\" data-fontsize=\"15\" data-lineheight=\"25\">Detayl\u0131 Bilgi<\/h4>\n<\/li>\n<li>\n<h4 class=\"fusion-tab-heading\" data-fontsize=\"15\" data-lineheight=\"25\">D\u00f6k\u00fcmanlar<\/h4>\n<\/li>\n<\/ul>\n<\/div>\n<div class=\"tab-content\">\n<div id=\"tab-dc88ad89359a4b66cd3\" class=\"tab-pane fade fusion-clearfix in active\">\n<div class=\"table-1\">\n<table width=\"100%\">\n<tbody>\n<tr>\n<td align=\"left\" width=\"35%\">Su \/ Al\u00e7\u0131 Oran\u0131<\/td>\n<td align=\"left\" width=\"65%\">% 54<\/td>\n<\/tr>\n<tr>\n<td align=\"left\">Bas\u0131n\u00e7 Mukavemeti<\/td>\n<td align=\"left\">2,5 N\/mm\u00b2<\/td>\n<\/tr>\n<tr>\n<td align=\"left\">E\u011filme Mukavemeti<\/td>\n<td align=\"left\">1,4 N\/mm\u00b2<\/td>\n<\/tr>\n<tr>\n<td align=\"left\">Kullan\u0131m (\u0130\u015flenme) S\u00fcresi<\/td>\n<td align=\"left\">60 dakika<\/td>\n<\/tr>\n<tr>\n<td align=\"left\">Donma Sonu<\/td>\n<td align=\"left\">150 dakika*<\/td>\n<\/tr>\n<tr>\n<td align=\"left\">Su Absorbsiyonu<\/td>\n<td align=\"left\">A\u011f\u0131rl\u011f\u0131n %17\u2019si<\/td>\n<\/tr>\n<tr>\n<td align=\"left\">Y\u00fczey Sertli\u011fi<\/td>\n<td align=\"left\">50 Shore D<\/td>\n<\/tr>\n<tr>\n<td align=\"left\">Bas\u0131n\u00e7 Mukavemeti<\/td>\n<td align=\"left\">min. 2,5 N\/mm\u00b2<\/td>\n<\/tr>\n<\/tbody>\n<\/table>\n<p>* \u0130ncelik 0,2 mm Elek \u00fczeri % 0,0* Belirtilen donma zamanlar\u0131 uygulama ve mevsim ko\u015fullar\u0131na g\u00f6re +\/- %10 de\u011fi\u015fiklik g\u00f6sterebilir.<\/p>\n<\/div>\n<\/div>\n<\/div>\n<\/div>\n<\/div>\n<\/div>\n<\/div>\n","protected":false},"excerpt":{"rendered":"<p>Al\u00e7\u0131 plakalar\u0131n birle\u015fim yerlerindeki dolgular\u0131n yap\u0131lmas\u0131nda kullan\u0131lan ideal bir dolgu malzemesidir.<\/p>\n","protected":false},"featured_media":201,"comment_status":"closed","ping_status":"closed","template":"","meta":[],"product_brand":[],"product_cat":[17,18],"product_tag":[19,21,35,36,20],"class_list":{"0":"post-200","1":"product","2":"type-product","3":"status-publish","4":"has-post-thumbnail","6":"product_cat-abs-alci","7":"product_cat-toz-alci","8":"product_tag-abs","9":"product_tag-alci","10":"product_tag-derz","11":"product_tag-dolgu","12":"product_tag-toz","14":"first","15":"instock","16":"taxable","17":"shipping-taxable","18":"product-type-simple"},"_links":{"self":[{"href":"https:\/\/gonenyapi.com.tr\/index.php\/wp-json\/wp\/v2\/product\/200","targetHints":{"allow":["GET"]}}],"collection":[{"href":"https:\/\/gonenyapi.com.tr\/index.php\/wp-json\/wp\/v2\/product"}],"about":[{"href":"https:\/\/gonenyapi.com.tr\/index.php\/wp-json\/wp\/v2\/types\/product"}],"replies":[{"embeddable":true,"href":"https:\/\/gonenyapi.com.tr\/index.php\/wp-json\/wp\/v2\/comments?post=200"}],"wp:featuredmedia":[{"embeddable":true,"href":"https:\/\/gonenyapi.com.tr\/index.php\/wp-json\/wp\/v2\/media\/201"}],"wp:attachment":[{"href":"https:\/\/gonenyapi.com.tr\/index.php\/wp-json\/wp\/v2\/media?parent=200"}],"wp:term":[{"taxonomy":"product_brand","embeddable":true,"href":"https:\/\/gonenyapi.com.tr\/index.php\/wp-json\/wp\/v2\/product_brand?post=200"},{"taxonomy":"product_cat","embeddable":true,"href":"https:\/\/gonenyapi.com.tr\/index.php\/wp-json\/wp\/v2\/product_cat?post=200"},{"taxonomy":"product_tag","embeddable":true,"href":"https:\/\/gonenyapi.com.tr\/index.php\/wp-json\/wp\/v2\/product_tag?post=200"}],"curies":[{"name":"wp","href":"https:\/\/api.w.org\/{rel}","templated":true}]}}