{"id":198,"date":"2020-09-19T19:19:10","date_gmt":"2020-09-19T19:19:10","guid":{"rendered":"http:\/\/gonenyapi.com.tr\/?post_type=product&#038;p=198"},"modified":"2020-09-19T19:19:10","modified_gmt":"2020-09-19T19:19:10","slug":"insaat-alcisi","status":"publish","type":"product","link":"https:\/\/gonenyapi.com.tr\/index.php\/urun\/insaat-alcisi\/","title":{"rendered":"\u0130n\u015faat Al\u00e7\u0131s\u0131"},"content":{"rendered":"<div class=\"fusion-builder-row fusion-builder-row-inner fusion-row \">\n<div class=\"fusion-layout-column fusion_builder_column fusion_builder_column_2_3  fusion-two-third fusion-column-last 2_3\">\n<div class=\"fusion-column-wrapper\" data-bg-url=\"\">\n<div class=\"fusion-text\">\n<p><strong>K\u0131sa s\u00fcrede donan tamirat, sabitleme ve y\u00fczey koruma ama\u00e7l\u0131 bir yap\u0131 al\u00e7\u0131s\u0131 t\u00fcr\u00fcd\u00fcr<\/strong><\/p>\n<ul>\n<li>\u00c7ok k\u0131sa s\u00fcrede priz yapma \u00f6zelli\u011fine sahiptir.<\/li>\n<li>Ankastre tesisat borular\u0131n\u0131n sabitlenmesi, mermer plakalar ile merdiven vb. duvar kaplama montaj\u0131nda yard\u0131mc\u0131 malzeme olarak kullan\u0131lan bir \u00fcr\u00fcnd\u00fcr.<\/li>\n<li>Basit dolgu ve onar\u0131mlar\u0131n \u00e7abuk bir \u015fekilde yap\u0131lmas\u0131n\u0131 sa\u011flar.<\/li>\n<li>Mevcut yap\u0131larda tamirat ve tadilat, yeni yap\u0131larda ise i\u015f program\u0131 gere\u011fi, \u00f6nceden yap\u0131lan seramik ah\u015fap vb. d\u00f6\u015feme kaplamalar\u0131n\u0131n korunmas\u0131 amac\u0131yla, y\u00fczeye serilen polietilen \u00f6rt\u00fc \u00fczerine ge\u00e7ici ve s\u00f6k\u00fclebilir kaplama yap\u0131lmas\u0131nda kullan\u0131lmaktad\u0131r.<\/li>\n<\/ul>\n<\/div>\n<\/div>\n<\/div>\n<div class=\"fusion-layout-column fusion_builder_column fusion_builder_column_1_1  fusion-one-full fusion-column-first fusion-column-last 1_1\">\n<div class=\"fusion-column-wrapper\" data-bg-url=\"\">\n<div class=\"fusion-tabs fusion-tabs-1 classic nav-not-justified horizontal-tabs icon-position-left\">\n<div class=\"nav\">\n<ul class=\"nav-tabs\">\n<li class=\"active\">\n<h4 class=\"fusion-tab-heading\" data-fontsize=\"15\" data-lineheight=\"25\">Detayl\u0131 Bilgi<\/h4>\n<\/li>\n<li>\n<h4 class=\"fusion-tab-heading\" data-fontsize=\"15\" data-lineheight=\"25\">D\u00f6k\u00fcmanlar<\/h4>\n<\/li>\n<\/ul>\n<\/div>\n<div class=\"tab-content\">\n<div id=\"tab-67e2e33ac8b300ca8df\" class=\"tab-pane fade fusion-clearfix in active\">\n<div class=\"table-1\">\n<table width=\"100%\">\n<tbody>\n<tr>\n<td align=\"left\" width=\"35%\">Su\u00a0 Oran\u0131<\/td>\n<td align=\"left\" width=\"65%\">% 72<\/td>\n<\/tr>\n<tr>\n<td align=\"left\">\u00c7ap<\/td>\n<td align=\"left\">175 \u2013 180 mm<\/td>\n<\/tr>\n<tr>\n<td align=\"left\">Donma Ba\u015flang\u0131c\u0131<\/td>\n<td align=\"left\">6 \u2013 7 dakika<\/td>\n<\/tr>\n<tr>\n<td align=\"left\">Donma Sonu<\/td>\n<td align=\"left\">15 \u2013 17 dakika<\/td>\n<\/tr>\n<tr>\n<td align=\"left\">200 Mikron \u00fczeri kalan Elek Bakiyesi<\/td>\n<td align=\"left\">% 0<\/td>\n<\/tr>\n<tr>\n<td align=\"left\">E\u011filme Mukavemeti<\/td>\n<td align=\"left\">4,5 \u2013 5 N\/mm\u00b2<\/td>\n<\/tr>\n<tr>\n<td align=\"left\">Bas\u0131n\u00e7 Mukavemeti<\/td>\n<td align=\"left\">12,5 \u2013 13 N\/mm\u00b2<\/td>\n<\/tr>\n<\/tbody>\n<\/table>\n<\/div>\n<\/div>\n<\/div>\n<\/div>\n<\/div>\n<\/div>\n<\/div>\n","protected":false},"excerpt":{"rendered":"<p><strong>K\u0131sa s\u00fcrede donan tamirat, sabitleme ve y\u00fczey koruma ama\u00e7l\u0131 bir yap\u0131 al\u00e7\u0131s\u0131 t\u00fcr\u00fcd\u00fcr<\/strong><\/p>\n","protected":false},"featured_media":199,"comment_status":"closed","ping_status":"closed","template":"","meta":[],"product_brand":[],"product_cat":[17,18],"product_tag":[19,21,34,20],"class_list":{"0":"post-198","1":"product","2":"type-product","3":"status-publish","4":"has-post-thumbnail","6":"product_cat-abs-alci","7":"product_cat-toz-alci","8":"product_tag-abs","9":"product_tag-alci","10":"product_tag-insaat","11":"product_tag-toz","13":"first","14":"instock","15":"taxable","16":"shipping-taxable","17":"product-type-simple"},"_links":{"self":[{"href":"https:\/\/gonenyapi.com.tr\/index.php\/wp-json\/wp\/v2\/product\/198","targetHints":{"allow":["GET"]}}],"collection":[{"href":"https:\/\/gonenyapi.com.tr\/index.php\/wp-json\/wp\/v2\/product"}],"about":[{"href":"https:\/\/gonenyapi.com.tr\/index.php\/wp-json\/wp\/v2\/types\/product"}],"replies":[{"embeddable":true,"href":"https:\/\/gonenyapi.com.tr\/index.php\/wp-json\/wp\/v2\/comments?post=198"}],"wp:featuredmedia":[{"embeddable":true,"href":"https:\/\/gonenyapi.com.tr\/index.php\/wp-json\/wp\/v2\/media\/199"}],"wp:attachment":[{"href":"https:\/\/gonenyapi.com.tr\/index.php\/wp-json\/wp\/v2\/media?parent=198"}],"wp:term":[{"taxonomy":"product_brand","embeddable":true,"href":"https:\/\/gonenyapi.com.tr\/index.php\/wp-json\/wp\/v2\/product_brand?post=198"},{"taxonomy":"product_cat","embeddable":true,"href":"https:\/\/gonenyapi.com.tr\/index.php\/wp-json\/wp\/v2\/product_cat?post=198"},{"taxonomy":"product_tag","embeddable":true,"href":"https:\/\/gonenyapi.com.tr\/index.php\/wp-json\/wp\/v2\/product_tag?post=198"}],"curies":[{"name":"wp","href":"https:\/\/api.w.org\/{rel}","templated":true}]}}