{"id":196,"date":"2020-09-19T19:17:21","date_gmt":"2020-09-19T19:17:21","guid":{"rendered":"http:\/\/gonenyapi.com.tr\/?post_type=product&#038;p=196"},"modified":"2020-09-19T19:17:21","modified_gmt":"2020-09-19T19:17:21","slug":"alci-plaka-yapistirma-alcisi","status":"publish","type":"product","link":"https:\/\/gonenyapi.com.tr\/index.php\/urun\/alci-plaka-yapistirma-alcisi\/","title":{"rendered":"Al\u00e7\u0131 Plaka Yap\u0131\u015ft\u0131rma Al\u00e7\u0131s\u0131"},"content":{"rendered":"<div class=\"fusion-builder-row fusion-builder-row-inner fusion-row \">\n<div class=\"fusion-layout-column fusion_builder_column fusion_builder_column_2_3  fusion-two-third fusion-column-last 2_3\">\n<div class=\"fusion-column-wrapper\" data-bg-url=\"\">\n<div class=\"fusion-text\">\n<p>Al\u00e7\u0131 plakalar\u0131n mevcut duvar y\u00fczeylerine kaplama yap\u0131lmas\u0131nda kullan\u0131lan \u00f6zel bir al\u00e7\u0131 t\u00fcr\u00fcd\u00fcr.<\/p>\n<ul>\n<li>\u0130yi yap\u0131\u015f\u0131r, donma sonras\u0131 mukavemeti h\u0131zla artar.<\/li>\n<li>Donma s\u00fcresi kullan\u0131m amac\u0131na uygun olarak d\u00fczenlenmi\u015ftir.<\/li>\n<li>30 kg\u2019l\u0131k polipropilen torbalarda ambalajl\u0131d\u0131r.<\/li>\n<li>TS EN 14496<\/li>\n<\/ul>\n<\/div>\n<\/div>\n<\/div>\n<div class=\"fusion-layout-column fusion_builder_column fusion_builder_column_1_1  fusion-one-full fusion-column-first fusion-column-last 1_1\">\n<div class=\"fusion-column-wrapper\" data-bg-url=\"\">\n<div class=\"fusion-tabs fusion-tabs-1 classic nav-not-justified horizontal-tabs icon-position-left\">\n<div class=\"nav\">\n<ul class=\"nav-tabs\">\n<li class=\"active\">\n<h4 class=\"fusion-tab-heading\" data-fontsize=\"15\" data-lineheight=\"25\">Detayl\u0131 Bilgi<\/h4>\n<\/li>\n<li>\n<h4 class=\"fusion-tab-heading\" data-fontsize=\"15\" data-lineheight=\"25\">D\u00f6k\u00fcmanlar<\/h4>\n<\/li>\n<\/ul>\n<\/div>\n<div class=\"tab-content\">\n<div id=\"tab-2d678e0d824b41ecd1c\" class=\"tab-pane fade fusion-clearfix in active\">\n<div class=\"table-1\">\n<table width=\"100%\">\n<tbody>\n<tr>\n<td align=\"left\" width=\"35%\">Su \/ Al\u00e7\u0131 Oran\u0131<\/td>\n<td align=\"left\" width=\"65%\">% 48<\/td>\n<\/tr>\n<tr>\n<td align=\"left\">Bas\u0131n\u00e7 Mukavemeti<\/td>\n<td align=\"left\">5 N\/mm\u00b2<\/td>\n<\/tr>\n<tr>\n<td align=\"left\">E\u011filme Mukavemeti<\/td>\n<td align=\"left\">2,4 N\/mm\u00b2<\/td>\n<\/tr>\n<tr>\n<td align=\"left\">Kullan\u0131m (\u0130\u015flenme) S\u00fcresi<\/td>\n<td align=\"left\">25 dakika<\/td>\n<\/tr>\n<tr>\n<td align=\"left\">Donma Sonu<\/td>\n<td align=\"left\">60 dakika*<\/td>\n<\/tr>\n<\/tbody>\n<\/table>\n<p>* \u0130ncelik 0,2 mm elek \u00fczeri %10* Belirtilen donma zamanlar\u0131 uygulama ve mevsim ko\u015fullar\u0131na g\u00f6re +\/- %10 de\u011fi\u015fiklik g\u00f6sterebilir.<\/p>\n<\/div>\n<\/div>\n<\/div>\n<\/div>\n<\/div>\n<\/div>\n<\/div>\n","protected":false},"excerpt":{"rendered":"<p>Al\u00e7\u0131 plakalar\u0131n mevcut duvar y\u00fczeylerine kaplama yap\u0131lmas\u0131nda kullan\u0131lan \u00f6zel bir al\u00e7\u0131 t\u00fcr\u00fcd\u00fcr.<\/p>\n","protected":false},"featured_media":197,"comment_status":"closed","ping_status":"closed","template":"","meta":[],"product_brand":[],"product_cat":[17,18],"product_tag":[19,21,20,33],"class_list":{"0":"post-196","1":"product","2":"type-product","3":"status-publish","4":"has-post-thumbnail","6":"product_cat-abs-alci","7":"product_cat-toz-alci","8":"product_tag-abs","9":"product_tag-alci","10":"product_tag-toz","11":"product_tag-yapistirma","13":"first","14":"instock","15":"taxable","16":"shipping-taxable","17":"product-type-simple"},"_links":{"self":[{"href":"https:\/\/gonenyapi.com.tr\/index.php\/wp-json\/wp\/v2\/product\/196","targetHints":{"allow":["GET"]}}],"collection":[{"href":"https:\/\/gonenyapi.com.tr\/index.php\/wp-json\/wp\/v2\/product"}],"about":[{"href":"https:\/\/gonenyapi.com.tr\/index.php\/wp-json\/wp\/v2\/types\/product"}],"replies":[{"embeddable":true,"href":"https:\/\/gonenyapi.com.tr\/index.php\/wp-json\/wp\/v2\/comments?post=196"}],"wp:featuredmedia":[{"embeddable":true,"href":"https:\/\/gonenyapi.com.tr\/index.php\/wp-json\/wp\/v2\/media\/197"}],"wp:attachment":[{"href":"https:\/\/gonenyapi.com.tr\/index.php\/wp-json\/wp\/v2\/media?parent=196"}],"wp:term":[{"taxonomy":"product_brand","embeddable":true,"href":"https:\/\/gonenyapi.com.tr\/index.php\/wp-json\/wp\/v2\/product_brand?post=196"},{"taxonomy":"product_cat","embeddable":true,"href":"https:\/\/gonenyapi.com.tr\/index.php\/wp-json\/wp\/v2\/product_cat?post=196"},{"taxonomy":"product_tag","embeddable":true,"href":"https:\/\/gonenyapi.com.tr\/index.php\/wp-json\/wp\/v2\/product_tag?post=196"}],"curies":[{"name":"wp","href":"https:\/\/api.w.org\/{rel}","templated":true}]}}