{"id":194,"date":"2020-09-19T18:52:03","date_gmt":"2020-09-19T18:52:03","guid":{"rendered":"http:\/\/gonenyapi.com.tr\/?post_type=product&#038;p=194"},"modified":"2020-09-19T18:52:36","modified_gmt":"2020-09-19T18:52:36","slug":"kartonpiyer-alcisi","status":"publish","type":"product","link":"https:\/\/gonenyapi.com.tr\/index.php\/urun\/kartonpiyer-alcisi\/","title":{"rendered":"Kartonpiyer Al\u00e7\u0131s\u0131"},"content":{"rendered":"<div class=\"fusion-builder-row fusion-builder-row-inner fusion-row \">\n<div class=\"fusion-layout-column fusion_builder_column fusion_builder_column_2_3 fusion-two-third fusion-column-last 2_3\">\n<div class=\"fusion-column-wrapper\" data-bg-url=\"\">\n<div class=\"fusion-text\">\n<p><strong>Her t\u00fcrl\u00fc dekoratif \u015fekillerin d\u00f6k\u00fcm\u00fcnde, kal\u0131p \u00e7\u0131karma ve montaj i\u015flerinde kullan\u0131lan bir yap\u0131 al\u00e7\u0131s\u0131d\u0131r.<\/strong><\/p>\n<ul>\n<li>Konut ve i\u015f yerlerinde d\u00f6kme asma tavan yap\u0131m\u0131nda, \u0131\u015f\u0131k band\u0131, perde panosu ve dekoratif ama\u00e7l\u0131 istenilen modellerin kal\u0131plar\u0131n\u0131n \u00e7\u0131kart\u0131lmas\u0131nda kullan\u0131labilmektedir.<\/li>\n<\/ul>\n<\/div>\n<\/div>\n<\/div>\n<div class=\"fusion-layout-column fusion_builder_column fusion_builder_column_1_1 fusion-one-full fusion-column-first fusion-column-last 1_1\">\n<div class=\"fusion-column-wrapper\" data-bg-url=\"\">\n<div class=\"fusion-tabs fusion-tabs-1 classic nav-not-justified horizontal-tabs icon-position-left\">\n<div class=\"nav\">\n<ul class=\"nav-tabs\">\n<li class=\"active\">\n<h4 class=\"fusion-tab-heading\" data-fontsize=\"15\" data-lineheight=\"25\">Detayl\u0131 Bilgi<\/h4>\n<\/li>\n<\/ul>\n<\/div>\n<div class=\"tab-content\">\n<div id=\"tab-4ccc059287cf3ac8a57\" class=\"tab-pane fade fusion-clearfix in active\">\n<div class=\"table-1\">\n<table width=\"100%\">\n<tbody>\n<tr>\n<td align=\"left\" width=\"35%\">Kar\u0131\u015f\u0131m Oran\u0131<\/td>\n<td align=\"left\" width=\"65%\">7.5 lt suya 10 kg al\u00e7\u0131<\/td>\n<\/tr>\n<tr>\n<td align=\"left\">Donma Sonu<\/td>\n<td align=\"left\">25-30 dakika*<\/td>\n<\/tr>\n<tr>\n<td align=\"left\">Y\u00fczey sertli\u011fi<\/td>\n<td align=\"left\">60 Shore D<\/td>\n<\/tr>\n<tr>\n<td align=\"left\">Bas\u0131n\u00e7 mukavemeti<\/td>\n<td align=\"left\">min. 9,0 N\/mm\u00b2<\/td>\n<\/tr>\n<tr>\n<td align=\"left\">E\u011filmede \u00e7ekme mukavemeti<\/td>\n<td align=\"left\">min. 4,0 N\/mm\u00b2<\/td>\n<\/tr>\n<tr>\n<td align=\"left\">160 mikron elekten ge\u00e7en (en az) (%)<\/td>\n<td align=\"left\">100<\/td>\n<\/tr>\n<tr>\n<td align=\"left\">Gev\u015fek birim hacim a\u011f\u0131rl\u0131\u011f\u0131<\/td>\n<td align=\"left\">650-700 kg\/m\u00b3<\/td>\n<\/tr>\n<tr>\n<td align=\"left\">S\u0131k\u0131 birim hacim a\u011f\u0131rl\u0131\u011f\u0131<\/td>\n<td align=\"left\">950-1050 kg\/m\u00b3<\/td>\n<\/tr>\n<tr>\n<td align=\"left\">Yang\u0131na tepki<\/td>\n<td align=\"left\">A1<\/td>\n<\/tr>\n<tr>\n<td align=\"left\">\u0130lgili standart<\/td>\n<td align=\"left\">TS EN 13279-1<\/td>\n<\/tr>\n<tr>\n<td align=\"left\">Ambalaj \u015fekli<\/td>\n<td align=\"left\">25 kg \u00b1 %2 pp torba<\/td>\n<\/tr>\n<\/tbody>\n<\/table>\n<p>*Belirtilen donma zamanlar\u0131 uygulama ve mevsim ko\u015fullar\u0131na g\u00f6re +\/- % 10 de\u011fi\u015fiklik g\u00f6sterebilir.<\/p>\n<\/div>\n<\/div>\n<\/div>\n<\/div>\n<\/div>\n<\/div>\n<\/div>\n","protected":false},"excerpt":{"rendered":"<p><strong>Her t\u00fcrl\u00fc dekoratif \u015fekillerin d\u00f6k\u00fcm\u00fcnde, kal\u0131p \u00e7\u0131karma ve montaj i\u015flerinde kullan\u0131lan bir yap\u0131 al\u00e7\u0131s\u0131d\u0131r.<\/strong><\/p>\n","protected":false},"featured_media":195,"comment_status":"closed","ping_status":"closed","template":"","meta":[],"product_brand":[],"product_cat":[17,18],"product_tag":[19,21,32,20],"class_list":{"0":"post-194","1":"product","2":"type-product","3":"status-publish","4":"has-post-thumbnail","6":"product_cat-abs-alci","7":"product_cat-toz-alci","8":"product_tag-abs","9":"product_tag-alci","10":"product_tag-kartonpiyer","11":"product_tag-toz","13":"first","14":"instock","15":"taxable","16":"shipping-taxable","17":"product-type-simple"},"_links":{"self":[{"href":"https:\/\/gonenyapi.com.tr\/index.php\/wp-json\/wp\/v2\/product\/194","targetHints":{"allow":["GET"]}}],"collection":[{"href":"https:\/\/gonenyapi.com.tr\/index.php\/wp-json\/wp\/v2\/product"}],"about":[{"href":"https:\/\/gonenyapi.com.tr\/index.php\/wp-json\/wp\/v2\/types\/product"}],"replies":[{"embeddable":true,"href":"https:\/\/gonenyapi.com.tr\/index.php\/wp-json\/wp\/v2\/comments?post=194"}],"wp:featuredmedia":[{"embeddable":true,"href":"https:\/\/gonenyapi.com.tr\/index.php\/wp-json\/wp\/v2\/media\/195"}],"wp:attachment":[{"href":"https:\/\/gonenyapi.com.tr\/index.php\/wp-json\/wp\/v2\/media?parent=194"}],"wp:term":[{"taxonomy":"product_brand","embeddable":true,"href":"https:\/\/gonenyapi.com.tr\/index.php\/wp-json\/wp\/v2\/product_brand?post=194"},{"taxonomy":"product_cat","embeddable":true,"href":"https:\/\/gonenyapi.com.tr\/index.php\/wp-json\/wp\/v2\/product_cat?post=194"},{"taxonomy":"product_tag","embeddable":true,"href":"https:\/\/gonenyapi.com.tr\/index.php\/wp-json\/wp\/v2\/product_tag?post=194"}],"curies":[{"name":"wp","href":"https:\/\/api.w.org\/{rel}","templated":true}]}}