{"id":191,"date":"2020-09-19T18:19:08","date_gmt":"2020-09-19T18:19:08","guid":{"rendered":"http:\/\/gonenyapi.com.tr\/?post_type=product&#038;p=191"},"modified":"2020-09-19T19:14:47","modified_gmt":"2020-09-19T19:14:47","slug":"m25-konsantre-makine-siva-alcisi","status":"publish","type":"product","link":"https:\/\/gonenyapi.com.tr\/index.php\/urun\/m25-konsantre-makine-siva-alcisi\/","title":{"rendered":"M25 Konsantre Makine S\u0131va Al\u00e7\u0131s\u0131"},"content":{"rendered":"<p>M25 Konsantre Makine S\u0131va Al\u00e7\u0131s\u0131<\/p>\n<div class=\"fusion-fullwidth fullwidth-box nonhundred-percent-fullwidth non-hundred-percent-height-scrolling\">\n<div class=\"fusion-builder-row fusion-row \">\n<div class=\"fusion-layout-column fusion_builder_column fusion_builder_column_4_5 fusion-builder-column-6 fusion-four-fifth fusion-column-last 4_5\">\n<div class=\"fusion-column-wrapper\" data-bg-url=\"\">\n<div class=\"fusion-title title fusion-title-1 sep-underline sep-solid fusion-title-size-two fusion-border-below-title\">\n<h2 class=\"title-heading-left\" data-fontsize=\"34\" data-lineheight=\"50\">Kullan\u0131m Alanlar\u0131<\/h2>\n<\/div>\n<div class=\"fusion-text\">\n<p>Her t\u00fcrl\u00fc y\u00fczey \u00fczerine (beton, br\u00fct beton, tu\u011fla, bimsblok, gazbeton vb.)\u00a0makine ile p\u00fcsk\u00fcrt\u00fclerek uygulanan al\u00e7\u0131 esasl\u0131 s\u0131vad\u0131r.<\/p>\n<\/div>\n<div class=\"fusion-title title fusion-title-2 sep-underline sep-solid fusion-title-size-two fusion-border-below-title\">\n<h2 class=\"title-heading-left\" data-fontsize=\"34\" data-lineheight=\"50\">Uygulama<\/h2>\n<\/div>\n<div class=\"fusion-text\">\n<ul>\n<li>Uygulamaya \u00f6ncesinde Uyar\u0131 ve \u00d6neriler\u00a0uygulama y\u00fczeyi toz ve tutunmay\u0131\u00a0engelleyen maddelerden\u00a0ar\u0131nd\u0131r\u0131lmal\u0131d\u0131r.<\/li>\n<li>150-200 cm civar\u0131nda aral\u0131klarla ano \u00e7\u0131talar\u0131 yerle\u015ftirilmelidir.<\/li>\n<li>ABS M25, s\u0131va makinesi ile\u00a0kar\u0131\u015ft\u0131r\u0131ld\u0131ktan sonra anolar\u0131n\u00a0aras\u0131na p\u00fcsk\u00fcrt\u00fcl\u00fcr.<\/li>\n<li>P\u00fcsk\u00fcrtmenin ard\u0131ndan mastar ile\u00a0y\u00fczey d\u00fczeltilir<\/li>\n<li>\u0130lk mastardan 15-20 dk. sonra\u00a0ikinci mastar yap\u0131lmal\u0131d\u0131r.<\/li>\n<li>Uygulamaya ba\u015flad\u0131ktan 50-70\u00a0dk. sonra y\u00fczeye su p\u00fcsk\u00fcrt\u00fcl\u00fcr\u00a0ve kau\u00e7uk mala ile y\u00fczey tirfillenir<\/li>\n<li>Bu i\u015flemin ard\u0131ndan 10\u00a0dakika kadar sonra, \u00e7elik mala\u00a0kullan\u0131larak y\u00fczey parlat\u0131l\u0131r.<\/li>\n<li>\u0130lk maladan 60 dk. kadar sonra ikinci\u00a0mala uygulamas\u0131 yap\u0131larak sert, s\u0131rl\u0131\u00a0ve parlak bir y\u00fczey elde edilir.<\/li>\n<\/ul>\n<\/div>\n<div class=\"fusion-title title fusion-title-3 sep-underline sep-solid fusion-title-size-two fusion-border-below-title\">\n<h2 class=\"title-heading-left\" data-fontsize=\"34\" data-lineheight=\"50\">Teknik \u00d6zellikler<\/h2>\n<\/div>\n<div class=\"table-1\">\n<table width=\"100%\">\n<tbody>\n<tr>\n<td align=\"left\">Su \/ Al\u00e7\u0131 oran\u0131<\/td>\n<td align=\"left\">7-7,2 lt suya 10 kg M25<\/td>\n<\/tr>\n<tr>\n<td align=\"left\">Priz ba\u015flang\u0131\u00e7 s\u00fcresi<\/td>\n<td align=\"left\">&gt; 50 dakika (TS EN 13279-1\u2019e g\u00f6re)<\/td>\n<\/tr>\n<tr>\n<td align=\"left\">Donma sonu<\/td>\n<td align=\"left\">220-240 dakika<\/td>\n<\/tr>\n<tr>\n<td align=\"left\">T\u00fcketim miktar\u0131<\/td>\n<td align=\"left\">Her 1 cm kal\u0131nl\u0131kta 7,5 \u2013 8 kg \/ m2<\/td>\n<\/tr>\n<tr>\n<td align=\"left\">Bas\u0131n\u00e7 dayan\u0131m\u0131 (en az)<\/td>\n<td align=\"left\">20 kgf\/cm\u00b2(4x4x16 blok)<\/td>\n<\/tr>\n<tr>\n<td align=\"left\">E\u011filmede k\u0131r\u0131lma dayan\u0131m\u0131 (en az)<\/td>\n<td align=\"left\">10 kgf \/ cm2 (4x4x16 blok)<\/td>\n<\/tr>\n<tr>\n<td align=\"left\">Gev\u015fek birim hacim a\u011f\u0131rl\u0131\u011f\u0131 (toz)<\/td>\n<td align=\"left\">650 \u2013 700 kg \/ m\u00b3<\/td>\n<\/tr>\n<tr>\n<td align=\"left\">Kuru birim hacim a\u011f\u0131rl\u0131\u011f\u0131<\/td>\n<td align=\"left\">750-800 kg\/m\u00b3<\/td>\n<\/tr>\n<tr>\n<td align=\"left\">Is\u0131l iletkenlik de\u011feri<\/td>\n<td align=\"left\">0,21 W\/mK (TS 825\u2019e g\u00f6re)<\/td>\n<\/tr>\n<tr>\n<td align=\"left\">Yang\u0131na tepki<\/td>\n<td align=\"left\">A1<\/td>\n<\/tr>\n<tr>\n<td align=\"left\">Sahip oldu\u011fu standart<\/td>\n<td align=\"left\">TS EN 13279-1 \/ TS EN 13279-2<\/td>\n<\/tr>\n<tr>\n<td align=\"left\">Tipi<\/td>\n<td align=\"left\">B4\/50\/2 \u2013 Y\u00fcksek Al\u00e7\u0131 Oranl\u0131 (p\u00fcsk\u00fcrtme) Bina \u0130\u00e7in Hafif S\u0131va Al\u00e7\u0131s\u0131<\/td>\n<\/tr>\n<tr>\n<td align=\"left\">Ambalaj Tipi<\/td>\n<td align=\"left\">Polipropilen torba<\/td>\n<\/tr>\n<tr>\n<td align=\"left\">Net a\u011f\u0131rl\u0131k<\/td>\n<td align=\"left\">25 kg \u00b1 %2<\/td>\n<\/tr>\n<\/tbody>\n<\/table>\n<\/div>\n<div class=\"fusion-clearfix\"><\/div>\n<\/div>\n<\/div>\n<\/div>\n<\/div>\n<div class=\"fusion-fullwidth fullwidth-box nonhundred-percent-fullwidth non-hundred-percent-height-scrolling\">\n<div class=\"fusion-builder-row fusion-row \">\n<div class=\"fusion-layout-column fusion_builder_column fusion_builder_column_1_5 fusion-builder-column-7 fusion-one-fifth fusion-column-first 1_5\">\n<div class=\"fusion-column-wrapper\" data-bg-url=\"\">\n<div class=\"fusion-clearfix\"><\/div>\n<\/div>\n<\/div>\n<div class=\"fusion-layout-column fusion_builder_column fusion_builder_column_4_5 fusion-builder-column-8 fusion-four-fifth fusion-column-last 4_5\">\n<div class=\"fusion-column-wrapper\" data-bg-url=\"\">\n<div class=\"fusion-title title fusion-title-4 sep-underline sep-solid fusion-title-size-two fusion-border-below-title\">\n<h2 class=\"title-heading-left\" data-fontsize=\"34\" data-lineheight=\"50\">Uyar\u0131 ve \u00d6neriler<\/h2>\n<\/div>\n<div class=\"fusion-text\">\n<ul>\n<li>ABS M25\u2019i ba\u015fka hi\u00e7bir \u00fcr\u00fcn\u00a0veya malzeme ile kar\u0131\u015ft\u0131rmay\u0131n\u0131z.<\/li>\n<li>Uygulama kal\u0131nl\u0131\u011f\u0131 8-30 mm\u00a0aras\u0131nda olmal\u0131d\u0131r<\/li>\n<li>Uygulama yap\u0131lan ortamlar\u0131n\u00a0s\u0131cakl\u0131\u011f\u0131 en az +5\u00b0C, en \u00e7ok\u00a0+35\u00b0C olmal\u0131d\u0131r.<\/li>\n<li>Kuru ve s\u0131cak y\u00fczeyler uygulama\u00a0\u00f6ncesinde kesinlikle \u0131slat\u0131lmal\u0131d\u0131r.<\/li>\n<li>S\u0131va makinesi ve kullan\u0131lan\u00a0aletler temiz olmal\u0131d\u0131r.<\/li>\n<\/ul>\n<\/div>\n<\/div>\n<\/div>\n<\/div>\n<\/div>\n","protected":false},"excerpt":{"rendered":"<p>Her t\u00fcrl\u00fc y\u00fczey \u00fczerine (beton, br\u00fct beton, tu\u011fla, bimsblok, gazbeton vb.) makine ile p\u00fcsk\u00fcrt\u00fclerek uygulanan al\u00e7\u0131 esasl\u0131 s\u0131vad\u0131r.<\/p>\n","protected":false},"featured_media":192,"comment_status":"closed","ping_status":"closed","template":"","meta":[],"product_brand":[],"product_cat":[17,18],"product_tag":[19,21,31,20],"class_list":{"0":"post-191","1":"product","2":"type-product","3":"status-publish","4":"has-post-thumbnail","6":"product_cat-abs-alci","7":"product_cat-toz-alci","8":"product_tag-abs","9":"product_tag-alci","10":"product_tag-m25","11":"product_tag-toz","13":"first","14":"instock","15":"taxable","16":"shipping-taxable","17":"product-type-simple"},"_links":{"self":[{"href":"https:\/\/gonenyapi.com.tr\/index.php\/wp-json\/wp\/v2\/product\/191","targetHints":{"allow":["GET"]}}],"collection":[{"href":"https:\/\/gonenyapi.com.tr\/index.php\/wp-json\/wp\/v2\/product"}],"about":[{"href":"https:\/\/gonenyapi.com.tr\/index.php\/wp-json\/wp\/v2\/types\/product"}],"replies":[{"embeddable":true,"href":"https:\/\/gonenyapi.com.tr\/index.php\/wp-json\/wp\/v2\/comments?post=191"}],"wp:featuredmedia":[{"embeddable":true,"href":"https:\/\/gonenyapi.com.tr\/index.php\/wp-json\/wp\/v2\/media\/192"}],"wp:attachment":[{"href":"https:\/\/gonenyapi.com.tr\/index.php\/wp-json\/wp\/v2\/media?parent=191"}],"wp:term":[{"taxonomy":"product_brand","embeddable":true,"href":"https:\/\/gonenyapi.com.tr\/index.php\/wp-json\/wp\/v2\/product_brand?post=191"},{"taxonomy":"product_cat","embeddable":true,"href":"https:\/\/gonenyapi.com.tr\/index.php\/wp-json\/wp\/v2\/product_cat?post=191"},{"taxonomy":"product_tag","embeddable":true,"href":"https:\/\/gonenyapi.com.tr\/index.php\/wp-json\/wp\/v2\/product_tag?post=191"}],"curies":[{"name":"wp","href":"https:\/\/api.w.org\/{rel}","templated":true}]}}