{"id":189,"date":"2020-09-19T18:15:44","date_gmt":"2020-09-19T18:15:44","guid":{"rendered":"http:\/\/gonenyapi.com.tr\/?post_type=product&#038;p=189"},"modified":"2020-09-19T19:13:35","modified_gmt":"2020-09-19T19:13:35","slug":"m19-makine-siva-alcisi","status":"publish","type":"product","link":"https:\/\/gonenyapi.com.tr\/index.php\/urun\/m19-makine-siva-alcisi\/","title":{"rendered":"M19 Makine S\u0131va Al\u00e7\u0131s\u0131"},"content":{"rendered":"<div class=\"fusion-builder-row fusion-builder-row-inner fusion-row \">\n<div class=\"fusion-layout-column fusion_builder_column fusion_builder_column_2_3 fusion-two-third fusion-column-last 2_3\">\n<div class=\"fusion-column-wrapper\" data-bg-url=\"\">\n<div class=\"fusion-text\">\n<p>M19 Makine S\u0131va Al\u00e7\u0131s\u0131, makine ile p\u00fcsk\u00fcrt\u00fclerek uygulanan al\u00e7\u0131 esasl\u0131 torbalanm\u0131\u015f haz\u0131r s\u0131vad\u0131r.<br \/>\n\u0130\u00e7 mek\u00e2nlarda beton, br\u00fct beton, tu\u011fla, bims blok, gaz beton vb. y\u00fczeylerde kullan\u0131l\u0131r.<\/p>\n<\/div>\n<\/div>\n<\/div>\n<div class=\"fusion-layout-column fusion_builder_column fusion_builder_column_1_1 fusion-one-full fusion-column-first fusion-column-last 1_1\">\n<div class=\"fusion-column-wrapper\" data-bg-url=\"\">\n<div class=\"fusion-tabs fusion-tabs-1 classic nav-not-justified horizontal-tabs icon-position-left\">\n<div class=\"nav\">\n<ul class=\"nav-tabs\">\n<li class=\"active\">\n<h4 class=\"fusion-tab-heading\" data-fontsize=\"15\" data-lineheight=\"25\">Detayl\u0131 Bilgi<\/h4>\n<\/li>\n<\/ul>\n<\/div>\n<div class=\"tab-content\">\n<div id=\"tab-c3cc2c2b2a54d79296e\" class=\"tab-pane fade fusion-clearfix in active\">\n<p>Su \/ Al\u00e7\u0131 oran\u0131: 4,4 -4,8 lt suya 10 kg M19<br \/>\nPriz ba\u015flang\u0131\u00e7 s\u00fcresi: &gt;50 dakika (TS EN 13279-1\u2019e g\u00f6re)<br \/>\nDonma sonu: 180 dakika<br \/>\nT\u00fcketim miktar\u0131: Her 1 cm kal\u0131nl\u0131kta 10-11 kg\/m\u00b2<br \/>\nBas\u0131n\u00e7 dayan\u0131m\u0131: \u226520 kgf\/cm\u00b2 (4\u00d74 blok)<br \/>\nE\u011filmede k\u0131r\u0131lma dayan\u0131m\u0131: \u226510 kgf\/cm\u00b2 (4x4x16 blok)<br \/>\n1500 mikron elekten ge\u00e7en: %100<br \/>\nGev\u015fek birim hacim a\u011f\u0131rl\u0131\u011f\u0131 (toz): 850-900 kg\/m\u00b3<br \/>\nKuru birim hacim a\u011f\u0131rl\u0131\u011f\u0131: 1100-1150 kg\/m\u00b3<br \/>\nIs\u0131l iletkenlik de\u011feri: 0,43 W\/mK<br \/>\nYang\u0131na tepki: A1<br \/>\nSahip oldu\u011fu standart: TS EN 13279-1 \/ TS EN 13279-2<br \/>\nTipi: B4\/50\/2 Bina \u0130\u00e7in Hafif S\u0131va Al\u00e7\u0131s\u0131 (P\u00fcsk\u00fcrtme)<br \/>\nAmbalaj Tipi: Polipropilen torba<br \/>\nNet a\u011f\u0131rl\u0131k: 35 kg \u00b1 %2<\/p>\n<\/div>\n<\/div>\n<\/div>\n<\/div>\n<\/div>\n<\/div>\n","protected":false},"excerpt":{"rendered":"<p>M19 Makine S\u0131va Al\u00e7\u0131s\u0131, makine ile p\u00fcsk\u00fcrt\u00fclerek uygulanan al\u00e7\u0131 esasl\u0131 torbalanm\u0131\u015f haz\u0131r s\u0131vad\u0131r.<br \/>\n\u0130\u00e7 mek\u00e2nlarda beton, br\u00fct beton, tu\u011fla, bims blok, gaz beton vb. y\u00fczeylerde kullan\u0131l\u0131r.<\/p>\n","protected":false},"featured_media":190,"comment_status":"closed","ping_status":"closed","template":"","meta":[],"product_brand":[],"product_cat":[17,18],"product_tag":[19,21,30,20],"class_list":{"0":"post-189","1":"product","2":"type-product","3":"status-publish","4":"has-post-thumbnail","6":"product_cat-abs-alci","7":"product_cat-toz-alci","8":"product_tag-abs","9":"product_tag-alci","10":"product_tag-m19","11":"product_tag-toz","13":"first","14":"instock","15":"taxable","16":"shipping-taxable","17":"product-type-simple"},"_links":{"self":[{"href":"https:\/\/gonenyapi.com.tr\/index.php\/wp-json\/wp\/v2\/product\/189","targetHints":{"allow":["GET"]}}],"collection":[{"href":"https:\/\/gonenyapi.com.tr\/index.php\/wp-json\/wp\/v2\/product"}],"about":[{"href":"https:\/\/gonenyapi.com.tr\/index.php\/wp-json\/wp\/v2\/types\/product"}],"replies":[{"embeddable":true,"href":"https:\/\/gonenyapi.com.tr\/index.php\/wp-json\/wp\/v2\/comments?post=189"}],"wp:featuredmedia":[{"embeddable":true,"href":"https:\/\/gonenyapi.com.tr\/index.php\/wp-json\/wp\/v2\/media\/190"}],"wp:attachment":[{"href":"https:\/\/gonenyapi.com.tr\/index.php\/wp-json\/wp\/v2\/media?parent=189"}],"wp:term":[{"taxonomy":"product_brand","embeddable":true,"href":"https:\/\/gonenyapi.com.tr\/index.php\/wp-json\/wp\/v2\/product_brand?post=189"},{"taxonomy":"product_cat","embeddable":true,"href":"https:\/\/gonenyapi.com.tr\/index.php\/wp-json\/wp\/v2\/product_cat?post=189"},{"taxonomy":"product_tag","embeddable":true,"href":"https:\/\/gonenyapi.com.tr\/index.php\/wp-json\/wp\/v2\/product_tag?post=189"}],"curies":[{"name":"wp","href":"https:\/\/api.w.org\/{rel}","templated":true}]}}