{"id":184,"date":"2020-09-19T18:07:42","date_gmt":"2020-09-19T18:07:42","guid":{"rendered":"http:\/\/gonenyapi.com.tr\/?post_type=product&#038;p=184"},"modified":"2020-09-19T18:56:10","modified_gmt":"2020-09-19T18:56:10","slug":"saten-alci","status":"publish","type":"product","link":"https:\/\/gonenyapi.com.tr\/index.php\/urun\/saten-alci\/","title":{"rendered":"Saten Al\u00e7\u0131"},"content":{"rendered":"<div class=\"fusion-builder-row fusion-builder-row-inner fusion-row \">\n<div class=\"fusion-layout-column fusion_builder_column fusion_builder_column_2_3 fusion-two-third fusion-column-last 2_3\">\n<div class=\"fusion-column-wrapper\" data-bg-url=\"\">\n<div class=\"fusion-text\">\n<p>Br\u00fct beton, gaz beton, s\u0131va, al\u00e7\u0131 plaka vb. y\u00fczeylerin son derece d\u00fczg\u00fcn bir \u015fekilde bitimini sa\u011flar.<\/p>\n<ul>\n<li>Y\u00fczeylerdeki bo\u015fluk ve p\u00fcr\u00fczleri kapat\u0131r, doku farklar\u0131n\u0131, kal\u0131p hatalar\u0131n\u0131, d\u00fczlemsel bozukluklar\u0131 giderir.<\/li>\n<li>Sa\u011fl\u0131kl\u0131d\u0131r.<\/li>\n<li>Her t\u00fcrl\u00fc boya ve dekoratif kaplaman\u0131n macun gerekmeksizin uygulanabilece\u011fi kusursuz bir y\u00fczey sa\u011flar.<\/li>\n<li>Y\u00fcksek yap\u0131\u015fma \u00f6zelli\u011fine sahiptir. Sert bir film tabakas\u0131 meydana getirir.<\/li>\n<li>25 kg\u2019l\u0131k lamine edilmi\u015f polipropilen torbalar i\u00e7indedir.<\/li>\n<li>TS EN 13279-1,2<\/li>\n<\/ul>\n<\/div>\n<\/div>\n<\/div>\n<div class=\"fusion-layout-column fusion_builder_column fusion_builder_column_1_1 fusion-one-full fusion-column-first fusion-column-last 1_1\">\n<div class=\"fusion-column-wrapper\" data-bg-url=\"\">\n<div class=\"fusion-tabs fusion-tabs-1 classic nav-not-justified horizontal-tabs icon-position-left\">\n<div class=\"nav\">\n<ul class=\"nav-tabs\">\n<li class=\"active\">\n<h4 class=\"fusion-tab-heading\" data-fontsize=\"15\" data-lineheight=\"25\">Detayl\u0131 Bilgi<\/h4>\n<\/li>\n<\/ul>\n<\/div>\n<div class=\"tab-content\">\n<div id=\"tab-f192cb1dcfa2e7d80db\" class=\"tab-pane fade fusion-clearfix in active\">\n<div class=\"table-1\">\n<table width=\"100%\">\n<tbody>\n<tr>\n<td align=\"left\" width=\"35%\">Kar\u0131\u015f\u0131m Suyu<\/td>\n<td align=\"left\" width=\"65%\">7.0 lt suya 10 kg al\u00e7\u0131<\/td>\n<\/tr>\n<tr>\n<td align=\"left\">Donma Sonu<\/td>\n<td align=\"left\">150 dakika*<\/td>\n<\/tr>\n<tr>\n<td align=\"left\">Kullanabilirlik S\u00fcresi<\/td>\n<td align=\"left\">90 Dakika<\/td>\n<\/tr>\n<tr>\n<td align=\"left\">T\u00fcketim Miktar\u0131 (1 mm Kal\u0131nl\u0131kta)<\/td>\n<td align=\"left\">1 kg\/m\u00b2<\/td>\n<\/tr>\n<tr>\n<td align=\"left\">Kuruma S\u00fcresi<\/td>\n<td align=\"left\">Ortalama 2 g\u00fcn<\/td>\n<\/tr>\n<tr>\n<td align=\"left\">Su Absorbsiyonu<\/td>\n<td align=\"left\">A\u011f\u0131rl\u011f\u0131n %17\u2019si<\/td>\n<\/tr>\n<tr>\n<td align=\"left\">Y\u00fczey Sertli\u011fi<\/td>\n<td align=\"left\">50 Shore D<\/td>\n<\/tr>\n<tr>\n<td align=\"left\">Bas\u0131n\u00e7 Mukavemeti<\/td>\n<td align=\"left\">min. 2,5 N\/mm\u00b2<\/td>\n<\/tr>\n<tr>\n<td align=\"left\"><\/td>\n<td align=\"left\"><\/td>\n<\/tr>\n<tr>\n<td align=\"left\">E\u011filme Mukavemeti<\/td>\n<td align=\"left\">min. 1,0 N\/mm\u00b2<\/td>\n<\/tr>\n<tr>\n<td align=\"left\">Is\u0131 \u0130letkenli\u011fi<\/td>\n<td align=\"left\">0,30 W\/mK (0,26 Kcal\/mh\u00b0C)<\/td>\n<\/tr>\n<\/tbody>\n<\/table>\n<p>*Belirtilen donma zamanlar\u0131 uygulama ve mevsim ko\u015fullar\u0131na g\u00f6re +\/- % 10 de\u011fi\u015fiklik g\u00f6sterebilir.<\/p>\n<\/div>\n<\/div>\n<\/div>\n<\/div>\n<\/div>\n<\/div>\n<\/div>\n","protected":false},"excerpt":{"rendered":"<p>Br\u00fct beton, gaz beton, s\u0131va, al\u00e7\u0131 plaka vb. y\u00fczeylerin son derece d\u00fczg\u00fcn bir \u015fekilde bitimini sa\u011flar.<\/p>\n","protected":false},"featured_media":185,"comment_status":"closed","ping_status":"closed","template":"","meta":[],"product_brand":[],"product_cat":[17,18],"product_tag":[19,21,28,20],"class_list":{"0":"post-184","1":"product","2":"type-product","3":"status-publish","4":"has-post-thumbnail","6":"product_cat-abs-alci","7":"product_cat-toz-alci","8":"product_tag-abs","9":"product_tag-alci","10":"product_tag-saten","11":"product_tag-toz","13":"first","14":"instock","15":"taxable","16":"shipping-taxable","17":"product-type-simple"},"_links":{"self":[{"href":"https:\/\/gonenyapi.com.tr\/index.php\/wp-json\/wp\/v2\/product\/184","targetHints":{"allow":["GET"]}}],"collection":[{"href":"https:\/\/gonenyapi.com.tr\/index.php\/wp-json\/wp\/v2\/product"}],"about":[{"href":"https:\/\/gonenyapi.com.tr\/index.php\/wp-json\/wp\/v2\/types\/product"}],"replies":[{"embeddable":true,"href":"https:\/\/gonenyapi.com.tr\/index.php\/wp-json\/wp\/v2\/comments?post=184"}],"wp:featuredmedia":[{"embeddable":true,"href":"https:\/\/gonenyapi.com.tr\/index.php\/wp-json\/wp\/v2\/media\/185"}],"wp:attachment":[{"href":"https:\/\/gonenyapi.com.tr\/index.php\/wp-json\/wp\/v2\/media?parent=184"}],"wp:term":[{"taxonomy":"product_brand","embeddable":true,"href":"https:\/\/gonenyapi.com.tr\/index.php\/wp-json\/wp\/v2\/product_brand?post=184"},{"taxonomy":"product_cat","embeddable":true,"href":"https:\/\/gonenyapi.com.tr\/index.php\/wp-json\/wp\/v2\/product_cat?post=184"},{"taxonomy":"product_tag","embeddable":true,"href":"https:\/\/gonenyapi.com.tr\/index.php\/wp-json\/wp\/v2\/product_tag?post=184"}],"curies":[{"name":"wp","href":"https:\/\/api.w.org\/{rel}","templated":true}]}}