{"id":181,"date":"2020-09-19T17:58:21","date_gmt":"2020-09-19T17:58:21","guid":{"rendered":"http:\/\/gonenyapi.com.tr\/?post_type=product&#038;p=181"},"modified":"2020-09-19T18:55:04","modified_gmt":"2020-09-19T18:55:04","slug":"siva-1982-35-kg","status":"publish","type":"product","link":"https:\/\/gonenyapi.com.tr\/index.php\/urun\/siva-1982-35-kg\/","title":{"rendered":"SIVA 1982 35 kg"},"content":{"rendered":"<div class=\"fusion-layout-column fusion_builder_column fusion_builder_column_4_5 fusion-builder-column-2 fusion-four-fifth fusion-column-last 4_5\">\n<div class=\"fusion-column-wrapper\" data-bg-url=\"\">\n<div class=\"fusion-builder-row fusion-builder-row-inner fusion-row \">\n<div class=\"fusion-layout-column fusion_builder_column fusion_builder_column_2_3 fusion-two-third fusion-column-last 2_3\">\n<div class=\"fusion-column-wrapper\" data-bg-url=\"\">\n<div class=\"fusion-text\">\n<p>Beton, gaz beton, tu\u011fla ve bimsblok gibi y\u00fczeylere do\u011frudan uygulanabilen sa\u011fl\u0131kl\u0131 ve do\u011fal bir haz\u0131r al\u00e7\u0131 s\u0131va \u00fcr\u00fcn\u00fcd\u00fcr.<\/p>\n<ul>\n<li>Sa\u011fl\u0131kl\u0131d\u0131r. Ortamdaki rutubeti dengeler, \u0131s\u0131 yal\u0131t\u0131m\u0131 ve \u0131s\u0131sal konfor sa\u011flar.<\/li>\n<li>Is\u0131 yal\u0131t\u0131m\u0131na katk\u0131 sa\u011flar.<\/li>\n<li>Haz\u0131r s\u0131vad\u0131r. 35 kg\u2019l\u0131k lamine edilmi\u015f polipropilen torbalar i\u00e7indedir.<\/li>\n<li>Tu\u011fla, beton, gaz beton, bimsblok vb. y\u00fczeylerde do\u011frudan ve g\u00fcvenle uygulanabilir.<\/li>\n<li>TS EN 13279-1,2<\/li>\n<\/ul>\n<\/div>\n<\/div>\n<\/div>\n<div class=\"fusion-layout-column fusion_builder_column fusion_builder_column_1_1 fusion-one-full fusion-column-first fusion-column-last 1_1\">\n<div class=\"fusion-column-wrapper\" data-bg-url=\"\">\n<div class=\"fusion-tabs fusion-tabs-1 classic nav-not-justified horizontal-tabs icon-position-left\">\n<div class=\"nav\">\n<ul class=\"nav-tabs\">\n<li class=\"active\">\n<h4 class=\"fusion-tab-heading\" data-fontsize=\"15\" data-lineheight=\"25\">Detayl\u0131 Bilgi<\/h4>\n<\/li>\n<\/ul>\n<\/div>\n<div class=\"tab-content\">\n<div id=\"tab-921741cacf61c593755\" class=\"tab-pane fade fusion-clearfix in active\">\n<div class=\"table-1\">\n<table width=\"100%\">\n<tbody>\n<tr>\n<td align=\"left\" width=\"35%\">Kar\u0131\u015f\u0131m Suyu<\/td>\n<td align=\"left\" width=\"65%\">10 kg al\u00e7\u0131ya 6,0-6,5 lt su.<\/td>\n<\/tr>\n<tr>\n<td align=\"left\">Donma Sonu<\/td>\n<td align=\"left\">150 dakika*<\/td>\n<\/tr>\n<tr>\n<td align=\"left\">Kullanabilirlik S\u00fcresi<\/td>\n<td align=\"left\">60 Dakika<\/td>\n<\/tr>\n<tr>\n<td align=\"left\">Tek Katta Uygulama Kal\u0131nl\u0131\u011f\u0131<\/td>\n<td align=\"left\">min. 5mm.<\/td>\n<\/tr>\n<tr>\n<td align=\"left\">T\u00fcketim Miktar\u0131(1 cm Kal\u0131nl\u0131kta)<\/td>\n<td align=\"left\">10 kg\/m\u00b2<\/td>\n<\/tr>\n<tr>\n<td align=\"left\">Kuruma S\u00fcresi<\/td>\n<td align=\"left\">max. 4 g\u00fcn<\/td>\n<\/tr>\n<tr>\n<td align=\"left\">Su Absorbsiyonu<\/td>\n<td align=\"left\">A\u011f\u0131rl\u0131\u011f\u0131n %32\u2019si<\/td>\n<\/tr>\n<tr>\n<td align=\"left\">Y\u00fczey Sertli\u011fi<\/td>\n<td align=\"left\">40 Shore D<\/td>\n<\/tr>\n<tr>\n<td align=\"left\">Kuru Birim Hacim A\u011f\u0131rl\u0131\u011f\u0131<\/td>\n<td align=\"left\">1.150 kg\/m3<\/td>\n<\/tr>\n<tr>\n<td align=\"left\">E\u011filme Mukavemeti<\/td>\n<td align=\"left\">min. 1,0 N\/mm\u00b2<\/td>\n<\/tr>\n<tr>\n<td align=\"left\">Bas\u0131n\u00e7 Mukavemeti<\/td>\n<td align=\"left\">min. 2,5 N\/mm\u00b2<\/td>\n<\/tr>\n<tr>\n<td align=\"left\">Is\u0131 \u0130letkenli\u011fi<\/td>\n<td align=\"left\">0,30W\/mK (0,26 Kcal\/mh\u00baC)<\/td>\n<\/tr>\n<\/tbody>\n<\/table>\n<p>* Belirtilen donma zamanlar\u0131 uygulama ve mevsim ko\u015fullar\u0131na g\u00f6re +\/- % 10 de\u011fi\u015fiklik g\u00f6sterebilir.<\/p>\n<\/div>\n<\/div>\n<\/div>\n<\/div>\n<\/div>\n<\/div>\n<\/div>\n<div class=\"fusion-clearfix\"><\/div>\n<\/div>\n<\/div>\n","protected":false},"excerpt":{"rendered":"<p>Beton, gaz beton, tu\u011fla ve bimsblok gibi y\u00fczeylere do\u011frudan uygulanabilen sa\u011fl\u0131kl\u0131 ve do\u011fal bir haz\u0131r al\u00e7\u0131 s\u0131va \u00fcr\u00fcn\u00fcd\u00fcr.<\/p>\n","protected":false},"featured_media":183,"comment_status":"closed","ping_status":"closed","template":"","meta":[],"product_brand":[],"product_cat":[17,18],"product_tag":[19,21,27,20],"class_list":{"0":"post-181","1":"product","2":"type-product","3":"status-publish","4":"has-post-thumbnail","6":"product_cat-abs-alci","7":"product_cat-toz-alci","8":"product_tag-abs","9":"product_tag-alci","10":"product_tag-siva","11":"product_tag-toz","13":"first","14":"instock","15":"taxable","16":"shipping-taxable","17":"product-type-simple"},"_links":{"self":[{"href":"https:\/\/gonenyapi.com.tr\/index.php\/wp-json\/wp\/v2\/product\/181","targetHints":{"allow":["GET"]}}],"collection":[{"href":"https:\/\/gonenyapi.com.tr\/index.php\/wp-json\/wp\/v2\/product"}],"about":[{"href":"https:\/\/gonenyapi.com.tr\/index.php\/wp-json\/wp\/v2\/types\/product"}],"replies":[{"embeddable":true,"href":"https:\/\/gonenyapi.com.tr\/index.php\/wp-json\/wp\/v2\/comments?post=181"}],"wp:featuredmedia":[{"embeddable":true,"href":"https:\/\/gonenyapi.com.tr\/index.php\/wp-json\/wp\/v2\/media\/183"}],"wp:attachment":[{"href":"https:\/\/gonenyapi.com.tr\/index.php\/wp-json\/wp\/v2\/media?parent=181"}],"wp:term":[{"taxonomy":"product_brand","embeddable":true,"href":"https:\/\/gonenyapi.com.tr\/index.php\/wp-json\/wp\/v2\/product_brand?post=181"},{"taxonomy":"product_cat","embeddable":true,"href":"https:\/\/gonenyapi.com.tr\/index.php\/wp-json\/wp\/v2\/product_cat?post=181"},{"taxonomy":"product_tag","embeddable":true,"href":"https:\/\/gonenyapi.com.tr\/index.php\/wp-json\/wp\/v2\/product_tag?post=181"}],"curies":[{"name":"wp","href":"https:\/\/api.w.org\/{rel}","templated":true}]}}