{"id":1182,"date":"2020-10-07T23:12:37","date_gmt":"2020-10-07T20:12:37","guid":{"rendered":"http:\/\/gonenyapi.com.tr\/?post_type=product&#038;p=1182"},"modified":"2020-10-07T23:12:37","modified_gmt":"2020-10-07T20:12:37","slug":"kendinden-yapiskanli-membranlar","status":"publish","type":"product","link":"https:\/\/gonenyapi.com.tr\/index.php\/urun\/kendinden-yapiskanli-membranlar\/","title":{"rendered":"Kendinden Yap\u0131\u015fkanl\u0131 Membranlar"},"content":{"rendered":"<h4>Tan\u0131m\u0131<\/h4>\n<p>Cam t\u00fcl\u00fc ve polyester ke\u00e7e ta\u015f\u0131y\u0131c\u0131l\u0131, bit\u00fcm ve SBS i\u00e7eri\u011fine ilaveten \u00f6zel yap\u0131\u015fma etkili kimyasal katk\u0131 ile ekstra esnek, bir y\u00fcz\u00fc polietilen film, di\u011fer y\u00fcz\u00fcnde s\u00f6k\u00fclebilir polipropilen bulunan <strong>kendinden yap\u0131\u015fkanl\u0131 ve uzun \u00f6m\u00fcrl\u00fc su yal\u0131t\u0131m membran\u0131d\u0131r<\/strong>.<\/p>\n<h4>Kullan\u0131m Alanlar\u0131<\/h4>\n<ul>\n<li class=\"item_1\">Teras ve e\u011fimli beton \u00e7at\u0131larda,<\/li>\n<li class=\"item_2\">Hafif metal \u00e7at\u0131lar i\u00e7in ilk kat yal\u0131t\u0131m \u00f6rt\u00fcs\u00fc olarak,<\/li>\n<li class=\"item_3\">So\u011fuk iklimler i\u00e7in tasarland\u0131\u011f\u0131 gibi, her t\u00fcrl\u00fc esneklik gerektiren y\u00fczeyde yap\u0131lacak olan su yal\u0131t\u0131mlar\u0131nda birinci kat veya \u0131s\u0131 yal\u0131t\u0131m levhalar\u0131n\u0131n (XPS &#8211; EPS) \u00fczerine birinci kat \u00f6rt\u00fc olarak kullan\u0131labilmektedir.<\/li>\n<li class=\"item_4\">Ah\u015fap, plastik, cam, s\u0131va, beton gibi bir \u00e7ok y\u00fczeye yap\u0131\u015fabilme \u00f6zelli\u011fine sahip oldu\u011fundan duvar, arapet, baca dibi, sa\u00e7ak, harpu\u015fta, \u00e7at\u0131 kaplama levhalar\u0131nda olu\u015fabilen \u00e7atlaklarda, teknelerin g\u00fcverte kaplama yal\u0131t\u0131mlar\u0131nda, otomotiv sekt\u00f6r\u00fcnde vb. bir\u00e7ok detayda kullan\u0131labilir.<\/li>\n<\/ul>\n<h4>Avantajlar\u0131<\/h4>\n<ul>\n<li class=\"item_1\">\u00c7ok kolay uygulan\u0131r, esnektir ve uzun \u00f6m\u00fcrl\u00fcd\u00fcr.<\/li>\n<li class=\"item_2\">Kendinden yap\u0131\u015fkanl\u0131d\u0131r.<\/li>\n<li class=\"item_3\">Farkl\u0131 tipteki y\u00fczeylere kolayl\u0131kla uygulanabilir.<\/li>\n<li class=\"item_4\">Y\u00fcksek \u00e7ekme ve kopma mukavemetine sahiptir.<\/li>\n<li class=\"item_5\">Toprakta olu\u015fabilecek agresif etkilere kar\u015f\u0131 dayan\u0131kl\u0131d\u0131r.<\/li>\n<li class=\"item_6\">Dilatasyon, baca kenar\u0131 ve parapet d\u00f6n\u00fc\u015f\u00fc gibi detaylarda kolay uygulan\u0131r.<\/li>\n<li class=\"item_7\">D\u00fc\u015f\u00fck s\u0131cakl\u0131klarda uygulanabilir.<\/li>\n<\/ul>\n<h4>Y\u00fczey Haz\u0131rlama<\/h4>\n<p>Uygulama yap\u0131lacak zemin gev\u015fek par\u00e7alardan, ya\u011f ve di\u011fer kimyasallardan temizlenir ve y\u00fczeydeki bozukluklar uygun olan REPAMERK tamir har\u00e7lar\u0131 ile tamir edilir, k\u00f6\u015feler ise <a href=\"https:\/\/www.baumerk.com\/tr\/urun\/mastik-ve-derz-dolgu-urunleri-2\/bitum-esasli-elastik-pah-bandi\">PH 55<\/a> bit\u00fcm pah band\u0131 ile yal\u0131t\u0131m yap\u0131labilir. \u0130yi bir yap\u0131\u015fma sa\u011flamak i\u00e7in uygulama y\u00fczeyinin temiz ve kuru olmas\u0131 gerekmektedir. Fakat beton y\u00fczeylerde uygulama yapmadan \u00f6nce y\u00fczeye <a href=\"https:\/\/www.baumerk.com\/tr\/Urun\/bitum-kaucuk-esasli-su-yalitim-urunleri\/bitum-esasli-membran-astari\">B PR 100<\/a> bit\u00fcm astar\u0131 s\u00fcr\u00fclmesi ve astar tabakas\u0131 kuruduktan sonra Self Membran\u2019\u0131n kuru y\u00fczeye yap\u0131\u015ft\u0131r\u0131lmas\u0131 gerekir.<\/p>\n<h4>Uygulama<\/h4>\n<p>Self Membran\u2019\u0131n bir y\u00fczeyinde bulunan s\u00f6k\u00fclebilir film tabakas\u0131 s\u00f6k\u00fcld\u00fckten sonra membran y\u00fczeye yap\u0131\u015fmaya haz\u0131r hale gelmi\u015f olur. Ek yerlerinde 10 cm, rulo biti\u015f yerlerinde ise 15 cm bini pay\u0131 b\u0131rak\u0131larak yap\u0131\u015ft\u0131r\u0131l\u0131r.<\/p>\n","protected":false},"excerpt":{"rendered":"<p>Cam t\u00fcl\u00fc ve polyester ke\u00e7e ta\u015f\u0131y\u0131c\u0131l\u0131, bit\u00fcm ve SBS i\u00e7eri\u011fine ilaveten \u00f6zel yap\u0131\u015fma etkili kimyasal katk\u0131 ile ekstra esnek, bir y\u00fcz\u00fc polietilen film, di\u011fer y\u00fcz\u00fcnde s\u00f6k\u00fclebilir polipropilen bulunan <strong>kendinden yap\u0131\u015fkanl\u0131 ve uzun \u00f6m\u00fcrl\u00fc su yal\u0131t\u0131m membran\u0131d\u0131r<\/strong>.<\/p>\n","protected":false},"featured_media":1184,"comment_status":"closed","ping_status":"closed","template":"","meta":[],"product_brand":[],"product_cat":[196],"product_tag":[],"class_list":{"0":"post-1182","1":"product","2":"type-product","3":"status-publish","4":"has-post-thumbnail","6":"product_cat-su-yalitim-membranlari","8":"first","9":"instock","10":"taxable","11":"shipping-taxable","12":"product-type-simple"},"_links":{"self":[{"href":"https:\/\/gonenyapi.com.tr\/index.php\/wp-json\/wp\/v2\/product\/1182","targetHints":{"allow":["GET"]}}],"collection":[{"href":"https:\/\/gonenyapi.com.tr\/index.php\/wp-json\/wp\/v2\/product"}],"about":[{"href":"https:\/\/gonenyapi.com.tr\/index.php\/wp-json\/wp\/v2\/types\/product"}],"replies":[{"embeddable":true,"href":"https:\/\/gonenyapi.com.tr\/index.php\/wp-json\/wp\/v2\/comments?post=1182"}],"wp:featuredmedia":[{"embeddable":true,"href":"https:\/\/gonenyapi.com.tr\/index.php\/wp-json\/wp\/v2\/media\/1184"}],"wp:attachment":[{"href":"https:\/\/gonenyapi.com.tr\/index.php\/wp-json\/wp\/v2\/media?parent=1182"}],"wp:term":[{"taxonomy":"product_brand","embeddable":true,"href":"https:\/\/gonenyapi.com.tr\/index.php\/wp-json\/wp\/v2\/product_brand?post=1182"},{"taxonomy":"product_cat","embeddable":true,"href":"https:\/\/gonenyapi.com.tr\/index.php\/wp-json\/wp\/v2\/product_cat?post=1182"},{"taxonomy":"product_tag","embeddable":true,"href":"https:\/\/gonenyapi.com.tr\/index.php\/wp-json\/wp\/v2\/product_tag?post=1182"}],"curies":[{"name":"wp","href":"https:\/\/api.w.org\/{rel}","templated":true}]}}