{"id":1177,"date":"2020-10-07T23:03:40","date_gmt":"2020-10-07T20:03:40","guid":{"rendered":"http:\/\/gonenyapi.com.tr\/?post_type=product&#038;p=1177"},"modified":"2020-10-07T23:03:40","modified_gmt":"2020-10-07T20:03:40","slug":"sbs-katkili-polimer-bitumlu-ortuler","status":"publish","type":"product","link":"https:\/\/gonenyapi.com.tr\/index.php\/urun\/sbs-katkili-polimer-bitumlu-ortuler\/","title":{"rendered":"SBS Katk\u0131l\u0131, Polimer Bit\u00fcml\u00fc \u00d6rt\u00fcler"},"content":{"rendered":"<h4>Tan\u0131m\u0131<\/h4>\n<p>Cam t\u00fcl\u00fc ve polyester ke\u00e7e ta\u015f\u0131y\u0131c\u0131l\u0131, SBS (Styrene Butadiene Styrene) katk\u0131l\u0131, her iki y\u00fcz\u00fc polietilen film ya da bir y\u00fcz\u00fc polietilen film di\u011fer y\u00fcz\u00fc silis kum, al\u00fcminyum folyo veya mineral ta\u015f kapl\u0131 <strong>polimer bit\u00fcml\u00fc su yal\u0131t\u0131m \u00f6rt\u00fcleridir<\/strong>.<\/p>\n<h4>Kullan\u0131m Alanlar\u0131<\/h4>\n<p>Temel boh\u00e7alama, hafif metal ve prefabrik \u00e7at\u0131larda, otopark, teras ve e\u011fimli \u00e7at\u0131lar, balkon, \u00e7i\u00e7eklik, bah\u00e7e teras, beton kanaletler, ya\u011fmur dereleri ve gizli derelerde istinat ve bodrum duvarlar\u0131, pis su ar\u0131tma tesisleri ve bas\u0131n\u00e7l\u0131 yeralt\u0131 sular\u0131na kar\u015f\u0131, su depolar\u0131, g\u00f6let, y\u00fczme ve s\u00fcs havuzlar\u0131nda kullan\u0131l\u0131r.<\/p>\n<h4>Avantajlar\u0131<\/h4>\n<ul>\n<li class=\"item_1\">Yap\u0131s\u0131ndaki y\u00fcksek elastikiyet \u00f6zelli\u011finden dolay\u0131 so\u011fuk iklimli b\u00f6lgelerin farkl\u0131 tipteki y\u00fczeylerinde kolayl\u0131kla uygulanabilir.<\/li>\n<li class=\"item_2\">Y\u00fcksek \u00e7ekme ve kopma mukavemetine sahiptir.<\/li>\n<li class=\"item_3\">Toprakta olu\u015fabilecek agresif etkilere kar\u015f\u0131 dayan\u0131kl\u0131d\u0131r.<\/li>\n<li class=\"item_4\">Dilatasyon, baca kenar\u0131 ve parapet d\u00f6n\u00fc\u015f\u00fc gibi detaylarda kolay uygulan\u0131r.<\/li>\n<\/ul>\n<h4>Y\u00fczey Haz\u0131rlama<\/h4>\n<p>Uygulama yap\u0131lacak zemin gev\u015fek par\u00e7alardan, ya\u011f ve di\u011fer kimyasallardan temizlenir ve y\u00fczeydeki bozukluklar uygun olan REPAMERK tamir har\u00e7lar\u0131 ile tamir edilir, k\u00f6\u015feler ise <a href=\"https:\/\/www.baumerk.com\/tr\/urun\/mastik-ve-derz-dolgu-urunleri-2\/bitum-esasli-elastik-pah-bandi\">PH 55<\/a> bit\u00fcm pah band\u0131 ile yal\u0131t\u0131m yap\u0131labilir. Sa\u011fl\u0131kl\u0131 bir uygulama i\u00e7in, uygulama yap\u0131lacak y\u00fczeye astar olarak <a href=\"https:\/\/www.baumerk.com\/tr\/Urun\/bitum-kaucuk-esasli-su-yalitim-urunleri\/bitum-esasli-membran-astari\">B PR 100<\/a> membran astar\u0131 kullan\u0131lmas\u0131 tavsiye edilir.<\/p>\n<h4>Uygulama<\/h4>\n<p>Ek yerlerinde 10 cm, rulo biti\u015f yerlerinde ise 15 cm bini pay\u0131 b\u0131rak\u0131larak, \u015fal\u00fcmo alevi ile tam olarak y\u00fczeye yap\u0131\u015ft\u0131r\u0131l\u0131r.<\/p>\n","protected":false},"excerpt":{"rendered":"<p>Cam t\u00fcl\u00fc ve polyester ke\u00e7e ta\u015f\u0131y\u0131c\u0131l\u0131, SBS (Styrene Butadiene Styrene) katk\u0131l\u0131, her iki y\u00fcz\u00fc polietilen film ya da bir y\u00fcz\u00fc polietilen film di\u011fer y\u00fcz\u00fc silis kum, al\u00fcminyum folyo veya mineral ta\u015f kapl\u0131 <strong>polimer bit\u00fcml\u00fc su yal\u0131t\u0131m \u00f6rt\u00fcleridir<\/strong>.<\/p>\n","protected":false},"featured_media":1178,"comment_status":"closed","ping_status":"closed","template":"","meta":[],"product_brand":[],"product_cat":[196],"product_tag":[],"class_list":{"0":"post-1177","1":"product","2":"type-product","3":"status-publish","4":"has-post-thumbnail","6":"product_cat-su-yalitim-membranlari","8":"first","9":"instock","10":"taxable","11":"shipping-taxable","12":"product-type-simple"},"_links":{"self":[{"href":"https:\/\/gonenyapi.com.tr\/index.php\/wp-json\/wp\/v2\/product\/1177","targetHints":{"allow":["GET"]}}],"collection":[{"href":"https:\/\/gonenyapi.com.tr\/index.php\/wp-json\/wp\/v2\/product"}],"about":[{"href":"https:\/\/gonenyapi.com.tr\/index.php\/wp-json\/wp\/v2\/types\/product"}],"replies":[{"embeddable":true,"href":"https:\/\/gonenyapi.com.tr\/index.php\/wp-json\/wp\/v2\/comments?post=1177"}],"wp:featuredmedia":[{"embeddable":true,"href":"https:\/\/gonenyapi.com.tr\/index.php\/wp-json\/wp\/v2\/media\/1178"}],"wp:attachment":[{"href":"https:\/\/gonenyapi.com.tr\/index.php\/wp-json\/wp\/v2\/media?parent=1177"}],"wp:term":[{"taxonomy":"product_brand","embeddable":true,"href":"https:\/\/gonenyapi.com.tr\/index.php\/wp-json\/wp\/v2\/product_brand?post=1177"},{"taxonomy":"product_cat","embeddable":true,"href":"https:\/\/gonenyapi.com.tr\/index.php\/wp-json\/wp\/v2\/product_cat?post=1177"},{"taxonomy":"product_tag","embeddable":true,"href":"https:\/\/gonenyapi.com.tr\/index.php\/wp-json\/wp\/v2\/product_tag?post=1177"}],"curies":[{"name":"wp","href":"https:\/\/api.w.org\/{rel}","templated":true}]}}