{"id":1173,"date":"2020-10-07T22:57:11","date_gmt":"2020-10-07T19:57:11","guid":{"rendered":"http:\/\/gonenyapi.com.tr\/?post_type=product&#038;p=1173"},"modified":"2020-10-07T22:57:11","modified_gmt":"2020-10-07T19:57:11","slug":"teras-balkon-ve-islak-hacim-su-yalitim-urunleri-uv-dayanimli-akrilik-esasli-su-ve-isi-yalitim-malzemesi","status":"publish","type":"product","link":"https:\/\/gonenyapi.com.tr\/index.php\/urun\/teras-balkon-ve-islak-hacim-su-yalitim-urunleri-uv-dayanimli-akrilik-esasli-su-ve-isi-yalitim-malzemesi\/","title":{"rendered":"Teras, Balkon ve Islak Hacim Su Yal\u0131t\u0131m \u00dcr\u00fcnleri \/ UV Dayan\u0131ml\u0131, Akrilik Esasl\u0131, Su ve Is\u0131 Yal\u0131t\u0131m Malzemesi"},"content":{"rendered":"<h2>SOLARCOAT<\/h2>\n<h4>Tan\u0131m\u0131<\/h4>\n<p><strong>SOLARCOAT<\/strong>, akrilik esasl\u0131, tek bile\u015fenli, mikro k\u00fcresel partik\u00fcller i\u00e7eren yap\u0131s\u0131 ile radyan \u0131s\u0131 enerjisini yans\u0131tarak y\u00fczey s\u0131cakl\u0131\u011f\u0131n\u0131 minimize etme prensibine g\u00f6re \u00e7al\u0131\u015fan, binalar\u0131n i\u00e7 s\u0131cakl\u0131klar\u0131n\u0131 d\u00fc\u015f\u00fcrmek i\u00e7in kullan\u0131lan UV dayan\u0131ml\u0131, elastik su ve \u0131s\u0131 yal\u0131t\u0131m malzemesidir. \u00dcr\u00fcn i\u00e7erisinde bulunan mikro seramik k\u00fcrecikler sayesinde \u0131s\u0131y\u0131 yans\u0131tma sistemiyle % 25-30\u2019a kadar \u0131s\u0131 tasarrufu sa\u011flar. G\u00fcne\u015f \u0131\u015f\u0131nlar\u0131n\u0131n %95\u2019ini, UV \u0131\u015f\u0131nlar\u0131n\u0131n % 85\u2019ini geri yans\u0131t\u0131r.<\/p>\n<h4>Kullan\u0131m Alanlar\u0131<\/h4>\n<ul>\n<li class=\"item_1\">Bina ve \u00f6zel yap\u0131lar\u0131n, \u00e7at\u0131 ve duvarlar\u0131nda,<\/li>\n<li class=\"item_2\">Her t\u00fcrl\u00fc beton, s\u0131va, ta\u015f, metal, tu\u011fla, ah\u015fap, dekoratif kaplamalar gibi y\u00fczeylerde,<\/li>\n<li class=\"item_3\">Deniz etkisi alt\u0131nda kalan b\u00f6lgelerin d\u0131\u015f cephelerinde kullan\u0131labilir.<\/li>\n<\/ul>\n<h4>Avantajlar\u0131<\/h4>\n<ul>\n<li class=\"item_1\">Tek bile\u015fenlidir, kullan\u0131ma haz\u0131r ve kolay uygulan\u0131r.<\/li>\n<li class=\"item_2\">Su bazl\u0131d\u0131r, zehirli ve yan\u0131c\u0131 de\u011fildir.<\/li>\n<li class=\"item_3\">Konutlar\u0131n i\u00e7 s\u0131cakl\u0131klar\u0131n\u0131 d\u00fc\u015f\u00fcr\u00fcr, so\u011futmada enerji sarfiyat\u0131n\u0131 azaltarak masraflar\u0131 azalt\u0131r.<\/li>\n<li class=\"item_4\">Y\u00fcksek yap\u0131\u015fma mukavemetine sahiptir.<\/li>\n<li class=\"item_5\">K\u00fcf ve mantar olu\u015fumunu engeller.<\/li>\n<li class=\"item_6\">\u00c7atlak k\u00f6pr\u00fcs\u00fc olu\u015fturur, elastik kal\u0131r.<\/li>\n<li class=\"item_7\">UV \u0131\u015f\u0131nlar\u0131na dayan\u0131kl\u0131d\u0131r.<\/li>\n<\/ul>\n<h4>Uygulama Y\u00f6ntemi<\/h4>\n<p><strong>Y\u00fczey Haz\u0131rl\u0131\u011f\u0131<\/strong><\/p>\n<p>Uygulama y\u00fczeyi temiz, sa\u011flam, kuru ve her t\u00fcrl\u00fc pas, ya\u011f, toz, eski boya ve kirden ar\u0131nd\u0131r\u0131lm\u0131\u015f olmal\u0131d\u0131r. Y\u00fczey mekanik a\u015f\u0131nd\u0131rma ile a\u015f\u0131nd\u0131r\u0131larak daha iyi bir yap\u0131\u015fma elde edilmesi sa\u011flanmal\u0131d\u0131r. Y\u00fczeyde bulunan kabarc\u0131k, delik ve \u00e7atlaklar temizlenerek elastik bir dolgu ile tamir edilmelidir. Emici y\u00fczeyler \u00f6nceden <a href=\"https:\/\/www.baumerk.com\/tr\/Urun\/teras-balkon-ve-islak-hacim-su-yalitim-urunleri\/akrilik-esasli-performans-arttirici-cok-amacli-astar\">SPR 104<\/a> emici y\u00fczey astar\u0131 ile astarlanmal\u0131d\u0131r. Astarlama bu tip y\u00fczeyler i\u00e7in \u00f6zellikle \u00f6nerilir. \u00c7\u00fcnk\u00fc bu t\u00fcr y\u00fczeyler \u00e7ok zay\u0131f olup, \u00fczerine uygulanan <strong>SOLARCOAT<\/strong> iyi yap\u0131\u015famayabilir ve sonradan soyulabilir. Metal y\u00fczeylerdeki pasl\u0131 k\u0131s\u0131mlar kumlama veya di\u011fer metotlarla temizlenmeli ve sonra bir antipas astar ile astarlanmal\u0131d\u0131r. Di\u011fer metal y\u00fczeyler de uygun y\u00fczey haz\u0131rl\u0131klar\u0131 ile (astarlama, ya\u011f giderici uygulamas\u0131, a\u015f\u0131nd\u0131rma) yap\u0131\u015fma garanti alt\u0131na al\u0131nmal\u0131d\u0131r.<\/p>\n<p><strong>Uygulama<\/strong><\/p>\n<p>Uygulama y\u00fczeyine g\u00f6re uygun astar kullan\u0131r ve y\u00fczey kurumaya b\u0131rak\u0131l\u0131r. <strong>SOLARCOAT<\/strong> iki ya da daha fazla kat olacak \u015fekilde y\u00fczeye f\u0131r\u00e7a, rulo ya da havas\u0131z tabanca ile p\u00fcsk\u00fcrterek uygulan\u0131r. Katlar aras\u0131nda 4-8 saat beklenmelidir. Son kat kaplama uyguland\u0131ktan sonra y\u00fczey 24 saat kurumaya b\u0131rak\u0131l\u0131r, bu s\u00fcre i\u00e7erisinde ya\u011fmur ve dondan y\u00fczey korunmal\u0131d\u0131r. B\u00fcy\u00fck alanlar halinde uygulama yaparken, uygulama b\u00f6lgelerini maskeleme band\u0131 ile b\u00f6lerek daha d\u00fczg\u00fcn bir uygulama ve g\u00f6r\u00fcn\u00fcm elde edilebilir.<\/p>\n<h4>Sarfiyat<\/h4>\n<p>1,30 &#8211; 1,80 kg\/m\u00b2 \u00e7ift katta<\/p>\n<h4>Ambalaj<\/h4>\n<p>20 kg plastik kova<\/p>\n","protected":false},"excerpt":{"rendered":"<p><strong>SOLARCOAT<\/strong>, akrilik esasl\u0131, tek bile\u015fenli, mikro k\u00fcresel partik\u00fcller i\u00e7eren yap\u0131s\u0131 ile radyan \u0131s\u0131 enerjisini yans\u0131tarak y\u00fczey s\u0131cakl\u0131\u011f\u0131n\u0131 minimize etme prensibine g\u00f6re \u00e7al\u0131\u015fan, binalar\u0131n i\u00e7 s\u0131cakl\u0131klar\u0131n\u0131 d\u00fc\u015f\u00fcrmek i\u00e7in kullan\u0131lan UV dayan\u0131ml\u0131, elastik su ve \u0131s\u0131 yal\u0131t\u0131m malzemesidir. \u00dcr\u00fcn i\u00e7erisinde bulunan mikro seramik k\u00fcrecikler sayesinde \u0131s\u0131y\u0131 yans\u0131tma sistemiyle % 25-30\u2019a kadar \u0131s\u0131 tasarrufu sa\u011flar. G\u00fcne\u015f \u0131\u015f\u0131nlar\u0131n\u0131n %95\u2019ini, UV \u0131\u015f\u0131nlar\u0131n\u0131n % 85\u2019ini geri yans\u0131t\u0131r.<\/p>\n","protected":false},"featured_media":1174,"comment_status":"closed","ping_status":"closed","template":"","meta":[],"product_brand":[],"product_cat":[195],"product_tag":[],"class_list":{"0":"post-1173","1":"product","2":"type-product","3":"status-publish","4":"has-post-thumbnail","6":"product_cat-baumerk-yapi-kimyasallari","8":"first","9":"instock","10":"taxable","11":"shipping-taxable","12":"product-type-simple"},"_links":{"self":[{"href":"https:\/\/gonenyapi.com.tr\/index.php\/wp-json\/wp\/v2\/product\/1173","targetHints":{"allow":["GET"]}}],"collection":[{"href":"https:\/\/gonenyapi.com.tr\/index.php\/wp-json\/wp\/v2\/product"}],"about":[{"href":"https:\/\/gonenyapi.com.tr\/index.php\/wp-json\/wp\/v2\/types\/product"}],"replies":[{"embeddable":true,"href":"https:\/\/gonenyapi.com.tr\/index.php\/wp-json\/wp\/v2\/comments?post=1173"}],"wp:featuredmedia":[{"embeddable":true,"href":"https:\/\/gonenyapi.com.tr\/index.php\/wp-json\/wp\/v2\/media\/1174"}],"wp:attachment":[{"href":"https:\/\/gonenyapi.com.tr\/index.php\/wp-json\/wp\/v2\/media?parent=1173"}],"wp:term":[{"taxonomy":"product_brand","embeddable":true,"href":"https:\/\/gonenyapi.com.tr\/index.php\/wp-json\/wp\/v2\/product_brand?post=1173"},{"taxonomy":"product_cat","embeddable":true,"href":"https:\/\/gonenyapi.com.tr\/index.php\/wp-json\/wp\/v2\/product_cat?post=1173"},{"taxonomy":"product_tag","embeddable":true,"href":"https:\/\/gonenyapi.com.tr\/index.php\/wp-json\/wp\/v2\/product_tag?post=1173"}],"curies":[{"name":"wp","href":"https:\/\/api.w.org\/{rel}","templated":true}]}}