{"id":1170,"date":"2020-10-07T22:55:24","date_gmt":"2020-10-07T19:55:24","guid":{"rendered":"http:\/\/gonenyapi.com.tr\/?post_type=product&#038;p=1170"},"modified":"2020-10-07T22:55:24","modified_gmt":"2020-10-07T19:55:24","slug":"cimento-esasli-su-yalitim-urunleri-cimento-akrilik-esasli-cift-komponentli-yari-elastik-su-yalitim-malzemesi","status":"publish","type":"product","link":"https:\/\/gonenyapi.com.tr\/index.php\/urun\/cimento-esasli-su-yalitim-urunleri-cimento-akrilik-esasli-cift-komponentli-yari-elastik-su-yalitim-malzemesi\/","title":{"rendered":"\u00c7imento Esasl\u0131 Su Yal\u0131t\u0131m \u00dcr\u00fcnleri \/ \u00c7imento-Akrilik Esasl\u0131, \u00c7ift Komponentli, Yar\u0131 Elastik Su Yal\u0131t\u0131m Malzemesi"},"content":{"rendered":"<h2>CHIMEX 125<\/h2>\n<h4>Tan\u0131m\u0131<\/h4>\n<p><strong>CHIMEX 125<\/strong>&nbsp;\u00e7imento ve akrilik esasl\u0131, \u00e7ift bile\u015fenli, s\u0131z\u0131nt\u0131 ve y\u00fczey sular\u0131na kar\u015f\u0131 beton ve \u00e7imento esasl\u0131 s\u0131valar \u00fczerine i\u00e7ten veya d\u0131\u015ftan uygulanabilen, yar\u0131 elastik su yal\u0131t\u0131m malzemesidir.<\/p>\n<h4>Kullan\u0131m Alanlar\u0131<\/h4>\n<ul>\n<li class=\"item_1\">Havuz, su deposu gibi su bas\u0131nc\u0131na maruz kalan y\u00fczeylerde ve teras, banyo, bodrum kat gibi \u0131slak hacim ve rutubetli mekanlarda kullan\u0131labilir.<\/li>\n<li class=\"item_2\">Temel yal\u0131t\u0131mlar, istinat duvarlar\u0131, i\u00e7 ve d\u0131\u015f mekanlarda, d\u00fc\u015fey ve yatay uygulamalar i\u00e7in uygundur.<\/li>\n<li class=\"item_3\">Kapl\u0131ca hamam gibi tesislerde kullan\u0131labilir.<\/li>\n<li class=\"item_4\">\u00c7i\u00e7eklik yal\u0131t\u0131mlar\u0131nda kullan\u0131labilir.<\/li>\n<\/ul>\n<h4>Avantajlar\u0131<\/h4>\n<ul>\n<li class=\"item_1\">Y\u00fcksek yap\u0131\u015fma performans\u0131 ve yar\u0131 esnek yap\u0131s\u0131 sayesinde, \u015fap ve seramik alt\u0131nda su ge\u00e7irmeyen bir tabaka olu\u015fturur.<\/li>\n<li class=\"item_2\">Derzsiz, eksiz, kal\u0131c\u0131 ve su ge\u00e7irmeyen bir kaplama sa\u011flar.<\/li>\n<li class=\"item_3\">\u0130\u00e7me suyu depolar\u0131nda kullan\u0131ma uygundur.<\/li>\n<li class=\"item_4\">Su buhar\u0131 ge\u00e7irimlidir.<\/li>\n<li class=\"item_5\">Kolay uygulan\u0131r.<\/li>\n<li class=\"item_6\">\u00c7al\u0131\u015fma s\u00fcresi uzundur.<\/li>\n<li class=\"item_7\">Topraktaki kimyasallara ve tuz \u00e7\u00f6zeltilerine dayan\u0131kl\u0131d\u0131r.<\/li>\n<\/ul>\n<h4>Uygulama Y\u00f6ntemi<\/h4>\n<p><strong>Y\u00fczey Haz\u0131rl\u0131\u011f\u0131<\/strong><\/p>\n<p>Uygulama yap\u0131lacak y\u00fczey temiz, sa\u011flam ve yap\u0131\u015fmay\u0131 azaltan her t\u00fcrl\u00fc ya\u011f, pas, \u00e7imento art\u0131klar\u0131 ve kirden ar\u0131nd\u0131r\u0131lmal\u0131d\u0131r. Uygulamaya ge\u00e7ilmeden \u00f6nce b\u00fcy\u00fck g\u00f6zenek ve \u00e7atlaklar&nbsp;<a href=\"https:\/\/www.baumerk.com\/tr\/Urun\/onarim-ve-guclendirme-sistemleri\/cimento-esasli-kalin-agregali-tamir-harci\">REPAMERK 1<\/a>&nbsp;tamir harc\u0131 ile doldurulmal\u0131d\u0131r. Y\u00fczey nemlendirilmeli ve uygulama s\u0131ras\u0131nda nemli kalmas\u0131 sa\u011flanmal\u0131d\u0131r. Birinci kat&nbsp;<strong>CHIMEX 125<\/strong>&nbsp;uyguland\u0131ktan sonra sivri u\u00e7lar, yatay ve d\u00fc\u015fey ek yerleri gibi \u00e7atlamaya uygun b\u00f6lgeler&nbsp;<a href=\"https:\/\/www.baumerk.com\/tr\/Urun\/onarim-ve-guclendirme-sistemleri\/cimento-esasli-kalin-agregali-tamir-harci\">REPAMERK 1<\/a>&nbsp;tamir harc\u0131 veya&nbsp;<a href=\"https:\/\/www.baumerk.com\/tr\/Urun\/yardimci-urunler\/file-tasiyicili-pah-izolasyon-bandi\">PH 127<\/a>&nbsp;pah band\u0131 ile yuvarlat\u0131lmal\u0131 ve bu pah\u0131n \u00fczerine ikinci kat&nbsp;<strong>CHIMEX 125<\/strong>&nbsp;uygulanmal\u0131d\u0131r.<\/p>\n<p><strong>Uygulama<\/strong><\/p>\n<p><strong>CHIMEX 125<\/strong>\u2019in s\u0131v\u0131 B bile\u015feni temiz bir kaba konur ve \u00fczerine toz A bile\u015fen, d\u00fc\u015f\u00fck devirli kar\u0131\u015ft\u0131r\u0131c\u0131 alt\u0131nda yava\u015f yava\u015f ilave edilerek, homojen ve topaks\u0131z bir kar\u0131\u015f\u0131m elde edilinceye kadar kar\u0131\u015ft\u0131r\u0131l\u0131r (yakla\u015f\u0131k 3-5 dakika). Haz\u0131rlanan kar\u0131\u015f\u0131m iki veya \u00fc\u00e7 kat halinde, her kat uygulama y\u00f6n\u00fc birbirine dik olacak \u015fekilde f\u0131r\u00e7a ile uygulanmal\u0131d\u0131r. Her kat bir \u00f6nceki kat sertle\u015fmeye ba\u015flarken, hen\u00fcz ya\u015fken uygulanmal\u0131d\u0131r. Gerekirse ikinci kat s\u00fcr\u00fclmeden y\u00fczey hafif\u00e7e nemlendirilmelidir. Haz\u0131rlanan kar\u0131\u015f\u0131m maksimum 2 saat i\u00e7erisinde t\u00fcketilmelidir.<\/p>\n<p>D\u0131\u015f y\u00fczey uygulamalar\u0131nda y\u00fczey ilk 24 saat g\u00fcne\u015f, r\u00fczgar, don ve ya\u011fmurdan korunmal\u0131d\u0131r.<\/p>\n<h4>Sarfiyat<\/h4>\n<p>Her katta yakla\u015f\u0131k 1,0 &#8211; 1,5 kg\/m<sup>2<\/sup>&nbsp;kar\u0131\u015f\u0131m kullan\u0131l\u0131r. En az 2 kat, gerekirse 3 kat uygulama yap\u0131lmas\u0131 \u00f6nerilir.<\/p>\n<h4>Ambalaj<\/h4>\n<p>25 kg set<\/p>\n<p>Toz bile\u015fen A: 20 kg kraft torba<\/p>\n<p>S\u0131v\u0131 bile\u015fen B: 5 kg bidon<\/p>\n","protected":false},"excerpt":{"rendered":"<p><strong>CHIMEX 125<\/strong>&nbsp;\u00e7imento ve akrilik esasl\u0131, \u00e7ift bile\u015fenli, s\u0131z\u0131nt\u0131 ve y\u00fczey sular\u0131na kar\u015f\u0131 beton ve \u00e7imento esasl\u0131 s\u0131valar \u00fczerine i\u00e7ten veya d\u0131\u015ftan uygulanabilen, yar\u0131 elastik su yal\u0131t\u0131m malzemesidir.<\/p>\n","protected":false},"featured_media":1172,"comment_status":"closed","ping_status":"closed","template":"","meta":[],"product_brand":[],"product_cat":[195],"product_tag":[],"class_list":{"0":"post-1170","1":"product","2":"type-product","3":"status-publish","4":"has-post-thumbnail","6":"product_cat-baumerk-yapi-kimyasallari","8":"first","9":"instock","10":"taxable","11":"shipping-taxable","12":"product-type-simple"},"_links":{"self":[{"href":"https:\/\/gonenyapi.com.tr\/index.php\/wp-json\/wp\/v2\/product\/1170","targetHints":{"allow":["GET"]}}],"collection":[{"href":"https:\/\/gonenyapi.com.tr\/index.php\/wp-json\/wp\/v2\/product"}],"about":[{"href":"https:\/\/gonenyapi.com.tr\/index.php\/wp-json\/wp\/v2\/types\/product"}],"replies":[{"embeddable":true,"href":"https:\/\/gonenyapi.com.tr\/index.php\/wp-json\/wp\/v2\/comments?post=1170"}],"wp:featuredmedia":[{"embeddable":true,"href":"https:\/\/gonenyapi.com.tr\/index.php\/wp-json\/wp\/v2\/media\/1172"}],"wp:attachment":[{"href":"https:\/\/gonenyapi.com.tr\/index.php\/wp-json\/wp\/v2\/media?parent=1170"}],"wp:term":[{"taxonomy":"product_brand","embeddable":true,"href":"https:\/\/gonenyapi.com.tr\/index.php\/wp-json\/wp\/v2\/product_brand?post=1170"},{"taxonomy":"product_cat","embeddable":true,"href":"https:\/\/gonenyapi.com.tr\/index.php\/wp-json\/wp\/v2\/product_cat?post=1170"},{"taxonomy":"product_tag","embeddable":true,"href":"https:\/\/gonenyapi.com.tr\/index.php\/wp-json\/wp\/v2\/product_tag?post=1170"}],"curies":[{"name":"wp","href":"https:\/\/api.w.org\/{rel}","templated":true}]}}