{"id":1169,"date":"2020-10-07T22:53:23","date_gmt":"2020-10-07T19:53:23","guid":{"rendered":"http:\/\/gonenyapi.com.tr\/?post_type=product&#038;p=1169"},"modified":"2020-10-07T22:53:23","modified_gmt":"2020-10-07T19:53:23","slug":"bitum-kaucuk-esasli-su-yalitim-urunleri-bitum-emulsiyonu-bitum-astari","status":"publish","type":"product","link":"https:\/\/gonenyapi.com.tr\/index.php\/urun\/bitum-kaucuk-esasli-su-yalitim-urunleri-bitum-emulsiyonu-bitum-astari\/","title":{"rendered":"Bit\u00fcm &#8211; Kau\u00e7uk Esasl\u0131 Su Yal\u0131t\u0131m \u00dcr\u00fcnleri \/ Bit\u00fcm Em\u00fclsiyonu (Bit\u00fcm Astar\u0131)"},"content":{"rendered":"<h2>B PR 101<\/h2>\n<h4>Tan\u0131m\u0131<\/h4>\n<p>Su ve bit\u00fcm\u00fcn, \u00f6zel y\u00f6ntemler kullan\u0131larak kar\u0131\u015ft\u0131r\u0131lmas\u0131 ile elde edilen kullan\u0131ma haz\u0131r bit\u00fcml\u00fc membran astar\u0131 ve su yal\u0131t\u0131m malzemesidir.<\/p>\n<h4>Kullan\u0131m Alanlar\u0131<\/h4>\n<ul>\n<li class=\"item_1\">Her marka bit\u00fcm esasl\u0131 olan rulo ve likit membranlar\u0131n uygulamas\u0131ndan \u00f6nce astar olarak kullan\u0131l\u0131r.<\/li>\n<li class=\"item_2\">B\u00fct\u00fcn yatay ve d\u00fc\u015fey y\u00fczeylerde,<\/li>\n<li class=\"item_3\">Temel, mahzen ve bodrumlar\u0131n pozitif y\u00f6nden (d\u0131\u015ftan) yal\u0131t\u0131m\u0131nda,<\/li>\n<li class=\"item_4\">Banyo, mutfak, tuvalet gibi kapal\u0131 \u0131slak hacimlerin izolasyonunda,<\/li>\n<li class=\"item_5\">S\u0131cak bit\u00fcmle parke yap\u0131\u015ft\u0131rma uygulamalar\u0131nda, \u015fap \u00fczerine astar olarak,<\/li>\n<li class=\"item_6\">\u0130n\u015faat kal\u0131plar\u0131na s\u00fcr\u00fclerek, kal\u0131plar\u0131n kolay s\u00f6k\u00fclmesi ve d\u00fczg\u00fcn bir y\u00fczey elde edilmesi amac\u0131yla kullan\u0131l\u0131r.<\/li>\n<\/ul>\n<h4>Avantajlar\u0131<\/h4>\n<ul>\n<li class=\"item_1\">\u00dcst\u00fcn yap\u0131\u015fma \u00f6zelli\u011fi sayesinde, \u00fcst\u00fcne uygulanan bit\u00fcm esasl\u0131 \u00fcr\u00fcnlerin, y\u00fczeye daha sa\u011flam ve bo\u015fluksuz yap\u0131\u015fmas\u0131n\u0131 sa\u011flar.<\/li>\n<li class=\"item_2\">B\u00fcnyesindeki su buharla\u015ft\u0131ktan sonra, s\u00fcr\u00fcld\u00fc\u011f\u00fc y\u00fczeyde su ge\u00e7irmez bir tabaka olu\u015fturur.<\/li>\n<li class=\"item_3\">Yan\u0131c\u0131 ve zehirli maddeler i\u00e7ermedi\u011finden, kapal\u0131 alanlarda kullan\u0131ma uygundur.<\/li>\n<li class=\"item_4\">Su bazl\u0131 oldu\u011fundan \u00e7evre dostudur.<\/li>\n<li class=\"item_5\">Y\u00fczey nemli olsa dahi m\u00fckemmel yap\u0131\u015fma sa\u011flar.<\/li>\n<\/ul>\n<h4>Uygulama Y\u00f6ntemi<\/h4>\n<p><strong>Y\u00fczey Haz\u0131rl\u0131\u011f\u0131<\/strong><\/p>\n<p>Uygulama yap\u0131lacak y\u00fczey toz, kir, pas ve ya\u011fdan ar\u0131nd\u0131r\u0131lmal\u0131 ve gev\u015fek par\u00e7alar kaz\u0131nmal\u0131d\u0131r. Yatay\/d\u00fc\u015fey ek yerleri gibi \u00e7atlamaya uygun b\u00f6lgeler&nbsp;<a href=\"https:\/\/www.baumerk.com\/tr\/Urun\/onarim-ve-guclendirme-sistemleri\/cimento-esasli-kalin-agregali-tamir-harci\">REPAMERK 1<\/a>&nbsp;tamir harc\u0131 veya&nbsp;<a href=\"https:\/\/www.baumerk.com\/tr\/Urun\/mastik-ve-derz-dolgu-urunleri\/bitum-esasli-elastik-pah-bandi\">PH 55<\/a>&nbsp;pah band\u0131 ile yap\u0131larak yuvarlanmal\u0131d\u0131r. B\u00fcy\u00fck g\u00f6zenek ve \u00e7atlaklar yine&nbsp;<a href=\"https:\/\/www.baumerk.com\/tr\/Urun\/onarim-ve-guclendirme-sistemleri\/cimento-esasli-yapisal-tamir-harci\">REPAMERK 301<\/a>&nbsp;tamir harc\u0131 ile tamir edilmelidir.<\/p>\n<p><strong>Uygulama<\/strong><\/p>\n<p><strong>B PR 101<\/strong>&nbsp;so\u011fuk uygulamal\u0131d\u0131r. Yakla\u015f\u0131k %20 oran\u0131nda su ile kar\u0131\u015ft\u0131r\u0131ld\u0131ktan sonra, bit\u00fcm f\u0131r\u00e7as\u0131 veya tabanca ile uygulan\u0131r. Hava ko\u015fullar\u0131na ba\u011fl\u0131 olarak yakla\u015f\u0131k 4-5 saatte kurur. Ya\u011f\u0131\u015fl\u0131 havalarda veya +5 \u00b0C\u2019den d\u00fc\u015f\u00fck s\u0131cakl\u0131klarda uygulanmamal\u0131d\u0131r. Bir kat tam kurumadan, di\u011fer kat s\u00fcr\u00fclmemelidir. \u00c7atlak olan y\u00fczeylerde veya daha y\u00fcksek bas\u0131n\u00e7l\u0131 suya dayanmas\u0131 gereken izolasyon uygulamalar\u0131nda, donat\u0131 filesi, polyester ke\u00e7e, tecrit bezi, vb. donat\u0131yla birlikte kullan\u0131labilir.&nbsp;<strong>B PR 101<\/strong>&nbsp;ile elenmi\u015f ince kum ve bir miktar \u00e7imento kar\u0131\u015ft\u0131r\u0131larak elde edilen \u015fap malzemesi mala ile \u00e7ekilerek, zemindeki \u00e7ukur b\u00f6l\u00fcmler tesviye edilebilir veya izolasyon katlar\u0131 \u00fczerinde koruyucu tabaka olu\u015fturulabilir.<\/p>\n<h4>Sarfiyat<\/h4>\n<p>Her katta 0,400 kg\/m<sup>2<\/sup><\/p>\n<h4>Ambalaj<\/h4>\n<p>17 kg metal kutu<br \/>\n200 kg sac varil<\/p>\n","protected":false},"excerpt":{"rendered":"<p>Su ve bit\u00fcm\u00fcn, \u00f6zel y\u00f6ntemler kullan\u0131larak kar\u0131\u015ft\u0131r\u0131lmas\u0131 ile elde edilen kullan\u0131ma haz\u0131r bit\u00fcml\u00fc membran astar\u0131 ve su yal\u0131t\u0131m malzemesidir.<\/p>\n","protected":false},"featured_media":1171,"comment_status":"closed","ping_status":"closed","template":"","meta":[],"product_brand":[],"product_cat":[195],"product_tag":[],"class_list":{"0":"post-1169","1":"product","2":"type-product","3":"status-publish","4":"has-post-thumbnail","6":"product_cat-baumerk-yapi-kimyasallari","8":"first","9":"instock","10":"taxable","11":"shipping-taxable","12":"product-type-simple"},"_links":{"self":[{"href":"https:\/\/gonenyapi.com.tr\/index.php\/wp-json\/wp\/v2\/product\/1169","targetHints":{"allow":["GET"]}}],"collection":[{"href":"https:\/\/gonenyapi.com.tr\/index.php\/wp-json\/wp\/v2\/product"}],"about":[{"href":"https:\/\/gonenyapi.com.tr\/index.php\/wp-json\/wp\/v2\/types\/product"}],"replies":[{"embeddable":true,"href":"https:\/\/gonenyapi.com.tr\/index.php\/wp-json\/wp\/v2\/comments?post=1169"}],"wp:featuredmedia":[{"embeddable":true,"href":"https:\/\/gonenyapi.com.tr\/index.php\/wp-json\/wp\/v2\/media\/1171"}],"wp:attachment":[{"href":"https:\/\/gonenyapi.com.tr\/index.php\/wp-json\/wp\/v2\/media?parent=1169"}],"wp:term":[{"taxonomy":"product_brand","embeddable":true,"href":"https:\/\/gonenyapi.com.tr\/index.php\/wp-json\/wp\/v2\/product_brand?post=1169"},{"taxonomy":"product_cat","embeddable":true,"href":"https:\/\/gonenyapi.com.tr\/index.php\/wp-json\/wp\/v2\/product_cat?post=1169"},{"taxonomy":"product_tag","embeddable":true,"href":"https:\/\/gonenyapi.com.tr\/index.php\/wp-json\/wp\/v2\/product_tag?post=1169"}],"curies":[{"name":"wp","href":"https:\/\/api.w.org\/{rel}","templated":true}]}}