{"id":1167,"date":"2020-10-07T22:51:07","date_gmt":"2020-10-07T19:51:07","guid":{"rendered":"http:\/\/gonenyapi.com.tr\/?post_type=product&#038;p=1167"},"modified":"2020-10-07T22:51:07","modified_gmt":"2020-10-07T19:51:07","slug":"bitum-kaucuk-esasli-su-yalitim-urunleri-bitum-esasli-membran-astari","status":"publish","type":"product","link":"https:\/\/gonenyapi.com.tr\/index.php\/urun\/bitum-kaucuk-esasli-su-yalitim-urunleri-bitum-esasli-membran-astari\/","title":{"rendered":"Bit\u00fcm &#8211; Kau\u00e7uk Esasl\u0131 Su Yal\u0131t\u0131m \u00dcr\u00fcnleri \/ Bit\u00fcm Esasl\u0131 Membran Astar\u0131"},"content":{"rendered":"<h2>B PR 100<\/h2>\n<h4>Tan\u0131m\u0131<\/h4>\n<p>Su ve asfalt\u0131n, \u00f6zel y\u00f6ntemler kullan\u0131larak kar\u0131\u015ft\u0131r\u0131lmas\u0131 ile elde edilen kullan\u0131ma haz\u0131r bit\u00fcml\u00fc membran astar\u0131d\u0131r.<\/p>\n<h4>Kullan\u0131m Alanlar\u0131<\/h4>\n<p>Her marka bit\u00fcml\u00fc rulo veya likit membran uygulamas\u0131ndan \u00f6nce astar olarak kullan\u0131l\u0131r.<\/p>\n<h4>Avantajlar\u0131<\/h4>\n<ul>\n<li class=\"item_1\">\u00dcst\u00fcn yap\u0131\u015fma \u00f6zelli\u011fi sayesinde, \u00fcst\u00fcne uygulanan bit\u00fcml\u00fc membranlar\u0131n, y\u00fczeye daha sa\u011flam ve bo\u015fluksuz yap\u0131\u015fmas\u0131n\u0131 sa\u011flar.<\/li>\n<li class=\"item_2\">Nemli y\u00fczeylerde dahi m\u00fckemmel yap\u0131\u015fma sa\u011flar.<\/li>\n<li class=\"item_3\">Kullan\u0131ma haz\u0131rd\u0131r, kolay uygulanabilir.<\/li>\n<li class=\"item_4\">Ekonomiktir.<\/li>\n<li class=\"item_5\">Yan\u0131c\u0131 ve zehirli maddeler ihtiva etmedi\u011finden, kapal\u0131 alanlarda kullan\u0131labilir.<\/li>\n<li class=\"item_6\">Su bazl\u0131 oldu\u011fundan \u00e7evre dostudur.<\/li>\n<li class=\"item_7\">So\u011fuk uygulamal\u0131d\u0131r. Is\u0131tma ve inceltme gerektirmez.<\/li>\n<\/ul>\n<h4>Uygulama Y\u00f6ntemi<\/h4>\n<p><strong>Y\u00fczey Haz\u0131rl\u0131\u011f\u0131<\/strong><\/p>\n<p>Uygulama yap\u0131lacak y\u00fczey toz, kir, pas ve ya\u011fdan ar\u0131nd\u0131r\u0131lmal\u0131 ve gev\u015fek par\u00e7alar kaz\u0131nmal\u0131d\u0131r. Sivri u\u00e7lar ve yatay\/d\u00fc\u015fey ek yerleri gibi \u00e7atlamaya uygun b\u00f6lgeler&nbsp;<a href=\"https:\/\/www.baumerk.com\/tr\/Urun\/onarim-ve-guclendirme-sistemleri\/cimento-esasli-kalin-agregali-tamir-harci\">REPAMERK 1<\/a>&nbsp;tamir harc\u0131 veya&nbsp;<a href=\"https:\/\/www.baumerk.com\/tr\/Urun\/mastik-ve-derz-dolgu-urunleri\/bitum-esasli-elastik-pah-bandi\">PH 55<\/a>&nbsp;pah band\u0131 ile yap\u0131larak yuvarlanmal\u0131d\u0131r.<\/p>\n<p>B\u00fcy\u00fck g\u00f6zenek ve \u00e7atlaklar&nbsp;<a href=\"https:\/\/www.baumerk.com\/tr\/Urun\/onarim-ve-guclendirme-sistemleri\/cimento-esasli-yapisal-tamir-harci\">REPAMERK 301<\/a>&nbsp;tamir harc\u0131 ile doldurulmal\u0131d\u0131r.<\/p>\n<p><strong>Uygulama<\/strong><\/p>\n<p><strong>B PR 100<\/strong>,&nbsp;bit\u00fcm f\u0131r\u00e7as\u0131 veya tabancas\u0131 ile uygulan\u0131r. Is\u0131tmaya gerek duymaz, so\u011fuk olarak uygulanmal\u0131d\u0131r. Hava ko\u015fullar\u0131na ba\u011fl\u0131 olarak yakla\u015f\u0131k 4-5 saatte kurur. Ya\u011f\u0131\u015fl\u0131 havalarda veya +5\u00b0C\u2019den d\u00fc\u015f\u00fck s\u0131cakl\u0131klarda uygulanmamal\u0131d\u0131r.<\/p>\n<h4>Sarfiyat<\/h4>\n<p>Her kat i\u00e7in 0,250 kg\/m<sup>2<\/sup><\/p>\n<h4>Ambalaj<\/h4>\n<p>17 kg metal kutu<\/p>\n","protected":false},"excerpt":{"rendered":"<p>Su ve asfalt\u0131n, \u00f6zel y\u00f6ntemler kullan\u0131larak kar\u0131\u015ft\u0131r\u0131lmas\u0131 ile elde edilen kullan\u0131ma haz\u0131r bit\u00fcml\u00fc membran astar\u0131d\u0131r.<\/p>\n","protected":false},"featured_media":1168,"comment_status":"closed","ping_status":"closed","template":"","meta":[],"product_brand":[],"product_cat":[195],"product_tag":[],"class_list":{"0":"post-1167","1":"product","2":"type-product","3":"status-publish","4":"has-post-thumbnail","6":"product_cat-baumerk-yapi-kimyasallari","8":"first","9":"instock","10":"taxable","11":"shipping-taxable","12":"product-type-simple"},"_links":{"self":[{"href":"https:\/\/gonenyapi.com.tr\/index.php\/wp-json\/wp\/v2\/product\/1167","targetHints":{"allow":["GET"]}}],"collection":[{"href":"https:\/\/gonenyapi.com.tr\/index.php\/wp-json\/wp\/v2\/product"}],"about":[{"href":"https:\/\/gonenyapi.com.tr\/index.php\/wp-json\/wp\/v2\/types\/product"}],"replies":[{"embeddable":true,"href":"https:\/\/gonenyapi.com.tr\/index.php\/wp-json\/wp\/v2\/comments?post=1167"}],"wp:featuredmedia":[{"embeddable":true,"href":"https:\/\/gonenyapi.com.tr\/index.php\/wp-json\/wp\/v2\/media\/1168"}],"wp:attachment":[{"href":"https:\/\/gonenyapi.com.tr\/index.php\/wp-json\/wp\/v2\/media?parent=1167"}],"wp:term":[{"taxonomy":"product_brand","embeddable":true,"href":"https:\/\/gonenyapi.com.tr\/index.php\/wp-json\/wp\/v2\/product_brand?post=1167"},{"taxonomy":"product_cat","embeddable":true,"href":"https:\/\/gonenyapi.com.tr\/index.php\/wp-json\/wp\/v2\/product_cat?post=1167"},{"taxonomy":"product_tag","embeddable":true,"href":"https:\/\/gonenyapi.com.tr\/index.php\/wp-json\/wp\/v2\/product_tag?post=1167"}],"curies":[{"name":"wp","href":"https:\/\/api.w.org\/{rel}","templated":true}]}}