{"id":846,"date":"2020-09-30T10:01:27","date_gmt":"2020-09-30T07:01:27","guid":{"rendered":"http:\/\/gonenyapi.com.tr\/?post_type=product&#038;p=846"},"modified":"2020-09-30T10:01:27","modified_gmt":"2020-09-30T07:01:27","slug":"dokum-radyator-victorian","status":"publish","type":"product","link":"http:\/\/gonenyapi.com.tr\/index.php\/urun\/dokum-radyator-victorian\/","title":{"rendered":"D\u00d6K\u00dcM RADYAT\u00d6R &#8211; VICTORIAN"},"content":{"rendered":"<h5 id=\"ui-id-1\" class=\"clearfix edgtf-title-holder ui-accordion-header ui-state-default ui-accordion-header-active ui-state-active ui-corner-top\" tabindex=\"0\" role=\"tab\" aria-controls=\"ui-id-2\" aria-selected=\"true\" aria-expanded=\"true\"><span class=\"edgtf-tab-title\"><span class=\"edgtf-tab-title-inner\">VICTORIAN (760h) \u00dcR\u00dcN \u00d6ZELL\u0130KLER\u0130 <\/span> <\/span><\/h5>\n<div id=\"ui-id-2\" class=\"edgtf-accordion-content ui-accordion-content ui-helper-reset ui-widget-content ui-corner-bottom ui-accordion-content-active\" role=\"tabpanel\" aria-labelledby=\"ui-id-1\" aria-hidden=\"false\">\n<div class=\"edgtf-accordion-content-inner\">\n<div class=\"wpb_text_column wpb_content_element \">\n<div class=\"wpb_wrapper\">\n<div>\n<table cellspacing=\"0\" cellpadding=\"0\">\n<tbody>\n<tr>\n<td valign=\"middle\"><b>\u00d6l\u00e7\u00fc<br \/>\n<\/b><b><i>Size<span class=\"Apple-converted-space\"><br \/>\n<\/span><\/i><\/b><b><i>(mm)<\/i><\/b><\/td>\n<td valign=\"middle\"><b>Y\u00fckseklik<br \/>\n<\/b><b><i>Width<br \/>\n<\/i><\/b><b><i>(mm)<\/i><\/b><\/td>\n<td valign=\"middle\"><b>Derinlik<br \/>\n<\/b><b><i>Depth<br \/>\n(mm)<\/i><\/b><\/td>\n<td valign=\"middle\"><b>Eksenler Aras\u0131 Mesafe<br \/>\n<\/b><b><i>Topping Centres<br \/>\n<\/i><\/b><b>(c1)<\/b><\/td>\n<td valign=\"middle\"><b>Eksenler Aras\u0131 Mesafe<br \/>\n<\/b><b><i>Topping Centres<br \/>\n<\/i><\/b><b>(c2)<\/b><\/td>\n<td valign=\"middle\"><b>Dilim Say\u0131s\u0131<br \/>\n<\/b><b><i>Number of Sections<\/i><\/b><\/td>\n<td valign=\"middle\"><b>\u00c7\u0131k\u0131\u015f G\u00fcc\u00fc<br \/>\n<\/b><b><i>DELTA 60<br \/>\n(BTUs)<\/i><\/b><\/td>\n<\/tr>\n<tr>\n<td valign=\"middle\"><i>600\/180<\/i><\/td>\n<td valign=\"middle\"><i>456<\/i><\/td>\n<td valign=\"middle\"><i>180<\/i><\/td>\n<td valign=\"middle\"><i>476<\/i><\/td>\n<td valign=\"middle\"><i>122\/132<\/i><\/td>\n<td valign=\"middle\"><i>6<\/i><\/td>\n<td valign=\"middle\"><i>3132<\/i><\/td>\n<\/tr>\n<\/tbody>\n<\/table>\n<\/div>\n<\/div>\n<\/div>\n<\/div>\n<\/div>\n","protected":false},"excerpt":{"rendered":"<h5 id=\"ui-id-1\" class=\"clearfix edgtf-title-holder ui-accordion-header ui-state-default ui-accordion-header-active ui-state-active ui-corner-top\" tabindex=\"0\" role=\"tab\" aria-controls=\"ui-id-2\" aria-selected=\"true\" aria-expanded=\"true\"><span class=\"edgtf-tab-title\"><span class=\"edgtf-tab-title-inner\">VICTORIAN (760h) \u00dcR\u00dcN \u00d6ZELL\u0130KLER\u0130 <\/span> <\/span><\/h5>\n<div id=\"ui-id-2\" class=\"edgtf-accordion-content ui-accordion-content ui-helper-reset ui-widget-content ui-corner-bottom ui-accordion-content-active\" role=\"tabpanel\" aria-labelledby=\"ui-id-1\" aria-hidden=\"false\">\n<div class=\"edgtf-accordion-content-inner\">\n<div class=\"wpb_text_column wpb_content_element \">\n<div class=\"wpb_wrapper\">\n<div>\n<table cellspacing=\"0\" cellpadding=\"0\">\n<tbody>\n<tr>\n<td valign=\"middle\"><b>\u00d6l\u00e7\u00fc<br \/>\n<\/b><b><i>Size<span class=\"Apple-converted-space\"><br \/>\n<\/span><\/i><\/b><b><i>(mm)<\/i><\/b><\/td>\n<td valign=\"middle\"><b>Y\u00fckseklik<br \/>\n<\/b><b><i>Width<br \/>\n<\/i><\/b><b><i>(mm)<\/i><\/b><\/td>\n<td valign=\"middle\"><b>Derinlik<br \/>\n<\/b><b><i>Depth<br \/>\n(mm)<\/i><\/b><\/td>\n<td valign=\"middle\"><b>Eksenler Aras\u0131 Mesafe<br \/>\n<\/b><b><i>Topping Centres<br \/>\n<\/i><\/b><b>(c1)<\/b><\/td>\n<td valign=\"middle\"><b>Eksenler Aras\u0131 Mesafe<br \/>\n<\/b><b><i>Topping Centres<br \/>\n<\/i><\/b><b>(c2)<\/b><\/td>\n<td valign=\"middle\"><b>Dilim Say\u0131s\u0131<br \/>\n<\/b><b><i>Number of Sections<\/i><\/b><\/td>\n<td valign=\"middle\"><b>\u00c7\u0131k\u0131\u015f G\u00fcc\u00fc<br \/>\n<\/b><b><i>DELTA 60<br \/>\n(BTUs)<\/i><\/b><\/td>\n<\/tr>\n<tr>\n<td valign=\"middle\"><i>600\/180<\/i><\/td>\n<td valign=\"middle\"><i>456<\/i><\/td>\n<td valign=\"middle\"><i>180<\/i><\/td>\n<td valign=\"middle\"><i>476<\/i><\/td>\n<td valign=\"middle\"><i>122\/132<\/i><\/td>\n<td valign=\"middle\"><i>6<\/i><\/td>\n<td valign=\"middle\"><i>3132<\/i><\/td>\n<\/tr>\n<\/tbody>\n<\/table>\n<\/div>\n<\/div>\n<\/div>\n<\/div>\n<\/div>\n","protected":false},"featured_media":848,"comment_status":"closed","ping_status":"closed","template":"","meta":[],"product_brand":[],"product_cat":[165],"product_tag":[],"class_list":{"0":"post-846","1":"product","2":"type-product","3":"status-publish","4":"has-post-thumbnail","6":"product_cat-dizayn-radyator","8":"first","9":"instock","10":"taxable","11":"shipping-taxable","12":"product-type-simple"},"_links":{"self":[{"href":"http:\/\/gonenyapi.com.tr\/index.php\/wp-json\/wp\/v2\/product\/846","targetHints":{"allow":["GET"]}}],"collection":[{"href":"http:\/\/gonenyapi.com.tr\/index.php\/wp-json\/wp\/v2\/product"}],"about":[{"href":"http:\/\/gonenyapi.com.tr\/index.php\/wp-json\/wp\/v2\/types\/product"}],"replies":[{"embeddable":true,"href":"http:\/\/gonenyapi.com.tr\/index.php\/wp-json\/wp\/v2\/comments?post=846"}],"wp:featuredmedia":[{"embeddable":true,"href":"http:\/\/gonenyapi.com.tr\/index.php\/wp-json\/wp\/v2\/media\/848"}],"wp:attachment":[{"href":"http:\/\/gonenyapi.com.tr\/index.php\/wp-json\/wp\/v2\/media?parent=846"}],"wp:term":[{"taxonomy":"product_brand","embeddable":true,"href":"http:\/\/gonenyapi.com.tr\/index.php\/wp-json\/wp\/v2\/product_brand?post=846"},{"taxonomy":"product_cat","embeddable":true,"href":"http:\/\/gonenyapi.com.tr\/index.php\/wp-json\/wp\/v2\/product_cat?post=846"},{"taxonomy":"product_tag","embeddable":true,"href":"http:\/\/gonenyapi.com.tr\/index.php\/wp-json\/wp\/v2\/product_tag?post=846"}],"curies":[{"name":"wp","href":"https:\/\/api.w.org\/{rel}","templated":true}]}}