{"id":845,"date":"2020-09-30T09:59:52","date_gmt":"2020-09-30T06:59:52","guid":{"rendered":"http:\/\/gonenyapi.com.tr\/?post_type=product&#038;p=845"},"modified":"2020-09-30T09:59:53","modified_gmt":"2020-09-30T06:59:53","slug":"kolon-radyator-ronda-column-yatay","status":"publish","type":"product","link":"http:\/\/gonenyapi.com.tr\/index.php\/urun\/kolon-radyator-ronda-column-yatay\/","title":{"rendered":"KOLON RADYAT\u00d6R &#8211;  Ronda Column Yatay"},"content":{"rendered":"<h5 id=\"ui-id-1\" class=\"clearfix edgtf-title-holder ui-accordion-header ui-state-default ui-accordion-header-active ui-state-active ui-corner-top\" tabindex=\"0\" role=\"tab\" aria-controls=\"ui-id-2\" aria-selected=\"true\" aria-expanded=\"true\"><span class=\"edgtf-tab-title\"><span class=\"edgtf-tab-title-inner\">RONDA 2 COLUMN YATAY \u00dcR\u00dcN \u00d6ZELL\u0130KLER\u0130 <\/span> <\/span><\/h5>\n<div id=\"ui-id-2\" class=\"edgtf-accordion-content ui-accordion-content ui-helper-reset ui-widget-content ui-corner-bottom ui-accordion-content-active\" role=\"tabpanel\" aria-labelledby=\"ui-id-1\" aria-hidden=\"false\">\n<div class=\"edgtf-accordion-content-inner\">\n<div class=\"wpb_text_column wpb_content_element \">\n<div class=\"wpb_wrapper\">\n<div>\n<table cellspacing=\"0\" cellpadding=\"0\">\n<tbody>\n<tr>\n<td valign=\"middle\"><b>Anma \u00d6l\u00e7\u00fcs\u00fc<br \/>\n<\/b><b><i>Height<span class=\"Apple-converted-space\"><br \/>\n<\/span><\/i><\/b><b><i>(mm)<\/i><\/b><\/td>\n<td valign=\"middle\"><b>Y\u00fckseklik<br \/>\n<\/b><b><i>Width<br \/>\n<\/i><\/b><b><i>(mm)<\/i><\/b><\/td>\n<td valign=\"middle\"><b>Ba\u011flant\u0131 <\/b><b>Mesafesi<br \/>\n<\/b><b><i>Pipe <\/i><\/b><b><i>Centres<br \/>\n(mm)<\/i><\/b><\/td>\n<td valign=\"middle\"><b>Duvar ile<br \/>\nBa\u011flant\u0131 <\/b><b>Mesafesi<span class=\"Apple-converted-space\"><br \/>\n<\/span><\/b><b><i>Wall to Pipe Centres<br \/>\n(mm)<\/i><\/b><\/td>\n<td valign=\"middle\"><b>Duvar Mesafesi<span class=\"Apple-converted-space\"><br \/>\n<\/span><\/b><b><i>Wall\u00a0<\/i><\/b><b><i>Distance<br \/>\n(mm)<\/i><\/b><\/td>\n<td valign=\"middle\"><b>Is\u0131 Verimi<br \/>\n<\/b><b><i>DELTA: T50C<br \/>\n<\/i><\/b><b>BTU<\/b><\/td>\n<td valign=\"middle\"><b>Is\u0131 Verimi<br \/>\n<\/b><b><i>DELTA: T50C<br \/>\n<\/i><\/b><b>WATT<\/b><\/td>\n<td valign=\"middle\"><b>Is\u0131 Verimi<br \/>\n<\/b><b><i>DELTA: T60C<br \/>\n<\/i><\/b><b>BTU<\/b><\/td>\n<td valign=\"middle\"><b>Is\u0131 Verimi<br \/>\n<\/b><b><i>DELTA: T60C<br \/>\n<\/i><\/b><b>WATT<\/b><\/td>\n<\/tr>\n<tr>\n<td valign=\"middle\"><i>500<\/i><\/td>\n<td valign=\"middle\"><i>592<\/i><\/td>\n<td valign=\"middle\"><i>592<\/i><\/td>\n<td valign=\"middle\"><i>68<\/i><\/td>\n<td valign=\"middle\"><i>13<\/i><\/td>\n<td valign=\"middle\"><i>1627<\/i><\/td>\n<td valign=\"middle\"><i>477<\/i><\/td>\n<td valign=\"middle\"><i>2083<\/i><\/td>\n<td valign=\"middle\"><i>477<\/i><\/td>\n<\/tr>\n<tr>\n<td valign=\"middle\"><i>500<\/i><\/td>\n<td valign=\"middle\"><i>768<\/i><\/td>\n<td valign=\"middle\"><i>768<\/i><\/td>\n<td valign=\"middle\"><i>68<\/i><\/td>\n<td valign=\"middle\"><i>17<\/i><\/td>\n<td valign=\"middle\"><i>2126<\/i><\/td>\n<td valign=\"middle\"><i>623<\/i><\/td>\n<td valign=\"middle\"><i>2721<\/i><\/td>\n<td valign=\"middle\"><i>623<\/i><\/td>\n<\/tr>\n<tr>\n<td valign=\"middle\"><i>500<\/i><\/td>\n<td valign=\"middle\"><i>988<\/i><\/td>\n<td valign=\"middle\"><i>988<\/i><\/td>\n<td valign=\"middle\"><i>68<\/i><\/td>\n<td valign=\"middle\"><i>22<\/i><\/td>\n<td valign=\"middle\"><i>2753<\/i><\/td>\n<td valign=\"middle\"><i>807<\/i><\/td>\n<td valign=\"middle\"><i>3524<\/i><\/td>\n<td valign=\"middle\"><i>807<\/i><\/td>\n<\/tr>\n<tr>\n<td valign=\"middle\"><i>500<\/i><\/td>\n<td valign=\"middle\"><i>1164<\/i><\/td>\n<td valign=\"middle\"><i>1164<\/i><\/td>\n<td valign=\"middle\"><i>68<\/i><\/td>\n<td valign=\"middle\"><i>26<\/i><\/td>\n<td valign=\"middle\"><i>3251<\/i><\/td>\n<td valign=\"middle\"><i>953<\/i><\/td>\n<td valign=\"middle\"><i>4161<\/i><\/td>\n<td valign=\"middle\"><i>953<\/i><\/td>\n<\/tr>\n<tr>\n<td valign=\"middle\"><i>600<\/i><\/td>\n<td valign=\"middle\"><i>592<\/i><\/td>\n<td valign=\"middle\"><i>592<\/i><\/td>\n<td valign=\"middle\"><i>68<\/i><\/td>\n<td valign=\"middle\"><i>13<\/i><\/td>\n<td valign=\"middle\"><i>1952<\/i><\/td>\n<td valign=\"middle\"><i>572<\/i><\/td>\n<td valign=\"middle\"><i>2499<\/i><\/td>\n<td valign=\"middle\"><i>572<\/i><\/td>\n<\/tr>\n<tr>\n<td valign=\"middle\"><i>600<\/i><\/td>\n<td valign=\"middle\"><i>768<\/i><\/td>\n<td valign=\"middle\"><i>768<\/i><\/td>\n<td valign=\"middle\"><i>68<\/i><\/td>\n<td valign=\"middle\"><i>17<\/i><\/td>\n<td valign=\"middle\"><i>2552<\/i><\/td>\n<td valign=\"middle\"><i>748<\/i><\/td>\n<td valign=\"middle\"><i>3267<\/i><\/td>\n<td valign=\"middle\"><i>748<\/i><\/td>\n<\/tr>\n<tr>\n<td valign=\"middle\"><i>600<\/i><\/td>\n<td valign=\"middle\"><i>988<\/i><\/td>\n<td valign=\"middle\"><i>988<\/i><\/td>\n<td valign=\"middle\"><i>68<\/i><\/td>\n<td valign=\"middle\"><i>22<\/i><\/td>\n<td valign=\"middle\"><i>3303<\/i><\/td>\n<td valign=\"middle\"><i>968<\/i><\/td>\n<td valign=\"middle\"><i>4228<\/i><\/td>\n<td valign=\"middle\"><i>968<\/i><\/td>\n<\/tr>\n<tr>\n<td valign=\"middle\"><i>600<\/i><\/td>\n<td valign=\"middle\"><i>1164<\/i><\/td>\n<td valign=\"middle\"><i>1164<\/i><\/td>\n<td valign=\"middle\"><i>68<\/i><\/td>\n<td valign=\"middle\"><i>26<\/i><\/td>\n<td valign=\"middle\"><i>3900<\/i><\/td>\n<td valign=\"middle\"><i>1143<\/i><\/td>\n<td valign=\"middle\"><i>4992<\/i><\/td>\n<td valign=\"middle\"><i>1143<\/i><\/td>\n<\/tr>\n<\/tbody>\n<\/table>\n<\/div>\n<\/div>\n<\/div>\n<\/div>\n<\/div>\n","protected":false},"excerpt":{"rendered":"<h5 id=\"ui-id-1\" class=\"clearfix edgtf-title-holder ui-accordion-header ui-state-default ui-accordion-header-active ui-state-active ui-corner-top\" tabindex=\"0\" role=\"tab\" aria-controls=\"ui-id-2\" aria-selected=\"true\" aria-expanded=\"true\"><span class=\"edgtf-tab-title\"><span class=\"edgtf-tab-title-inner\">RONDA 2 COLUMN YATAY \u00dcR\u00dcN \u00d6ZELL\u0130KLER\u0130 <\/span> <\/span><\/h5>\n<div id=\"ui-id-2\" class=\"edgtf-accordion-content ui-accordion-content ui-helper-reset ui-widget-content ui-corner-bottom ui-accordion-content-active\" role=\"tabpanel\" aria-labelledby=\"ui-id-1\" aria-hidden=\"false\">\n<div class=\"edgtf-accordion-content-inner\">\n<div class=\"wpb_text_column wpb_content_element \">\n<div class=\"wpb_wrapper\">\n<div>\n<table cellspacing=\"0\" cellpadding=\"0\">\n<tbody>\n<tr>\n<td valign=\"middle\"><b>Anma \u00d6l\u00e7\u00fcs\u00fc<br \/>\n<\/b><b><i>Height<span class=\"Apple-converted-space\"><br \/>\n<\/span><\/i><\/b><b><i>(mm)<\/i><\/b><\/td>\n<td valign=\"middle\"><b>Y\u00fckseklik<br \/>\n<\/b><b><i>Width<br \/>\n<\/i><\/b><b><i>(mm)<\/i><\/b><\/td>\n<td valign=\"middle\"><b>Ba\u011flant\u0131 <\/b><b>Mesafesi<br \/>\n<\/b><b><i>Pipe <\/i><\/b><b><i>Centres<br \/>\n(mm)<\/i><\/b><\/td>\n<td valign=\"middle\"><b>Duvar ile<br \/>\nBa\u011flant\u0131 <\/b><b>Mesafesi<span class=\"Apple-converted-space\"><br \/>\n<\/span><\/b><b><i>Wall to Pipe Centres<br \/>\n(mm)<\/i><\/b><\/td>\n<td valign=\"middle\"><b>Duvar Mesafesi<span class=\"Apple-converted-space\"><br \/>\n<\/span><\/b><b><i>Wall\u00a0<\/i><\/b><b><i>Distance<br \/>\n(mm)<\/i><\/b><\/td>\n<td valign=\"middle\"><b>Is\u0131 Verimi<br \/>\n<\/b><b><i>DELTA: T50C<br \/>\n<\/i><\/b><b>BTU<\/b><\/td>\n<td valign=\"middle\"><b>Is\u0131 Verimi<br \/>\n<\/b><b><i>DELTA: T50C<br \/>\n<\/i><\/b><b>WATT<\/b><\/td>\n<td valign=\"middle\"><b>Is\u0131 Verimi<br \/>\n<\/b><b><i>DELTA: T60C<br \/>\n<\/i><\/b><b>BTU<\/b><\/td>\n<td valign=\"middle\"><b>Is\u0131 Verimi<br \/>\n<\/b><b><i>DELTA: T60C<br \/>\n<\/i><\/b><b>WATT<\/b><\/td>\n<\/tr>\n<tr>\n<td valign=\"middle\"><i>500<\/i><\/td>\n<td valign=\"middle\"><i>592<\/i><\/td>\n<td valign=\"middle\"><i>592<\/i><\/td>\n<td valign=\"middle\"><i>68<\/i><\/td>\n<td valign=\"middle\"><i>13<\/i><\/td>\n<td valign=\"middle\"><i>1627<\/i><\/td>\n<td valign=\"middle\"><i>477<\/i><\/td>\n<td valign=\"middle\"><i>2083<\/i><\/td>\n<td valign=\"middle\"><i>477<\/i><\/td>\n<\/tr>\n<tr>\n<td valign=\"middle\"><i>500<\/i><\/td>\n<td valign=\"middle\"><i>768<\/i><\/td>\n<td valign=\"middle\"><i>768<\/i><\/td>\n<td valign=\"middle\"><i>68<\/i><\/td>\n<td valign=\"middle\"><i>17<\/i><\/td>\n<td valign=\"middle\"><i>2126<\/i><\/td>\n<td valign=\"middle\"><i>623<\/i><\/td>\n<td valign=\"middle\"><i>2721<\/i><\/td>\n<td valign=\"middle\"><i>623<\/i><\/td>\n<\/tr>\n<tr>\n<td valign=\"middle\"><i>500<\/i><\/td>\n<td valign=\"middle\"><i>988<\/i><\/td>\n<td valign=\"middle\"><i>988<\/i><\/td>\n<td valign=\"middle\"><i>68<\/i><\/td>\n<td valign=\"middle\"><i>22<\/i><\/td>\n<td valign=\"middle\"><i>2753<\/i><\/td>\n<td valign=\"middle\"><i>807<\/i><\/td>\n<td valign=\"middle\"><i>3524<\/i><\/td>\n<td valign=\"middle\"><i>807<\/i><\/td>\n<\/tr>\n<tr>\n<td valign=\"middle\"><i>500<\/i><\/td>\n<td valign=\"middle\"><i>1164<\/i><\/td>\n<td valign=\"middle\"><i>1164<\/i><\/td>\n<td valign=\"middle\"><i>68<\/i><\/td>\n<td valign=\"middle\"><i>26<\/i><\/td>\n<td valign=\"middle\"><i>3251<\/i><\/td>\n<td valign=\"middle\"><i>953<\/i><\/td>\n<td valign=\"middle\"><i>4161<\/i><\/td>\n<td valign=\"middle\"><i>953<\/i><\/td>\n<\/tr>\n<tr>\n<td valign=\"middle\"><i>600<\/i><\/td>\n<td valign=\"middle\"><i>592<\/i><\/td>\n<td valign=\"middle\"><i>592<\/i><\/td>\n<td valign=\"middle\"><i>68<\/i><\/td>\n<td valign=\"middle\"><i>13<\/i><\/td>\n<td valign=\"middle\"><i>1952<\/i><\/td>\n<td valign=\"middle\"><i>572<\/i><\/td>\n<td valign=\"middle\"><i>2499<\/i><\/td>\n<td valign=\"middle\"><i>572<\/i><\/td>\n<\/tr>\n<tr>\n<td valign=\"middle\"><i>600<\/i><\/td>\n<td valign=\"middle\"><i>768<\/i><\/td>\n<td valign=\"middle\"><i>768<\/i><\/td>\n<td valign=\"middle\"><i>68<\/i><\/td>\n<td valign=\"middle\"><i>17<\/i><\/td>\n<td valign=\"middle\"><i>2552<\/i><\/td>\n<td valign=\"middle\"><i>748<\/i><\/td>\n<td valign=\"middle\"><i>3267<\/i><\/td>\n<td valign=\"middle\"><i>748<\/i><\/td>\n<\/tr>\n<tr>\n<td valign=\"middle\"><i>600<\/i><\/td>\n<td valign=\"middle\"><i>988<\/i><\/td>\n<td valign=\"middle\"><i>988<\/i><\/td>\n<td valign=\"middle\"><i>68<\/i><\/td>\n<td valign=\"middle\"><i>22<\/i><\/td>\n<td valign=\"middle\"><i>3303<\/i><\/td>\n<td valign=\"middle\"><i>968<\/i><\/td>\n<td valign=\"middle\"><i>4228<\/i><\/td>\n<td valign=\"middle\"><i>968<\/i><\/td>\n<\/tr>\n<tr>\n<td valign=\"middle\"><i>600<\/i><\/td>\n<td valign=\"middle\"><i>1164<\/i><\/td>\n<td valign=\"middle\"><i>1164<\/i><\/td>\n<td valign=\"middle\"><i>68<\/i><\/td>\n<td valign=\"middle\"><i>26<\/i><\/td>\n<td valign=\"middle\"><i>3900<\/i><\/td>\n<td valign=\"middle\"><i>1143<\/i><\/td>\n<td valign=\"middle\"><i>4992<\/i><\/td>\n<td valign=\"middle\"><i>1143<\/i><\/td>\n<\/tr>\n<\/tbody>\n<\/table>\n<\/div>\n<\/div>\n<\/div>\n<\/div>\n<\/div>\n","protected":false},"featured_media":847,"comment_status":"closed","ping_status":"closed","template":"","meta":[],"product_brand":[],"product_cat":[165],"product_tag":[],"class_list":{"0":"post-845","1":"product","2":"type-product","3":"status-publish","4":"has-post-thumbnail","6":"product_cat-dizayn-radyator","8":"first","9":"instock","10":"taxable","11":"shipping-taxable","12":"product-type-simple"},"_links":{"self":[{"href":"http:\/\/gonenyapi.com.tr\/index.php\/wp-json\/wp\/v2\/product\/845","targetHints":{"allow":["GET"]}}],"collection":[{"href":"http:\/\/gonenyapi.com.tr\/index.php\/wp-json\/wp\/v2\/product"}],"about":[{"href":"http:\/\/gonenyapi.com.tr\/index.php\/wp-json\/wp\/v2\/types\/product"}],"replies":[{"embeddable":true,"href":"http:\/\/gonenyapi.com.tr\/index.php\/wp-json\/wp\/v2\/comments?post=845"}],"wp:featuredmedia":[{"embeddable":true,"href":"http:\/\/gonenyapi.com.tr\/index.php\/wp-json\/wp\/v2\/media\/847"}],"wp:attachment":[{"href":"http:\/\/gonenyapi.com.tr\/index.php\/wp-json\/wp\/v2\/media?parent=845"}],"wp:term":[{"taxonomy":"product_brand","embeddable":true,"href":"http:\/\/gonenyapi.com.tr\/index.php\/wp-json\/wp\/v2\/product_brand?post=845"},{"taxonomy":"product_cat","embeddable":true,"href":"http:\/\/gonenyapi.com.tr\/index.php\/wp-json\/wp\/v2\/product_cat?post=845"},{"taxonomy":"product_tag","embeddable":true,"href":"http:\/\/gonenyapi.com.tr\/index.php\/wp-json\/wp\/v2\/product_tag?post=845"}],"curies":[{"name":"wp","href":"https:\/\/api.w.org\/{rel}","templated":true}]}}