{"id":839,"date":"2020-09-30T09:55:12","date_gmt":"2020-09-30T06:55:12","guid":{"rendered":"http:\/\/gonenyapi.com.tr\/?post_type=product&#038;p=839"},"modified":"2020-10-10T14:10:43","modified_gmt":"2020-10-10T11:10:43","slug":"aluminyum-radyator-adriana","status":"publish","type":"product","link":"http:\/\/gonenyapi.com.tr\/index.php\/urun\/aluminyum-radyator-adriana\/","title":{"rendered":"AL\u00dcM\u0130NYUM RADYAT\u00d6R &#8211; Adriana"},"content":{"rendered":"<h5 id=\"ui-id-1\" class=\"clearfix edgtf-title-holder ui-accordion-header ui-state-default ui-accordion-header-active ui-state-active ui-corner-top\" role=\"tab\"><span class=\"edgtf-tab-title\"><span class=\"edgtf-tab-title-inner\">\u00dcR\u00dcN \u00d6ZELL\u0130KLER\u0130 <\/span> <\/span><\/h5>\n<div id=\"ui-id-2\" class=\"edgtf-accordion-content ui-accordion-content ui-helper-reset ui-widget-content ui-corner-bottom ui-accordion-content-active\" role=\"tabpanel\" aria-labelledby=\"ui-id-1\" aria-hidden=\"false\">\n<div class=\"edgtf-accordion-content-inner\">\n<div class=\"wpb_text_column wpb_content_element \">\n<div class=\"wpb_wrapper\">\n<div>\n<table cellspacing=\"0\" cellpadding=\"0\">\n<tbody>\n<tr>\n<td valign=\"middle\"><b>Anma \u00d6l\u00e7\u00fcs\u00fc<br \/>\n<\/b><b><i>Height<span class=\"Apple-converted-space\"><br \/>\n<\/span><\/i><\/b><b><i>(mm)<\/i><\/b><\/td>\n<td valign=\"middle\"><b>Y\u00fckseklik<br \/>\n<\/b><b><i>Width<br \/>\n<\/i><\/b><b><i>(mm)<\/i><\/b><\/td>\n<td valign=\"middle\"><b>Ba\u011flant\u0131 <\/b><b>Mesafesi<br \/>\n<\/b><b><i>Pipe <\/i><\/b><b><i>Centres<br \/>\n(mm)<\/i><\/b><\/td>\n<td valign=\"middle\"><b>Duvar ile<br \/>\nBa\u011flant\u0131 <\/b><b>Mesafesi<span class=\"Apple-converted-space\"><br \/>\n<\/span><\/b><b><i>Wall to Pipe Centres<br \/>\n(mm)<\/i><\/b><\/td>\n<td valign=\"middle\"><b>Duvar Mesafesi<span class=\"Apple-converted-space\"><br \/>\n<\/span><\/b><b><i>Wall\u00a0<\/i><\/b><b><i>Distance<br \/>\n(mm)<\/i><\/b><\/td>\n<td valign=\"middle\"><b>Is\u0131 Verimi<br \/>\n<\/b><b><i>DELTA: T50C<br \/>\n<\/i><\/b><b>BTU<\/b><\/td>\n<td valign=\"middle\"><b>Is\u0131 Verimi<br \/>\n<\/b><b><i>DELTA: T50C<br \/>\n<\/i><\/b><b>WATT<\/b><\/td>\n<td valign=\"middle\"><b>Is\u0131 Verimi<br \/>\n<\/b><b><i>DELTA: T60C<br \/>\n<\/i><\/b><b>BTU<\/b><\/td>\n<td valign=\"middle\"><b>Is\u0131 Verimi<br \/>\n<\/b><b><i>DELTA: T60C<br \/>\n<\/i><\/b><b>WATT<\/b><\/td>\n<\/tr>\n<tr>\n<td valign=\"middle\"><i>700<\/i><\/td>\n<td valign=\"middle\"><i>500<\/i><\/td>\n<td valign=\"middle\"><i>475<\/i><\/td>\n<td valign=\"middle\"><i>32<\/i><\/td>\n<td valign=\"middle\"><i>66<\/i><\/td>\n<td valign=\"middle\"><i>1470<\/i><\/td>\n<td valign=\"middle\"><i>431<\/i><\/td>\n<td valign=\"middle\"><i>1862<\/i><\/td>\n<td valign=\"middle\"><i>546<\/i><\/td>\n<\/tr>\n<tr>\n<td valign=\"middle\"><i>1200<\/i><\/td>\n<td valign=\"middle\"><i>500<\/i><\/td>\n<td valign=\"middle\"><i>475<\/i><\/td>\n<td valign=\"middle\"><i>32<\/i><\/td>\n<td valign=\"middle\"><i>66<\/i><\/td>\n<td valign=\"middle\"><i>2572<\/i><\/td>\n<td valign=\"middle\"><i>754<\/i><\/td>\n<td valign=\"middle\"><i>3259<\/i><\/td>\n<td valign=\"middle\"><i>955<\/i><\/td>\n<\/tr>\n<tr>\n<td valign=\"middle\"><i>700<\/i><\/td>\n<td valign=\"middle\"><i>600<\/i><\/td>\n<td valign=\"middle\"><i>575<\/i><\/td>\n<td valign=\"middle\"><i>32<\/i><\/td>\n<td valign=\"middle\"><i>66<\/i><\/td>\n<td valign=\"middle\"><i>1774<\/i><\/td>\n<td valign=\"middle\"><i>520<\/i><\/td>\n<td valign=\"middle\"><i>2248<\/i><\/td>\n<td valign=\"middle\"><i>659<\/i><\/td>\n<\/tr>\n<tr>\n<td valign=\"middle\"><i>1200<\/i><\/td>\n<td valign=\"middle\"><i>600<\/i><\/td>\n<td valign=\"middle\"><i>575<\/i><\/td>\n<td valign=\"middle\"><i>32<\/i><\/td>\n<td valign=\"middle\"><i>66<\/i><\/td>\n<td valign=\"middle\"><i>3101<\/i><\/td>\n<td valign=\"middle\"><i>909<\/i><\/td>\n<td valign=\"middle\"><i>3929<\/i><\/td>\n<td valign=\"middle\"><i>1151<\/i><\/td>\n<\/tr>\n<\/tbody>\n<\/table>\n<\/div>\n<\/div>\n<\/div>\n<\/div>\n<\/div>\n","protected":false},"excerpt":{"rendered":"<h5 id=\"ui-id-1\" class=\"clearfix edgtf-title-holder ui-accordion-header ui-state-default ui-accordion-header-active ui-state-active ui-corner-top\" role=\"tab\"><span class=\"edgtf-tab-title\"><span class=\"edgtf-tab-title-inner\">\u00dcR\u00dcN \u00d6ZELL\u0130KLER\u0130 <\/span> <\/span><\/h5>\n<div id=\"ui-id-2\" class=\"edgtf-accordion-content ui-accordion-content ui-helper-reset ui-widget-content ui-corner-bottom ui-accordion-content-active\" role=\"tabpanel\" aria-labelledby=\"ui-id-1\" aria-hidden=\"false\">\n<div class=\"edgtf-accordion-content-inner\">\n<div class=\"wpb_text_column wpb_content_element \">\n<div class=\"wpb_wrapper\">\n<div>\n<table cellspacing=\"0\" cellpadding=\"0\">\n<tbody>\n<tr>\n<td valign=\"middle\"><b>Anma \u00d6l\u00e7\u00fcs\u00fc<br \/>\n<\/b><b><i>Height<span class=\"Apple-converted-space\"><br \/>\n<\/span><\/i><\/b><b><i>(mm)<\/i><\/b><\/td>\n<td valign=\"middle\"><b>Y\u00fckseklik<br \/>\n<\/b><b><i>Width<br \/>\n<\/i><\/b><b><i>(mm)<\/i><\/b><\/td>\n<td valign=\"middle\"><b>Ba\u011flant\u0131 <\/b><b>Mesafesi<br \/>\n<\/b><b><i>Pipe <\/i><\/b><b><i>Centres<br \/>\n(mm)<\/i><\/b><\/td>\n<td valign=\"middle\"><b>Duvar ile<br \/>\nBa\u011flant\u0131 <\/b><b>Mesafesi<span class=\"Apple-converted-space\"><br \/>\n<\/span><\/b><b><i>Wall to Pipe Centres<br \/>\n(mm)<\/i><\/b><\/td>\n<td valign=\"middle\"><b>Duvar Mesafesi<span class=\"Apple-converted-space\"><br \/>\n<\/span><\/b><b><i>Wall\u00a0<\/i><\/b><b><i>Distance<br \/>\n(mm)<\/i><\/b><\/td>\n<td valign=\"middle\"><b>Is\u0131 Verimi<br \/>\n<\/b><b><i>DELTA: T50C<br \/>\n<\/i><\/b><b>BTU<\/b><\/td>\n<td valign=\"middle\"><b>Is\u0131 Verimi<br \/>\n<\/b><b><i>DELTA: T50C<br \/>\n<\/i><\/b><b>WATT<\/b><\/td>\n<td valign=\"middle\"><b>Is\u0131 Verimi<br \/>\n<\/b><b><i>DELTA: T60C<br \/>\n<\/i><\/b><b>BTU<\/b><\/td>\n<td valign=\"middle\"><b>Is\u0131 Verimi<br \/>\n<\/b><b><i>DELTA: T60C<br \/>\n<\/i><\/b><b>WATT<\/b><\/td>\n<\/tr>\n<tr>\n<td valign=\"middle\"><i>700<\/i><\/td>\n<td valign=\"middle\"><i>500<\/i><\/td>\n<td valign=\"middle\"><i>475<\/i><\/td>\n<td valign=\"middle\"><i>32<\/i><\/td>\n<td valign=\"middle\"><i>66<\/i><\/td>\n<td valign=\"middle\"><i>1470<\/i><\/td>\n<td valign=\"middle\"><i>431<\/i><\/td>\n<td valign=\"middle\"><i>1862<\/i><\/td>\n<td valign=\"middle\"><i>546<\/i><\/td>\n<\/tr>\n<tr>\n<td valign=\"middle\"><i>1200<\/i><\/td>\n<td valign=\"middle\"><i>500<\/i><\/td>\n<td valign=\"middle\"><i>475<\/i><\/td>\n<td valign=\"middle\"><i>32<\/i><\/td>\n<td valign=\"middle\"><i>66<\/i><\/td>\n<td valign=\"middle\"><i>2572<\/i><\/td>\n<td valign=\"middle\"><i>754<\/i><\/td>\n<td valign=\"middle\"><i>3259<\/i><\/td>\n<td valign=\"middle\"><i>955<\/i><\/td>\n<\/tr>\n<tr>\n<td valign=\"middle\"><i>700<\/i><\/td>\n<td valign=\"middle\"><i>600<\/i><\/td>\n<td valign=\"middle\"><i>575<\/i><\/td>\n<td valign=\"middle\"><i>32<\/i><\/td>\n<td valign=\"middle\"><i>66<\/i><\/td>\n<td valign=\"middle\"><i>1774<\/i><\/td>\n<td valign=\"middle\"><i>520<\/i><\/td>\n<td valign=\"middle\"><i>2248<\/i><\/td>\n<td valign=\"middle\"><i>659<\/i><\/td>\n<\/tr>\n<tr>\n<td valign=\"middle\"><i>1200<\/i><\/td>\n<td valign=\"middle\"><i>600<\/i><\/td>\n<td valign=\"middle\"><i>575<\/i><\/td>\n<td valign=\"middle\"><i>32<\/i><\/td>\n<td valign=\"middle\"><i>66<\/i><\/td>\n<td valign=\"middle\"><i>3101<\/i><\/td>\n<td valign=\"middle\"><i>909<\/i><\/td>\n<td valign=\"middle\"><i>3929<\/i><\/td>\n<td valign=\"middle\"><i>1151<\/i><\/td>\n<\/tr>\n<\/tbody>\n<\/table>\n<\/div>\n<\/div>\n<\/div>\n<\/div>\n<\/div>\n","protected":false},"featured_media":840,"comment_status":"closed","ping_status":"closed","template":"","meta":[],"product_brand":[],"product_cat":[165],"product_tag":[],"class_list":{"0":"post-839","1":"product","2":"type-product","3":"status-publish","4":"has-post-thumbnail","6":"product_cat-dizayn-radyator","8":"first","9":"instock","10":"taxable","11":"shipping-taxable","12":"purchasable","13":"product-type-simple"},"_links":{"self":[{"href":"http:\/\/gonenyapi.com.tr\/index.php\/wp-json\/wp\/v2\/product\/839","targetHints":{"allow":["GET"]}}],"collection":[{"href":"http:\/\/gonenyapi.com.tr\/index.php\/wp-json\/wp\/v2\/product"}],"about":[{"href":"http:\/\/gonenyapi.com.tr\/index.php\/wp-json\/wp\/v2\/types\/product"}],"replies":[{"embeddable":true,"href":"http:\/\/gonenyapi.com.tr\/index.php\/wp-json\/wp\/v2\/comments?post=839"}],"wp:featuredmedia":[{"embeddable":true,"href":"http:\/\/gonenyapi.com.tr\/index.php\/wp-json\/wp\/v2\/media\/840"}],"wp:attachment":[{"href":"http:\/\/gonenyapi.com.tr\/index.php\/wp-json\/wp\/v2\/media?parent=839"}],"wp:term":[{"taxonomy":"product_brand","embeddable":true,"href":"http:\/\/gonenyapi.com.tr\/index.php\/wp-json\/wp\/v2\/product_brand?post=839"},{"taxonomy":"product_cat","embeddable":true,"href":"http:\/\/gonenyapi.com.tr\/index.php\/wp-json\/wp\/v2\/product_cat?post=839"},{"taxonomy":"product_tag","embeddable":true,"href":"http:\/\/gonenyapi.com.tr\/index.php\/wp-json\/wp\/v2\/product_tag?post=839"}],"curies":[{"name":"wp","href":"https:\/\/api.w.org\/{rel}","templated":true}]}}