{"id":834,"date":"2020-09-30T09:48:05","date_gmt":"2020-09-30T06:48:05","guid":{"rendered":"http:\/\/gonenyapi.com.tr\/?post_type=product&#038;p=834"},"modified":"2020-09-30T09:48:05","modified_gmt":"2020-09-30T06:48:05","slug":"java-35-yogusmali-kombi","status":"publish","type":"product","link":"http:\/\/gonenyapi.com.tr\/index.php\/urun\/java-35-yogusmali-kombi\/","title":{"rendered":"JAVA 35 YO\u011eU\u015eMALI KOMB\u0130"},"content":{"rendered":"<table>\n<tbody>\n<tr>\n<td width=\"77\">\u00dcR\u00dcN ADI<\/td>\n<td width=\"76\">KAPAS\u0130TE<\/td>\n<td width=\"100\">ENERJ\u0130 SINIFI<\/td>\n<td width=\"124\">Y\u00dcKSEKL\u0130K (mm)<\/td>\n<td width=\"111\">GEN\u0130\u015eL\u0130K(mm)<\/td>\n<td width=\"111\">DER\u0130NL\u0130K(mm)<\/td>\n<td width=\"71\"><\/td>\n<\/tr>\n<tr>\n<td>JAVA 35<\/td>\n<td>35 kw<\/td>\n<td>A<\/td>\n<td>717<\/td>\n<td>400<\/td>\n<td>390<\/td>\n<\/tr>\n<\/tbody>\n<\/table>\n","protected":false},"excerpt":{"rendered":"<table>\n<tbody>\n<tr>\n<td width=\"77\">\u00dcR\u00dcN ADI<\/td>\n<td width=\"76\">KAPAS\u0130TE<\/td>\n<td width=\"100\">ENERJ\u0130 SINIFI<\/td>\n<td width=\"124\">Y\u00dcKSEKL\u0130K (mm)<\/td>\n<td width=\"111\">GEN\u0130\u015eL\u0130K(mm)<\/td>\n<td width=\"111\">DER\u0130NL\u0130K(mm)<\/td>\n<td width=\"71\"><\/td>\n<\/tr>\n<tr>\n<td>JAVA 35<\/td>\n<td>35 kw<\/td>\n<td>A<\/td>\n<td>717<\/td>\n<td>400<\/td>\n<td>390<\/td>\n<\/tr>\n<\/tbody>\n<\/table>\n","protected":false},"featured_media":832,"comment_status":"closed","ping_status":"closed","template":"","meta":[],"product_brand":[],"product_cat":[164],"product_tag":[],"class_list":{"0":"post-834","1":"product","2":"type-product","3":"status-publish","4":"has-post-thumbnail","6":"product_cat-kombi","8":"first","9":"instock","10":"taxable","11":"shipping-taxable","12":"product-type-simple"},"_links":{"self":[{"href":"http:\/\/gonenyapi.com.tr\/index.php\/wp-json\/wp\/v2\/product\/834","targetHints":{"allow":["GET"]}}],"collection":[{"href":"http:\/\/gonenyapi.com.tr\/index.php\/wp-json\/wp\/v2\/product"}],"about":[{"href":"http:\/\/gonenyapi.com.tr\/index.php\/wp-json\/wp\/v2\/types\/product"}],"replies":[{"embeddable":true,"href":"http:\/\/gonenyapi.com.tr\/index.php\/wp-json\/wp\/v2\/comments?post=834"}],"wp:featuredmedia":[{"embeddable":true,"href":"http:\/\/gonenyapi.com.tr\/index.php\/wp-json\/wp\/v2\/media\/832"}],"wp:attachment":[{"href":"http:\/\/gonenyapi.com.tr\/index.php\/wp-json\/wp\/v2\/media?parent=834"}],"wp:term":[{"taxonomy":"product_brand","embeddable":true,"href":"http:\/\/gonenyapi.com.tr\/index.php\/wp-json\/wp\/v2\/product_brand?post=834"},{"taxonomy":"product_cat","embeddable":true,"href":"http:\/\/gonenyapi.com.tr\/index.php\/wp-json\/wp\/v2\/product_cat?post=834"},{"taxonomy":"product_tag","embeddable":true,"href":"http:\/\/gonenyapi.com.tr\/index.php\/wp-json\/wp\/v2\/product_tag?post=834"}],"curies":[{"name":"wp","href":"https:\/\/api.w.org\/{rel}","templated":true}]}}