{"id":822,"date":"2020-09-30T09:41:50","date_gmt":"2020-09-30T06:41:50","guid":{"rendered":"http:\/\/gonenyapi.com.tr\/?post_type=product&#038;p=822"},"modified":"2020-09-30T09:41:50","modified_gmt":"2020-09-30T06:41:50","slug":"panel-dizayn-flat-panel-radyator","status":"publish","type":"product","link":"http:\/\/gonenyapi.com.tr\/index.php\/urun\/panel-dizayn-flat-panel-radyator\/","title":{"rendered":"PANEL D\u0130ZAYN &#8211; Flat Panel Radyat\u00f6r"},"content":{"rendered":"<h5 id=\"ui-id-1\" class=\"clearfix edgtf-title-holder ui-accordion-header ui-state-default ui-accordion-header-active ui-state-active ui-corner-top\" tabindex=\"0\" role=\"tab\" aria-controls=\"ui-id-2\" aria-selected=\"true\" aria-expanded=\"true\"><span class=\"edgtf-tab-title\"><span class=\"edgtf-tab-title-inner\">T\u0130P 11 \u00dcR\u00dcN \u00d6ZELL\u0130KLER\u0130 <\/span> <\/span><\/h5>\n<div id=\"ui-id-2\" class=\"edgtf-accordion-content ui-accordion-content ui-helper-reset ui-widget-content ui-corner-bottom ui-accordion-content-active\" role=\"tabpanel\" aria-labelledby=\"ui-id-1\" aria-hidden=\"false\">\n<div class=\"edgtf-accordion-content-inner\">\n<div class=\"wpb_text_column wpb_content_element \">\n<div class=\"wpb_wrapper\">\n<table cellspacing=\"0\" cellpadding=\"0\">\n<tbody>\n<tr>\n<td valign=\"middle\"><b>Toplam Y\u00fckseklik<br \/>\n<\/b><b><i>Overall Height<br \/>\n<\/i><\/b><b><i>(mm)<\/i><\/b><\/td>\n<td valign=\"middle\"><b>Geni\u015flik<br \/>\n<\/b><b><i>Dimension Width<br \/>\n<\/i><\/b><b><i>(mm) <\/i><\/b><\/td>\n<td valign=\"middle\"><b>Is\u0131 Verimi<br \/>\n<\/b><b><i>DELTA: T60C<br \/>\n<\/i><\/b><b>BTU<\/b><\/td>\n<td valign=\"middle\"><b>Is\u0131 Verimi<br \/>\n<\/b><b><i>DELTA: T60C<br \/>\n<\/i><\/b><b>WATT<\/b><\/td>\n<\/tr>\n<tr>\n<td valign=\"middle\"><i>300<\/i><\/td>\n<td valign=\"middle\"><i>600<\/i><\/td>\n<td valign=\"middle\"><i>1139<\/i><\/td>\n<td valign=\"middle\"><i>334<\/i><\/td>\n<\/tr>\n<tr>\n<td valign=\"middle\"><i>300<\/i><\/td>\n<td valign=\"middle\"><i>1000<\/i><\/td>\n<td valign=\"middle\"><i>1899<\/i><\/td>\n<td valign=\"middle\"><i>556<\/i><\/td>\n<\/tr>\n<tr>\n<td valign=\"middle\"><i>300<\/i><\/td>\n<td valign=\"middle\"><i>1200<\/i><\/td>\n<td valign=\"middle\"><i>2277<\/i><\/td>\n<td valign=\"middle\"><i>668<\/i><\/td>\n<\/tr>\n<tr>\n<td valign=\"middle\"><i>300<\/i><\/td>\n<td valign=\"middle\"><i>1400<\/i><\/td>\n<td valign=\"middle\"><i>2657<\/i><\/td>\n<td valign=\"middle\"><i>779<\/i><\/td>\n<\/tr>\n<tr>\n<td valign=\"middle\"><i>400<\/i><\/td>\n<td valign=\"middle\"><i>400<\/i><\/td>\n<td valign=\"middle\"><i>999<\/i><\/td>\n<td valign=\"middle\"><i>293<\/i><\/td>\n<\/tr>\n<tr>\n<td valign=\"middle\"><i>400<\/i><\/td>\n<td valign=\"middle\"><i>600<\/i><\/td>\n<td valign=\"middle\"><i>1497<\/i><\/td>\n<td valign=\"middle\"><i>439<\/i><\/td>\n<\/tr>\n<tr>\n<td valign=\"middle\"><i>400<\/i><\/td>\n<td valign=\"middle\"><i>800<\/i><\/td>\n<td valign=\"middle\"><i>1998<\/i><\/td>\n<td valign=\"middle\"><i>586<\/i><\/td>\n<\/tr>\n<tr>\n<td valign=\"middle\"><i>400<\/i><\/td>\n<td valign=\"middle\"><i>1000<\/i><\/td>\n<td valign=\"middle\"><i>2499<\/i><\/td>\n<td valign=\"middle\"><i>733<\/i><\/td>\n<\/tr>\n<tr>\n<td valign=\"middle\"><i>400<\/i><\/td>\n<td valign=\"middle\"><i>1200<\/i><\/td>\n<td valign=\"middle\"><i>3004<\/i><\/td>\n<td valign=\"middle\"><i>881<\/i><\/td>\n<\/tr>\n<tr>\n<td valign=\"middle\"><i>400<\/i><\/td>\n<td valign=\"middle\"><i>1400<\/i><\/td>\n<td valign=\"middle\"><i>3502<\/i><\/td>\n<td valign=\"middle\"><i>1027<\/i><\/td>\n<\/tr>\n<tr>\n<td valign=\"middle\"><i>400<\/i><\/td>\n<td valign=\"middle\"><i>1600<\/i><\/td>\n<td valign=\"middle\"><i>4006<\/i><\/td>\n<td valign=\"middle\"><i>1175<\/i><\/td>\n<\/tr>\n<tr>\n<td valign=\"middle\"><i>500<\/i><\/td>\n<td valign=\"middle\"><i>400<\/i><\/td>\n<td valign=\"middle\"><i>1224<\/i><\/td>\n<td valign=\"middle\"><i>359<\/i><\/td>\n<\/tr>\n<tr>\n<td valign=\"middle\"><i>500<\/i><\/td>\n<td valign=\"middle\"><i>600<\/i><\/td>\n<td valign=\"middle\"><i>1844<\/i><\/td>\n<td valign=\"middle\"><i>541<\/i><\/td>\n<\/tr>\n<tr>\n<td valign=\"middle\"><i>500<\/i><\/td>\n<td valign=\"middle\"><i>800<\/i><\/td>\n<td valign=\"middle\"><i>2460<\/i><\/td>\n<td valign=\"middle\"><i>721<\/i><\/td>\n<\/tr>\n<tr>\n<td valign=\"middle\"><i>500<\/i><\/td>\n<td valign=\"middle\"><i>1000<\/i><\/td>\n<td valign=\"middle\"><i>3080<\/i><\/td>\n<td valign=\"middle\"><i>903<\/i><\/td>\n<\/tr>\n<tr>\n<td valign=\"middle\"><i>500<\/i><\/td>\n<td valign=\"middle\"><i>1200<\/i><\/td>\n<td valign=\"middle\"><i>3699<\/i><\/td>\n<td valign=\"middle\"><i>1085<\/i><\/td>\n<\/tr>\n<tr>\n<td valign=\"middle\"><i>500<\/i><\/td>\n<td valign=\"middle\"><i>1400<\/i><\/td>\n<td valign=\"middle\"><i>4314<\/i><\/td>\n<td valign=\"middle\"><i>1265<\/i><\/td>\n<\/tr>\n<tr>\n<td valign=\"middle\"><i>500<\/i><\/td>\n<td valign=\"middle\"><i>1600<\/i><\/td>\n<td valign=\"middle\"><i>4934<\/i><\/td>\n<td valign=\"middle\"><i>1447<\/i><\/td>\n<\/tr>\n<tr>\n<td valign=\"middle\"><i>600<\/i><\/td>\n<td valign=\"middle\"><i>400<\/i><\/td>\n<td valign=\"middle\"><i>1443<\/i><\/td>\n<td valign=\"middle\"><i>423<\/i><\/td>\n<\/tr>\n<tr>\n<td valign=\"middle\"><i>600<\/i><\/td>\n<td valign=\"middle\"><i>600<\/i><\/td>\n<td valign=\"middle\"><i>2173<\/i><\/td>\n<td valign=\"middle\"><i>637<\/i><\/td>\n<\/tr>\n<tr>\n<td valign=\"middle\"><i>600<\/i><\/td>\n<td valign=\"middle\"><i>800<\/i><\/td>\n<td valign=\"middle\"><i>2900<\/i><\/td>\n<td valign=\"middle\"><i>850<\/i><\/td>\n<\/tr>\n<tr>\n<td valign=\"middle\"><i>600<\/i><\/td>\n<td valign=\"middle\"><i>1000<\/i><\/td>\n<td valign=\"middle\"><i>3627<\/i><\/td>\n<td valign=\"middle\"><i>1064<\/i><\/td>\n<\/tr>\n<tr>\n<td valign=\"middle\"><i>600<\/i><\/td>\n<td valign=\"middle\"><i>1200<\/i><\/td>\n<td valign=\"middle\"><i>4354<\/i><\/td>\n<td valign=\"middle\"><i>1277<\/i><\/td>\n<\/tr>\n<tr>\n<td valign=\"middle\"><i>600<\/i><\/td>\n<td valign=\"middle\"><i>1400<\/i><\/td>\n<td valign=\"middle\"><i>5081<\/i><\/td>\n<td valign=\"middle\"><i>1490<\/i><\/td>\n<\/tr>\n<tr>\n<td valign=\"middle\"><i>600<\/i><\/td>\n<td valign=\"middle\"><i>1600<\/i><\/td>\n<td valign=\"middle\"><i>5811<\/i><\/td>\n<td valign=\"middle\"><i>1704<\/i><\/td>\n<\/tr>\n<tr>\n<td valign=\"middle\"><i>600<\/i><\/td>\n<td valign=\"middle\"><i>1800<\/i><\/td>\n<td valign=\"middle\"><i>6538<\/i><\/td>\n<td valign=\"middle\"><i>1917<\/i><\/td>\n<\/tr>\n<tr>\n<td valign=\"middle\"><i>600<\/i><\/td>\n<td valign=\"middle\"><i>2000<\/i><\/td>\n<td valign=\"middle\"><i>7265<\/i><\/td>\n<td valign=\"middle\"><i>2139<\/i><\/td>\n<\/tr>\n<\/tbody>\n<\/table>\n<h5 id=\"ui-id-3\" class=\"clearfix edgtf-title-holder ui-accordion-header ui-state-default ui-accordion-header-active ui-state-active ui-corner-top\" tabindex=\"0\" role=\"tab\" aria-controls=\"ui-id-4\" aria-selected=\"true\" aria-expanded=\"true\"><span class=\"edgtf-tab-title\"><span class=\"edgtf-tab-title-inner\">T\u0130P 22 \u00dcR\u00dcN \u00d6ZELL\u0130KLER\u0130 <\/span> <\/span><\/h5>\n<div id=\"ui-id-4\" class=\"edgtf-accordion-content ui-accordion-content ui-helper-reset ui-widget-content ui-corner-bottom ui-accordion-content-active\" role=\"tabpanel\" aria-labelledby=\"ui-id-3\" aria-hidden=\"false\">\n<div class=\"edgtf-accordion-content-inner\">\n<div class=\"wpb_text_column wpb_content_element \">\n<div class=\"wpb_wrapper\">\n<table cellspacing=\"0\" cellpadding=\"0\">\n<tbody>\n<tr>\n<td valign=\"middle\"><b>Toplam Y\u00fckseklik<br \/>\n<\/b><b><i>Overall Height<br \/>\n<\/i><\/b><b><i>(mm)<\/i><\/b><\/td>\n<td valign=\"middle\"><b>Geni\u015flik<br \/>\n<\/b><b><i>Dimension Width<br \/>\n<\/i><\/b><b><i>(mm) <\/i><\/b><\/td>\n<td valign=\"middle\"><b>Is\u0131 Verimi<br \/>\n<\/b><b><i>DELTA: T60C<br \/>\n<\/i><\/b><b>BTU<\/b><\/td>\n<td valign=\"middle\"><b>Is\u0131 Verimi<br \/>\n<\/b><b><i>DELTA: T60C<br \/>\n<\/i><\/b><b>WATT<\/b><\/td>\n<\/tr>\n<tr>\n<td valign=\"middle\"><i>300<\/i><\/td>\n<td valign=\"middle\"><i>600<\/i><\/td>\n<td valign=\"middle\"><i>2159<\/i><\/td>\n<td valign=\"middle\"><i>633<\/i><\/td>\n<\/tr>\n<tr>\n<td valign=\"middle\"><i>300<\/i><\/td>\n<td valign=\"middle\"><i>1000<\/i><\/td>\n<td valign=\"middle\"><i>3598<\/i><\/td>\n<td valign=\"middle\"><i>1055<\/i><\/td>\n<\/tr>\n<tr>\n<td valign=\"middle\"><i>300<\/i><\/td>\n<td valign=\"middle\"><i>1200<\/i><\/td>\n<td valign=\"middle\"><i>4318<\/i><\/td>\n<td valign=\"middle\"><i>1266<\/i><\/td>\n<\/tr>\n<tr>\n<td valign=\"middle\"><i>300<\/i><\/td>\n<td valign=\"middle\"><i>1400<\/i><\/td>\n<td valign=\"middle\"><i>5038<\/i><\/td>\n<td valign=\"middle\"><i>1478<\/i><\/td>\n<\/tr>\n<tr>\n<td valign=\"middle\"><i>400<\/i><\/td>\n<td valign=\"middle\"><i>400<\/i><\/td>\n<td valign=\"middle\"><i>1794<\/i><\/td>\n<td valign=\"middle\"><i>526<\/i><\/td>\n<\/tr>\n<tr>\n<td valign=\"middle\"><i>400<\/i><\/td>\n<td valign=\"middle\"><i>600<\/i><\/td>\n<td valign=\"middle\"><i>2779<\/i><\/td>\n<td valign=\"middle\"><i>815<\/i><\/td>\n<\/tr>\n<tr>\n<td valign=\"middle\"><i>400<\/i><\/td>\n<td valign=\"middle\"><i>800<\/i><\/td>\n<td valign=\"middle\"><i>3699<\/i><\/td>\n<td valign=\"middle\"><i>1085<\/i><\/td>\n<\/tr>\n<tr>\n<td valign=\"middle\"><i>400<\/i><\/td>\n<td valign=\"middle\"><i>1000<\/i><\/td>\n<td valign=\"middle\"><i>4615<\/i><\/td>\n<td valign=\"middle\"><i>1353<\/i><\/td>\n<\/tr>\n<tr>\n<td valign=\"middle\"><i>400<\/i><\/td>\n<td valign=\"middle\"><i>1200<\/i><\/td>\n<td valign=\"middle\"><i>5535<\/i><\/td>\n<td valign=\"middle\"><i>1623<\/i><\/td>\n<\/tr>\n<tr>\n<td valign=\"middle\"><i>400<\/i><\/td>\n<td valign=\"middle\"><i>1400<\/i><\/td>\n<td valign=\"middle\"><i>6456<\/i><\/td>\n<td valign=\"middle\"><i>1893<\/i><\/td>\n<\/tr>\n<tr>\n<td valign=\"middle\"><i>400<\/i><\/td>\n<td valign=\"middle\"><i>1600<\/i><\/td>\n<td valign=\"middle\"><i>7369<\/i><\/td>\n<td valign=\"middle\"><i>2161<\/i><\/td>\n<\/tr>\n<tr>\n<td valign=\"middle\"><i>500<\/i><\/td>\n<td valign=\"middle\"><i>400<\/i><\/td>\n<td valign=\"middle\"><i>2206<\/i><\/td>\n<td valign=\"middle\"><i>647<\/i><\/td>\n<\/tr>\n<tr>\n<td valign=\"middle\"><i>500<\/i><\/td>\n<td valign=\"middle\"><i>600<\/i><\/td>\n<td valign=\"middle\"><i>3315<\/i><\/td>\n<td valign=\"middle\"><i>972<\/i><\/td>\n<\/tr>\n<tr>\n<td valign=\"middle\"><i>500<\/i><\/td>\n<td valign=\"middle\"><i>800<\/i><\/td>\n<td valign=\"middle\"><i>4422<\/i><\/td>\n<td valign=\"middle\"><i>1297<\/i><\/td>\n<\/tr>\n<tr>\n<td valign=\"middle\"><i>500<\/i><\/td>\n<td valign=\"middle\"><i>1000<\/i><\/td>\n<td valign=\"middle\"><i>5539<\/i><\/td>\n<td valign=\"middle\"><i>1622<\/i><\/td>\n<\/tr>\n<tr>\n<td valign=\"middle\"><i>500<\/i><\/td>\n<td valign=\"middle\"><i>1200<\/i><\/td>\n<td valign=\"middle\"><i>6638<\/i><\/td>\n<td valign=\"middle\"><i>1947<\/i><\/td>\n<\/tr>\n<tr>\n<td valign=\"middle\"><i>500<\/i><\/td>\n<td valign=\"middle\"><i>1400<\/i><\/td>\n<td valign=\"middle\"><i>7745<\/i><\/td>\n<td valign=\"middle\"><i>2271<\/i><\/td>\n<\/tr>\n<tr>\n<td valign=\"middle\"><i>500<\/i><\/td>\n<td valign=\"middle\"><i>1600<\/i><\/td>\n<td valign=\"middle\"><i>8855<\/i><\/td>\n<td valign=\"middle\"><i>2597<\/i><\/td>\n<\/tr>\n<tr>\n<td valign=\"middle\"><i>600<\/i><\/td>\n<td valign=\"middle\"><i>400<\/i><\/td>\n<td valign=\"middle\"><i>2607<\/i><\/td>\n<td valign=\"middle\"><i>764<\/i><\/td>\n<\/tr>\n<tr>\n<td valign=\"middle\"><i>600<\/i><\/td>\n<td valign=\"middle\"><i>600<\/i><\/td>\n<td valign=\"middle\"><i>3910<\/i><\/td>\n<td valign=\"middle\"><i>1147<\/i><\/td>\n<\/tr>\n<tr>\n<td valign=\"middle\"><i>600<\/i><\/td>\n<td valign=\"middle\"><i>800<\/i><\/td>\n<td valign=\"middle\"><i>5213<\/i><\/td>\n<td valign=\"middle\"><i>1529<\/i><\/td>\n<\/tr>\n<tr>\n<td valign=\"middle\"><i>600<\/i><\/td>\n<td valign=\"middle\"><i>1000<\/i><\/td>\n<td valign=\"middle\"><i>6516<\/i><\/td>\n<td valign=\"middle\"><i>1911<\/i><\/td>\n<\/tr>\n<tr>\n<td valign=\"middle\"><i>600<\/i><\/td>\n<td valign=\"middle\"><i>1200<\/i><\/td>\n<td valign=\"middle\"><i>7820<\/i><\/td>\n<td valign=\"middle\"><i>2293<\/i><\/td>\n<\/tr>\n<tr>\n<td valign=\"middle\"><i>600<\/i><\/td>\n<td valign=\"middle\"><i>1400<\/i><\/td>\n<td valign=\"middle\"><i>9123<\/i><\/td>\n<td valign=\"middle\"><i>2675<\/i><\/td>\n<\/tr>\n<tr>\n<td valign=\"middle\"><i>600<\/i><\/td>\n<td valign=\"middle\"><i>1600<\/i><\/td>\n<td valign=\"middle\"><i>10426<\/i><\/td>\n<td valign=\"middle\"><i>3058<\/i><\/td>\n<\/tr>\n<tr>\n<td valign=\"middle\"><i>600<\/i><\/td>\n<td valign=\"middle\"><i>1800<\/i><\/td>\n<td valign=\"middle\"><i>11730<\/i><\/td>\n<td valign=\"middle\"><i>3440<\/i><\/td>\n<\/tr>\n<tr>\n<td valign=\"middle\"><i>600<\/i><\/td>\n<td valign=\"middle\"><i>2000<\/i><\/td>\n<td valign=\"middle\"><i>13034<\/i><\/td>\n<td valign=\"middle\"><i>3822<\/i><\/td>\n<\/tr>\n<\/tbody>\n<\/table>\n<\/div>\n<\/div>\n<\/div>\n<\/div>\n<\/div>\n<\/div>\n<\/div>\n<\/div>\n","protected":false},"excerpt":{"rendered":"<p>T\u0130P 11 \u00dcR\u00dcN \u00d6ZELL\u0130KLER\u0130 Toplam Y\u00fckseklik Overall Height (mm) Geni\u015flik Dimension Width (mm) Is\u0131 Verimi DELTA: T60C BTU Is\u0131 Verimi DELTA: T60C WATT 300 600 1139 334 300 1000 1899 556 300 1200 2277 668 300 1400 2657 779 400 400 999 293 400 600 1497 439 400 800 1998 586 400 1000 2499 733 [&hellip;]<\/p>\n","protected":false},"featured_media":826,"comment_status":"closed","ping_status":"closed","template":"","meta":[],"product_brand":[],"product_cat":[162],"product_tag":[],"class_list":{"0":"post-822","1":"product","2":"type-product","3":"status-publish","4":"has-post-thumbnail","6":"product_cat-panel-radyator","8":"first","9":"instock","10":"taxable","11":"shipping-taxable","12":"product-type-simple"},"_links":{"self":[{"href":"http:\/\/gonenyapi.com.tr\/index.php\/wp-json\/wp\/v2\/product\/822","targetHints":{"allow":["GET"]}}],"collection":[{"href":"http:\/\/gonenyapi.com.tr\/index.php\/wp-json\/wp\/v2\/product"}],"about":[{"href":"http:\/\/gonenyapi.com.tr\/index.php\/wp-json\/wp\/v2\/types\/product"}],"replies":[{"embeddable":true,"href":"http:\/\/gonenyapi.com.tr\/index.php\/wp-json\/wp\/v2\/comments?post=822"}],"wp:featuredmedia":[{"embeddable":true,"href":"http:\/\/gonenyapi.com.tr\/index.php\/wp-json\/wp\/v2\/media\/826"}],"wp:attachment":[{"href":"http:\/\/gonenyapi.com.tr\/index.php\/wp-json\/wp\/v2\/media?parent=822"}],"wp:term":[{"taxonomy":"product_brand","embeddable":true,"href":"http:\/\/gonenyapi.com.tr\/index.php\/wp-json\/wp\/v2\/product_brand?post=822"},{"taxonomy":"product_cat","embeddable":true,"href":"http:\/\/gonenyapi.com.tr\/index.php\/wp-json\/wp\/v2\/product_cat?post=822"},{"taxonomy":"product_tag","embeddable":true,"href":"http:\/\/gonenyapi.com.tr\/index.php\/wp-json\/wp\/v2\/product_tag?post=822"}],"curies":[{"name":"wp","href":"https:\/\/api.w.org\/{rel}","templated":true}]}}