{"id":805,"date":"2020-09-30T09:32:11","date_gmt":"2020-09-30T06:32:11","guid":{"rendered":"http:\/\/gonenyapi.com.tr\/?post_type=product&#038;p=805"},"modified":"2020-09-30T09:32:11","modified_gmt":"2020-09-30T06:32:11","slug":"standart-radyator-tip-22","status":"publish","type":"product","link":"http:\/\/gonenyapi.com.tr\/index.php\/urun\/standart-radyator-tip-22\/","title":{"rendered":"STANDART RADYAT\u00d6R T\u0130P 22"},"content":{"rendered":"<h5 id=\"ui-id-1\" class=\"clearfix edgtf-title-holder ui-accordion-header ui-state-default ui-accordion-header-active ui-state-active ui-corner-top ui-state-hover\" tabindex=\"0\" role=\"tab\" aria-controls=\"ui-id-2\" aria-selected=\"true\" aria-expanded=\"true\"><span class=\"edgtf-tab-title\"><span class=\"edgtf-tab-title-inner\">\u00dcR\u00dcN \u00d6ZELL\u0130KLER\u0130 <\/span> <\/span><\/h5>\n<div id=\"ui-id-2\" class=\"edgtf-accordion-content ui-accordion-content ui-helper-reset ui-widget-content ui-corner-bottom ui-accordion-content-active\" role=\"tabpanel\" aria-labelledby=\"ui-id-1\" aria-hidden=\"false\">\n<div class=\"edgtf-accordion-content-inner\">\n<div class=\"wpb_text_column wpb_content_element \">\n<div class=\"wpb_wrapper\">\n<table width=\"642\" cellspacing=\"0\" cellpadding=\"0\">\n<tbody>\n<tr>\n<td valign=\"middle\">Test Bas\u0131nc\u0131<br \/>\n<i>Test Pressure<\/i><\/td>\n<td valign=\"middle\">\u0130\u015fletme Bas\u0131nc\u0131<br \/>\n<i>Operating Pressure<br \/>\n<\/i><i>(static and pump pressure)<\/i><\/td>\n<td valign=\"middle\">Maksimum \u0130\u015fletme Bas\u0131nc\u0131<br \/>\n<i>Max. Operating Pressure<\/i><\/td>\n<\/tr>\n<tr>\n<td valign=\"middle\"><i>13 bar<\/i><\/td>\n<td valign=\"middle\"><i>10 bar<\/i><\/td>\n<td valign=\"middle\"><i>120 \u00b0C<\/i><\/td>\n<\/tr>\n<\/tbody>\n<\/table>\n<\/div>\n<\/div>\n<\/div>\n<\/div>\n","protected":false},"excerpt":{"rendered":"<h5 id=\"ui-id-1\" class=\"clearfix edgtf-title-holder ui-accordion-header ui-state-default ui-accordion-header-active ui-state-active ui-corner-top ui-state-hover\" tabindex=\"0\" role=\"tab\" aria-controls=\"ui-id-2\" aria-selected=\"true\" aria-expanded=\"true\"><span class=\"edgtf-tab-title\"><span class=\"edgtf-tab-title-inner\">\u00dcR\u00dcN \u00d6ZELL\u0130KLER\u0130 <\/span> <\/span><\/h5>\n<div id=\"ui-id-2\" class=\"edgtf-accordion-content ui-accordion-content ui-helper-reset ui-widget-content ui-corner-bottom ui-accordion-content-active\" role=\"tabpanel\" aria-labelledby=\"ui-id-1\" aria-hidden=\"false\">\n<div class=\"edgtf-accordion-content-inner\">\n<div class=\"wpb_text_column wpb_content_element \">\n<div class=\"wpb_wrapper\">\n<table width=\"642\" cellspacing=\"0\" cellpadding=\"0\">\n<tbody>\n<tr>\n<td valign=\"middle\">Test Bas\u0131nc\u0131<br \/>\n<i>Test Pressure<\/i><\/td>\n<td valign=\"middle\">\u0130\u015fletme Bas\u0131nc\u0131<br \/>\n<i>Operating Pressure<br \/>\n<\/i><i>(static and pump pressure)<\/i><\/td>\n<td valign=\"middle\">Maksimum \u0130\u015fletme Bas\u0131nc\u0131<br \/>\n<i>Max. Operating Pressure<\/i><\/td>\n<\/tr>\n<tr>\n<td valign=\"middle\"><i>13 bar<\/i><\/td>\n<td valign=\"middle\"><i>10 bar<\/i><\/td>\n<td valign=\"middle\"><i>120 \u00b0C<\/i><\/td>\n<\/tr>\n<\/tbody>\n<\/table>\n<\/div>\n<\/div>\n<\/div>\n<\/div>\n","protected":false},"featured_media":807,"comment_status":"closed","ping_status":"closed","template":"","meta":[],"product_brand":[],"product_cat":[162],"product_tag":[],"class_list":{"0":"post-805","1":"product","2":"type-product","3":"status-publish","4":"has-post-thumbnail","6":"product_cat-panel-radyator","8":"first","9":"instock","10":"taxable","11":"shipping-taxable","12":"product-type-simple"},"_links":{"self":[{"href":"http:\/\/gonenyapi.com.tr\/index.php\/wp-json\/wp\/v2\/product\/805","targetHints":{"allow":["GET"]}}],"collection":[{"href":"http:\/\/gonenyapi.com.tr\/index.php\/wp-json\/wp\/v2\/product"}],"about":[{"href":"http:\/\/gonenyapi.com.tr\/index.php\/wp-json\/wp\/v2\/types\/product"}],"replies":[{"embeddable":true,"href":"http:\/\/gonenyapi.com.tr\/index.php\/wp-json\/wp\/v2\/comments?post=805"}],"wp:featuredmedia":[{"embeddable":true,"href":"http:\/\/gonenyapi.com.tr\/index.php\/wp-json\/wp\/v2\/media\/807"}],"wp:attachment":[{"href":"http:\/\/gonenyapi.com.tr\/index.php\/wp-json\/wp\/v2\/media?parent=805"}],"wp:term":[{"taxonomy":"product_brand","embeddable":true,"href":"http:\/\/gonenyapi.com.tr\/index.php\/wp-json\/wp\/v2\/product_brand?post=805"},{"taxonomy":"product_cat","embeddable":true,"href":"http:\/\/gonenyapi.com.tr\/index.php\/wp-json\/wp\/v2\/product_cat?post=805"},{"taxonomy":"product_tag","embeddable":true,"href":"http:\/\/gonenyapi.com.tr\/index.php\/wp-json\/wp\/v2\/product_tag?post=805"}],"curies":[{"name":"wp","href":"https:\/\/api.w.org\/{rel}","templated":true}]}}