{"id":740,"date":"2020-09-29T23:45:19","date_gmt":"2020-09-29T20:45:19","guid":{"rendered":"http:\/\/gonenyapi.com.tr\/?post_type=product&#038;p=740"},"modified":"2020-09-29T23:45:20","modified_gmt":"2020-09-29T20:45:20","slug":"ozel-blok-tugla","status":"publish","type":"product","link":"http:\/\/gonenyapi.com.tr\/index.php\/urun\/ozel-blok-tugla\/","title":{"rendered":"\u00d6zel Blok Tu\u011fla"},"content":{"rendered":"<table class=\"table table-bordered\">\n<thead>\n<tr>\n<th class=\"ortala\">Uzunluk<\/th>\n<th class=\"ortala\">Geni\u015flik<\/th>\n<th class=\"ortala\">Y\u00fckseklik<\/th>\n<th class=\"ortala\">Adet\/Kg<\/th>\n<th class=\"ortala\">Ad\/m\u00b2<\/th>\n<th class=\"ortala\">T\u0131r\/Adet<\/th>\n<th class=\"ortala\">Ad\u0131<\/th>\n<\/tr>\n<\/thead>\n<tbody>\n<tr>\n<td class=\"ortala\">240<\/td>\n<td class=\"ortala\">125<\/td>\n<td class=\"ortala\">240<\/td>\n<td class=\"ortala\">4.7<\/td>\n<td class=\"ortala\">16<\/td>\n<td class=\"ortala\">4.500<\/td>\n<td class=\"ortala\">12lik \u00d6zel Tu\u011fla<\/td>\n<\/tr>\n<tr>\n<td class=\"ortala\">240<\/td>\n<td class=\"ortala\">240<\/td>\n<td class=\"ortala\">125<\/td>\n<td class=\"ortala\">4.7<\/td>\n<td class=\"ortala\">30<\/td>\n<td class=\"ortala\">4.500<\/td>\n<td class=\"ortala\">25lik \u00d6zel Tu\u011fla<\/td>\n<\/tr>\n<\/tbody>\n<\/table>\n<h3>Tolarans Kategorisi : T1<br \/>\nAral\u0131k Kategorisi : NPD<br \/>\nD\u00fczl\u00fckten Sapmas\u0131 : NPD<br \/>\nD\u00fczlemsel Paralellik : NPD<br \/>\nKonfig\u00fcrasyon : Resimde<br \/>\nDonma \u00c7\u00f6z\u00fclme Dayan\u0131m\u0131 : FO<br \/>\nSu Buhar\u0131 Ge\u00e7irgenlik Katsay\u0131s\u0131 : 5\/10<br \/>\nBas\u0131n\u00e7 Dayan\u0131m\u0131 : 2.5 N\/mm\u00b2<br \/>\nYang\u0131na Tepki : A1<br \/>\nBr\u00fct Hacim : A\u00e7\u0131k \u015eekilde B\u0131rak\u0131lmaz<br \/>\nBr\u00fck Hacim K\u00fctlesi : 650Kg\/m\u00b3 (D1)<br \/>\nIs\u0131 \u00d6zellikler : 0.30 W\/mK(10.kuru)<br \/>\nBa\u011f Dayan\u0131m\u0131 : 0.15 N\/mm\u00b2<br \/>\nTehlikeli Madde : \u0130\u00e7ermez<\/h3>\n","protected":false},"excerpt":{"rendered":"<table class=\"table table-bordered\">\n<thead>\n<tr>\n<th class=\"ortala\">Uzunluk<\/th>\n<th class=\"ortala\">Geni\u015flik<\/th>\n<th class=\"ortala\">Y\u00fckseklik<\/th>\n<th class=\"ortala\">Adet\/Kg<\/th>\n<th class=\"ortala\">Ad\/m\u00b2<\/th>\n<th class=\"ortala\">T\u0131r\/Adet<\/th>\n<th class=\"ortala\">Ad\u0131<\/th>\n<\/tr>\n<\/thead>\n<tbody>\n<tr>\n<td class=\"ortala\">240<\/td>\n<td class=\"ortala\">125<\/td>\n<td class=\"ortala\">240<\/td>\n<td class=\"ortala\">4.7<\/td>\n<td class=\"ortala\">16<\/td>\n<td class=\"ortala\">4.500<\/td>\n<td class=\"ortala\">12lik \u00d6zel Tu\u011fla<\/td>\n<\/tr>\n<tr>\n<td class=\"ortala\">240<\/td>\n<td class=\"ortala\">240<\/td>\n<td class=\"ortala\">125<\/td>\n<td class=\"ortala\">4.7<\/td>\n<td class=\"ortala\">30<\/td>\n<td class=\"ortala\">4.500<\/td>\n<td class=\"ortala\">25lik \u00d6zel Tu\u011fla<\/td>\n<\/tr>\n<\/tbody>\n<\/table>\n","protected":false},"featured_media":742,"comment_status":"closed","ping_status":"closed","template":"","meta":[],"product_brand":[],"product_cat":[158],"product_tag":[],"class_list":{"0":"post-740","1":"product","2":"type-product","3":"status-publish","4":"has-post-thumbnail","6":"product_cat-derya-tugla","8":"first","9":"instock","10":"taxable","11":"shipping-taxable","12":"product-type-simple"},"_links":{"self":[{"href":"http:\/\/gonenyapi.com.tr\/index.php\/wp-json\/wp\/v2\/product\/740","targetHints":{"allow":["GET"]}}],"collection":[{"href":"http:\/\/gonenyapi.com.tr\/index.php\/wp-json\/wp\/v2\/product"}],"about":[{"href":"http:\/\/gonenyapi.com.tr\/index.php\/wp-json\/wp\/v2\/types\/product"}],"replies":[{"embeddable":true,"href":"http:\/\/gonenyapi.com.tr\/index.php\/wp-json\/wp\/v2\/comments?post=740"}],"wp:featuredmedia":[{"embeddable":true,"href":"http:\/\/gonenyapi.com.tr\/index.php\/wp-json\/wp\/v2\/media\/742"}],"wp:attachment":[{"href":"http:\/\/gonenyapi.com.tr\/index.php\/wp-json\/wp\/v2\/media?parent=740"}],"wp:term":[{"taxonomy":"product_brand","embeddable":true,"href":"http:\/\/gonenyapi.com.tr\/index.php\/wp-json\/wp\/v2\/product_brand?post=740"},{"taxonomy":"product_cat","embeddable":true,"href":"http:\/\/gonenyapi.com.tr\/index.php\/wp-json\/wp\/v2\/product_cat?post=740"},{"taxonomy":"product_tag","embeddable":true,"href":"http:\/\/gonenyapi.com.tr\/index.php\/wp-json\/wp\/v2\/product_tag?post=740"}],"curies":[{"name":"wp","href":"https:\/\/api.w.org\/{rel}","templated":true}]}}