{"id":717,"date":"2020-09-29T23:21:46","date_gmt":"2020-09-29T20:21:46","guid":{"rendered":"http:\/\/gonenyapi.com.tr\/?post_type=product&#038;p=717"},"modified":"2020-09-29T23:21:46","modified_gmt":"2020-09-29T20:21:46","slug":"tavan-u-profili","status":"publish","type":"product","link":"http:\/\/gonenyapi.com.tr\/index.php\/urun\/tavan-u-profili\/","title":{"rendered":"Tavan U Profili"},"content":{"rendered":"<p>Tavan U Profilleri, al\u00e7\u0131 levha asma tavan yap\u0131m\u0131nda kurulan metal konstr\u00fcksiyonda ta\u015f\u0131y\u0131c\u0131 TC profilleri ve al\u00e7\u0131 levha asma tavan\u0131n terazide olmas\u0131n\u0131 sa\u011flayan ta\u015f\u0131y\u0131c\u0131 olmayan s\u0131cak dald\u0131rma galvanizli \u00e7eliklerden \u00fcretilen profilledir.<\/p>\n<p>Tavan C profilleri TS EN 14195 standard\u0131na uygun \u00fcretilmektedir.<\/p>\n","protected":false},"excerpt":{"rendered":"<p>Tavan U Profilleri, al\u00e7\u0131 levha asma tavan yap\u0131m\u0131nda kurulan metal konstr\u00fcksiyonda ta\u015f\u0131y\u0131c\u0131 TC profilleri ve al\u00e7\u0131 levha asma tavan\u0131n terazide olmas\u0131n\u0131 sa\u011flayan ta\u015f\u0131y\u0131c\u0131 olmayan s\u0131cak dald\u0131rma galvanizli \u00e7eliklerden \u00fcretilen profilledir.<\/p>\n<p>Tavan C profilleri TS EN 14195 standard\u0131na uygun \u00fcretilmektedir.<\/p>\n","protected":false},"featured_media":718,"comment_status":"closed","ping_status":"closed","template":"","meta":[],"product_brand":[],"product_cat":[155],"product_tag":[],"class_list":{"0":"post-717","1":"product","2":"type-product","3":"status-publish","4":"has-post-thumbnail","6":"product_cat-tavan-profilleri","8":"first","9":"instock","10":"taxable","11":"shipping-taxable","12":"product-type-simple"},"_links":{"self":[{"href":"http:\/\/gonenyapi.com.tr\/index.php\/wp-json\/wp\/v2\/product\/717","targetHints":{"allow":["GET"]}}],"collection":[{"href":"http:\/\/gonenyapi.com.tr\/index.php\/wp-json\/wp\/v2\/product"}],"about":[{"href":"http:\/\/gonenyapi.com.tr\/index.php\/wp-json\/wp\/v2\/types\/product"}],"replies":[{"embeddable":true,"href":"http:\/\/gonenyapi.com.tr\/index.php\/wp-json\/wp\/v2\/comments?post=717"}],"wp:featuredmedia":[{"embeddable":true,"href":"http:\/\/gonenyapi.com.tr\/index.php\/wp-json\/wp\/v2\/media\/718"}],"wp:attachment":[{"href":"http:\/\/gonenyapi.com.tr\/index.php\/wp-json\/wp\/v2\/media?parent=717"}],"wp:term":[{"taxonomy":"product_brand","embeddable":true,"href":"http:\/\/gonenyapi.com.tr\/index.php\/wp-json\/wp\/v2\/product_brand?post=717"},{"taxonomy":"product_cat","embeddable":true,"href":"http:\/\/gonenyapi.com.tr\/index.php\/wp-json\/wp\/v2\/product_cat?post=717"},{"taxonomy":"product_tag","embeddable":true,"href":"http:\/\/gonenyapi.com.tr\/index.php\/wp-json\/wp\/v2\/product_tag?post=717"}],"curies":[{"name":"wp","href":"https:\/\/api.w.org\/{rel}","templated":true}]}}