{"id":711,"date":"2020-09-29T23:20:31","date_gmt":"2020-09-29T20:20:31","guid":{"rendered":"http:\/\/gonenyapi.com.tr\/?post_type=product&#038;p=711"},"modified":"2020-09-29T23:20:31","modified_gmt":"2020-09-29T20:20:31","slug":"tavan-c-profili","status":"publish","type":"product","link":"http:\/\/gonenyapi.com.tr\/index.php\/urun\/tavan-c-profili\/","title":{"rendered":"Tavan C Profili"},"content":{"rendered":"<p>Tavan C Profili, al\u00e7\u0131 levha asma tavan yap\u0131m\u0131nda kurulan metal konstr\u00fcksiyonun s\u0131cak dald\u0131rma galvanizli \u00e7eliklerden \u00fcretilen ta\u015f\u0131y\u0131c\u0131 elemanlar\u0131d\u0131r.<\/p>\n<p>Tavan C profilleri TS EN 14195 standard\u0131na uygun \u00fcretilmektedir.<\/p>\n","protected":false},"excerpt":{"rendered":"<p>Tavan C Profili, al\u00e7\u0131 levha asma tavan yap\u0131m\u0131nda kurulan metal konstr\u00fcksiyonun s\u0131cak dald\u0131rma galvanizli \u00e7eliklerden \u00fcretilen ta\u015f\u0131y\u0131c\u0131 elemanlar\u0131d\u0131r.<\/p>\n<p>Tavan C profilleri TS EN 14195 standard\u0131na uygun \u00fcretilmektedir.<\/p>\n","protected":false},"featured_media":716,"comment_status":"closed","ping_status":"closed","template":"","meta":[],"product_brand":[],"product_cat":[155],"product_tag":[],"class_list":{"0":"post-711","1":"product","2":"type-product","3":"status-publish","4":"has-post-thumbnail","6":"product_cat-tavan-profilleri","8":"first","9":"instock","10":"taxable","11":"shipping-taxable","12":"product-type-simple"},"_links":{"self":[{"href":"http:\/\/gonenyapi.com.tr\/index.php\/wp-json\/wp\/v2\/product\/711","targetHints":{"allow":["GET"]}}],"collection":[{"href":"http:\/\/gonenyapi.com.tr\/index.php\/wp-json\/wp\/v2\/product"}],"about":[{"href":"http:\/\/gonenyapi.com.tr\/index.php\/wp-json\/wp\/v2\/types\/product"}],"replies":[{"embeddable":true,"href":"http:\/\/gonenyapi.com.tr\/index.php\/wp-json\/wp\/v2\/comments?post=711"}],"wp:featuredmedia":[{"embeddable":true,"href":"http:\/\/gonenyapi.com.tr\/index.php\/wp-json\/wp\/v2\/media\/716"}],"wp:attachment":[{"href":"http:\/\/gonenyapi.com.tr\/index.php\/wp-json\/wp\/v2\/media?parent=711"}],"wp:term":[{"taxonomy":"product_brand","embeddable":true,"href":"http:\/\/gonenyapi.com.tr\/index.php\/wp-json\/wp\/v2\/product_brand?post=711"},{"taxonomy":"product_cat","embeddable":true,"href":"http:\/\/gonenyapi.com.tr\/index.php\/wp-json\/wp\/v2\/product_cat?post=711"},{"taxonomy":"product_tag","embeddable":true,"href":"http:\/\/gonenyapi.com.tr\/index.php\/wp-json\/wp\/v2\/product_tag?post=711"}],"curies":[{"name":"wp","href":"https:\/\/api.w.org\/{rel}","templated":true}]}}