{"id":710,"date":"2020-09-29T23:12:58","date_gmt":"2020-09-29T20:12:58","guid":{"rendered":"http:\/\/gonenyapi.com.tr\/?post_type=product&#038;p=710"},"modified":"2020-09-29T23:12:58","modified_gmt":"2020-09-29T20:12:58","slug":"hizli-cila","status":"publish","type":"product","link":"http:\/\/gonenyapi.com.tr\/index.php\/urun\/hizli-cila\/","title":{"rendered":"H\u0131zl\u0131 Cila"},"content":{"rendered":"<div class=\"product-short-description\">\n<ul>\n<li>Kullan\u0131c\u0131 dostu<\/li>\n<li>Geni\u015f y\u00fczeyler i\u00e7in ideal<\/li>\n<li>Uzun s\u00fcreli parlakl\u0131k<\/li>\n<li>N\u00f6tr pH<\/li>\n<li>Cila i\u00e7ermez<\/li>\n<li>Silikon i\u00e7erir<\/li>\n<\/ul>\n<\/div>\n","protected":false},"excerpt":{"rendered":"<p>H\u0131zl\u0131 Cila<\/p>\n","protected":false},"featured_media":712,"comment_status":"closed","ping_status":"closed","template":"","meta":[],"product_brand":[],"product_cat":[153],"product_tag":[],"class_list":{"0":"post-710","1":"product","2":"type-product","3":"status-publish","4":"has-post-thumbnail","6":"product_cat-akcali-sprey","8":"first","9":"instock","10":"taxable","11":"shipping-taxable","12":"product-type-simple"},"_links":{"self":[{"href":"http:\/\/gonenyapi.com.tr\/index.php\/wp-json\/wp\/v2\/product\/710","targetHints":{"allow":["GET"]}}],"collection":[{"href":"http:\/\/gonenyapi.com.tr\/index.php\/wp-json\/wp\/v2\/product"}],"about":[{"href":"http:\/\/gonenyapi.com.tr\/index.php\/wp-json\/wp\/v2\/types\/product"}],"replies":[{"embeddable":true,"href":"http:\/\/gonenyapi.com.tr\/index.php\/wp-json\/wp\/v2\/comments?post=710"}],"wp:featuredmedia":[{"embeddable":true,"href":"http:\/\/gonenyapi.com.tr\/index.php\/wp-json\/wp\/v2\/media\/712"}],"wp:attachment":[{"href":"http:\/\/gonenyapi.com.tr\/index.php\/wp-json\/wp\/v2\/media?parent=710"}],"wp:term":[{"taxonomy":"product_brand","embeddable":true,"href":"http:\/\/gonenyapi.com.tr\/index.php\/wp-json\/wp\/v2\/product_brand?post=710"},{"taxonomy":"product_cat","embeddable":true,"href":"http:\/\/gonenyapi.com.tr\/index.php\/wp-json\/wp\/v2\/product_cat?post=710"},{"taxonomy":"product_tag","embeddable":true,"href":"http:\/\/gonenyapi.com.tr\/index.php\/wp-json\/wp\/v2\/product_tag?post=710"}],"curies":[{"name":"wp","href":"https:\/\/api.w.org\/{rel}","templated":true}]}}