{"id":707,"date":"2020-09-29T23:11:33","date_gmt":"2020-09-29T20:11:33","guid":{"rendered":"http:\/\/gonenyapi.com.tr\/?post_type=product&#038;p=707"},"modified":"2020-09-29T23:11:33","modified_gmt":"2020-09-29T20:11:33","slug":"deri-ve-tekstil-koruyucu","status":"publish","type":"product","link":"http:\/\/gonenyapi.com.tr\/index.php\/urun\/deri-ve-tekstil-koruyucu\/","title":{"rendered":"Deri ve Tekstil Koruyucu"},"content":{"rendered":"<div class=\"product-short-description\">\n<ul>\n<li>Uzun s\u00fcreli koruma<\/li>\n<li>Kullan\u0131c\u0131 dostu<\/li>\n<li>Su itici<\/li>\n<li>G\u00f6r\u00fcnmez koruma olu\u015fturur<\/li>\n<li>Kir yap\u0131\u015fmas\u0131n\u0131 \u00f6nler<\/li>\n<\/ul>\n<\/div>\n","protected":false},"excerpt":{"rendered":"<p>Deri ve Tekstil Koruyucu<\/p>\n","protected":false},"featured_media":709,"comment_status":"closed","ping_status":"closed","template":"","meta":[],"product_brand":[],"product_cat":[153],"product_tag":[],"class_list":{"0":"post-707","1":"product","2":"type-product","3":"status-publish","4":"has-post-thumbnail","6":"product_cat-akcali-sprey","8":"first","9":"instock","10":"taxable","11":"shipping-taxable","12":"product-type-simple"},"_links":{"self":[{"href":"http:\/\/gonenyapi.com.tr\/index.php\/wp-json\/wp\/v2\/product\/707","targetHints":{"allow":["GET"]}}],"collection":[{"href":"http:\/\/gonenyapi.com.tr\/index.php\/wp-json\/wp\/v2\/product"}],"about":[{"href":"http:\/\/gonenyapi.com.tr\/index.php\/wp-json\/wp\/v2\/types\/product"}],"replies":[{"embeddable":true,"href":"http:\/\/gonenyapi.com.tr\/index.php\/wp-json\/wp\/v2\/comments?post=707"}],"wp:featuredmedia":[{"embeddable":true,"href":"http:\/\/gonenyapi.com.tr\/index.php\/wp-json\/wp\/v2\/media\/709"}],"wp:attachment":[{"href":"http:\/\/gonenyapi.com.tr\/index.php\/wp-json\/wp\/v2\/media?parent=707"}],"wp:term":[{"taxonomy":"product_brand","embeddable":true,"href":"http:\/\/gonenyapi.com.tr\/index.php\/wp-json\/wp\/v2\/product_brand?post=707"},{"taxonomy":"product_cat","embeddable":true,"href":"http:\/\/gonenyapi.com.tr\/index.php\/wp-json\/wp\/v2\/product_cat?post=707"},{"taxonomy":"product_tag","embeddable":true,"href":"http:\/\/gonenyapi.com.tr\/index.php\/wp-json\/wp\/v2\/product_tag?post=707"}],"curies":[{"name":"wp","href":"https:\/\/api.w.org\/{rel}","templated":true}]}}