{"id":703,"date":"2020-09-29T23:07:51","date_gmt":"2020-09-29T20:07:51","guid":{"rendered":"http:\/\/gonenyapi.com.tr\/?post_type=product&#038;p=703"},"modified":"2020-09-29T23:07:51","modified_gmt":"2020-09-29T20:07:51","slug":"permolit-mikrofiber-ic-ve-dis-cephe-rulo","status":"publish","type":"product","link":"http:\/\/gonenyapi.com.tr\/index.php\/urun\/permolit-mikrofiber-ic-ve-dis-cephe-rulo\/","title":{"rendered":"Permolit Mikrofiber \u0130\u00e7 ve D\u0131\u015f Cephe Rulo"},"content":{"rendered":"","protected":false},"excerpt":{"rendered":"<h1 class=\"product-title product_title entry-title\">Permolit Mikrofiber \u0130\u00e7 ve D\u0131\u015f Cephe Rulo<\/h1>\n","protected":false},"featured_media":705,"comment_status":"closed","ping_status":"closed","template":"","meta":[],"product_brand":[],"product_cat":[152],"product_tag":[],"class_list":{"0":"post-703","1":"product","2":"type-product","3":"status-publish","4":"has-post-thumbnail","6":"product_cat-yardimci-urunler","8":"first","9":"instock","10":"taxable","11":"shipping-taxable","12":"product-type-simple"},"_links":{"self":[{"href":"http:\/\/gonenyapi.com.tr\/index.php\/wp-json\/wp\/v2\/product\/703","targetHints":{"allow":["GET"]}}],"collection":[{"href":"http:\/\/gonenyapi.com.tr\/index.php\/wp-json\/wp\/v2\/product"}],"about":[{"href":"http:\/\/gonenyapi.com.tr\/index.php\/wp-json\/wp\/v2\/types\/product"}],"replies":[{"embeddable":true,"href":"http:\/\/gonenyapi.com.tr\/index.php\/wp-json\/wp\/v2\/comments?post=703"}],"wp:featuredmedia":[{"embeddable":true,"href":"http:\/\/gonenyapi.com.tr\/index.php\/wp-json\/wp\/v2\/media\/705"}],"wp:attachment":[{"href":"http:\/\/gonenyapi.com.tr\/index.php\/wp-json\/wp\/v2\/media?parent=703"}],"wp:term":[{"taxonomy":"product_brand","embeddable":true,"href":"http:\/\/gonenyapi.com.tr\/index.php\/wp-json\/wp\/v2\/product_brand?post=703"},{"taxonomy":"product_cat","embeddable":true,"href":"http:\/\/gonenyapi.com.tr\/index.php\/wp-json\/wp\/v2\/product_cat?post=703"},{"taxonomy":"product_tag","embeddable":true,"href":"http:\/\/gonenyapi.com.tr\/index.php\/wp-json\/wp\/v2\/product_tag?post=703"}],"curies":[{"name":"wp","href":"https:\/\/api.w.org\/{rel}","templated":true}]}}