{"id":695,"date":"2020-09-29T23:02:42","date_gmt":"2020-09-29T20:02:42","guid":{"rendered":"http:\/\/gonenyapi.com.tr\/?post_type=product&#038;p=695"},"modified":"2020-09-29T23:02:42","modified_gmt":"2020-09-29T20:02:42","slug":"permokolor-universal-renklendirici","status":"publish","type":"product","link":"http:\/\/gonenyapi.com.tr\/index.php\/urun\/permokolor-universal-renklendirici\/","title":{"rendered":"Permokolor \u00dcniversal Renklendirici"},"content":{"rendered":"<div class=\"product-short-description\">\n<ul>\n<li class=\"bullet-checkmark\">Her t\u00fcrl\u00fc boyay\u0131 renklendirir<\/li>\n<li class=\"bullet-checkmark\">Boya, vernik, kaplama malzemesini renklendirir<\/li>\n<\/ul>\n<p>&nbsp;<\/p>\n<p>&nbsp;<\/p>\n<\/div>\n<div class=\"product_meta\"><span class=\"sku_wrapper\">Stok kodu: <span class=\"sku\">03.048<\/span><\/span><\/div>\n","protected":false},"excerpt":{"rendered":"<p>Permokolor \u00dcniversal Renklendirici<\/p>\n","protected":false},"featured_media":697,"comment_status":"closed","ping_status":"closed","template":"","meta":[],"product_brand":[],"product_cat":[151],"product_tag":[],"class_list":{"0":"post-695","1":"product","2":"type-product","3":"status-publish","4":"has-post-thumbnail","6":"product_cat-izolasyon-malzemeleri-ve-renklendirici","8":"first","9":"instock","10":"taxable","11":"shipping-taxable","12":"product-type-simple"},"_links":{"self":[{"href":"http:\/\/gonenyapi.com.tr\/index.php\/wp-json\/wp\/v2\/product\/695","targetHints":{"allow":["GET"]}}],"collection":[{"href":"http:\/\/gonenyapi.com.tr\/index.php\/wp-json\/wp\/v2\/product"}],"about":[{"href":"http:\/\/gonenyapi.com.tr\/index.php\/wp-json\/wp\/v2\/types\/product"}],"replies":[{"embeddable":true,"href":"http:\/\/gonenyapi.com.tr\/index.php\/wp-json\/wp\/v2\/comments?post=695"}],"wp:featuredmedia":[{"embeddable":true,"href":"http:\/\/gonenyapi.com.tr\/index.php\/wp-json\/wp\/v2\/media\/697"}],"wp:attachment":[{"href":"http:\/\/gonenyapi.com.tr\/index.php\/wp-json\/wp\/v2\/media?parent=695"}],"wp:term":[{"taxonomy":"product_brand","embeddable":true,"href":"http:\/\/gonenyapi.com.tr\/index.php\/wp-json\/wp\/v2\/product_brand?post=695"},{"taxonomy":"product_cat","embeddable":true,"href":"http:\/\/gonenyapi.com.tr\/index.php\/wp-json\/wp\/v2\/product_cat?post=695"},{"taxonomy":"product_tag","embeddable":true,"href":"http:\/\/gonenyapi.com.tr\/index.php\/wp-json\/wp\/v2\/product_tag?post=695"}],"curies":[{"name":"wp","href":"https:\/\/api.w.org\/{rel}","templated":true}]}}