{"id":685,"date":"2020-09-29T22:55:14","date_gmt":"2020-09-29T19:55:14","guid":{"rendered":"http:\/\/gonenyapi.com.tr\/?post_type=product&#038;p=685"},"modified":"2020-09-29T22:55:15","modified_gmt":"2020-09-29T19:55:15","slug":"derz-dolgu-harci","status":"publish","type":"product","link":"http:\/\/gonenyapi.com.tr\/index.php\/urun\/derz-dolgu-harci\/","title":{"rendered":"Derz Dolgu Harc\u0131"},"content":{"rendered":"<div class=\"product-short-description\">\n<ul>\n<li class=\"bullet-checkmark\">\u00c7imento esasl\u0131<\/li>\n<li class=\"bullet-checkmark\">\u00dcr\u00fcn performans\u0131n\u0131 artt\u0131r\u0131c\u0131<\/li>\n<\/ul>\n<\/div>\n<div class=\"product_meta\"><span class=\"sku_wrapper\">Stok kodu: <span class=\"sku\">75.877<\/span><\/span><\/div>\n","protected":false},"excerpt":{"rendered":"<p>Derz Dolgu Harc\u0131<\/p>\n","protected":false},"featured_media":687,"comment_status":"closed","ping_status":"closed","template":"","meta":[],"product_brand":[],"product_cat":[150],"product_tag":[],"class_list":{"0":"post-685","1":"product","2":"type-product","3":"status-publish","4":"has-post-thumbnail","6":"product_cat-isi-yalitimi","8":"first","9":"instock","10":"taxable","11":"shipping-taxable","12":"product-type-simple"},"_links":{"self":[{"href":"http:\/\/gonenyapi.com.tr\/index.php\/wp-json\/wp\/v2\/product\/685","targetHints":{"allow":["GET"]}}],"collection":[{"href":"http:\/\/gonenyapi.com.tr\/index.php\/wp-json\/wp\/v2\/product"}],"about":[{"href":"http:\/\/gonenyapi.com.tr\/index.php\/wp-json\/wp\/v2\/types\/product"}],"replies":[{"embeddable":true,"href":"http:\/\/gonenyapi.com.tr\/index.php\/wp-json\/wp\/v2\/comments?post=685"}],"wp:featuredmedia":[{"embeddable":true,"href":"http:\/\/gonenyapi.com.tr\/index.php\/wp-json\/wp\/v2\/media\/687"}],"wp:attachment":[{"href":"http:\/\/gonenyapi.com.tr\/index.php\/wp-json\/wp\/v2\/media?parent=685"}],"wp:term":[{"taxonomy":"product_brand","embeddable":true,"href":"http:\/\/gonenyapi.com.tr\/index.php\/wp-json\/wp\/v2\/product_brand?post=685"},{"taxonomy":"product_cat","embeddable":true,"href":"http:\/\/gonenyapi.com.tr\/index.php\/wp-json\/wp\/v2\/product_cat?post=685"},{"taxonomy":"product_tag","embeddable":true,"href":"http:\/\/gonenyapi.com.tr\/index.php\/wp-json\/wp\/v2\/product_tag?post=685"}],"curies":[{"name":"wp","href":"https:\/\/api.w.org\/{rel}","templated":true}]}}