{"id":684,"date":"2020-09-29T22:53:50","date_gmt":"2020-09-29T19:53:50","guid":{"rendered":"http:\/\/gonenyapi.com.tr\/?post_type=product&#038;p=684"},"modified":"2020-10-06T16:03:41","modified_gmt":"2020-10-06T13:03:41","slug":"akcali-sprey-boya","status":"publish","type":"product","link":"http:\/\/gonenyapi.com.tr\/index.php\/urun\/akcali-sprey-boya\/","title":{"rendered":"Ak\u00e7al\u0131 Sprey Boya"},"content":{"rendered":"<ul>\n<li class=\"bullet-checkmark\">H\u0131zl\u0131 kurur<\/li>\n<li class=\"bullet-checkmark\">M\u00fckemmel koruyucu tabaka olu\u015fturur<\/li>\n<li class=\"bullet-checkmark\">Uzun \u00f6m\u00fcrl\u00fc<\/li>\n<li class=\"bullet-checkmark\">Genel kullan\u0131m ama\u00e7l\u0131d\u0131r<\/li>\n<\/ul>\n","protected":false},"excerpt":{"rendered":"<p>Ak\u00e7al\u0131 Sprey Boya<\/p>\n","protected":false},"featured_media":686,"comment_status":"closed","ping_status":"closed","template":"","meta":[],"product_brand":[],"product_cat":[149],"product_tag":[],"class_list":{"0":"post-684","1":"product","2":"type-product","3":"status-publish","4":"has-post-thumbnail","6":"product_cat-sprey-boyalar","8":"first","9":"instock","10":"featured","11":"taxable","12":"shipping-taxable","13":"product-type-simple"},"_links":{"self":[{"href":"http:\/\/gonenyapi.com.tr\/index.php\/wp-json\/wp\/v2\/product\/684","targetHints":{"allow":["GET"]}}],"collection":[{"href":"http:\/\/gonenyapi.com.tr\/index.php\/wp-json\/wp\/v2\/product"}],"about":[{"href":"http:\/\/gonenyapi.com.tr\/index.php\/wp-json\/wp\/v2\/types\/product"}],"replies":[{"embeddable":true,"href":"http:\/\/gonenyapi.com.tr\/index.php\/wp-json\/wp\/v2\/comments?post=684"}],"wp:featuredmedia":[{"embeddable":true,"href":"http:\/\/gonenyapi.com.tr\/index.php\/wp-json\/wp\/v2\/media\/686"}],"wp:attachment":[{"href":"http:\/\/gonenyapi.com.tr\/index.php\/wp-json\/wp\/v2\/media?parent=684"}],"wp:term":[{"taxonomy":"product_brand","embeddable":true,"href":"http:\/\/gonenyapi.com.tr\/index.php\/wp-json\/wp\/v2\/product_brand?post=684"},{"taxonomy":"product_cat","embeddable":true,"href":"http:\/\/gonenyapi.com.tr\/index.php\/wp-json\/wp\/v2\/product_cat?post=684"},{"taxonomy":"product_tag","embeddable":true,"href":"http:\/\/gonenyapi.com.tr\/index.php\/wp-json\/wp\/v2\/product_tag?post=684"}],"curies":[{"name":"wp","href":"https:\/\/api.w.org\/{rel}","templated":true}]}}