{"id":680,"date":"2020-09-29T22:51:35","date_gmt":"2020-09-29T19:51:35","guid":{"rendered":"http:\/\/gonenyapi.com.tr\/?post_type=product&#038;p=680"},"modified":"2020-09-29T22:51:35","modified_gmt":"2020-09-29T19:51:35","slug":"tenis-kort-boyasi-solvent-bazli","status":"publish","type":"product","link":"http:\/\/gonenyapi.com.tr\/index.php\/urun\/tenis-kort-boyasi-solvent-bazli\/","title":{"rendered":"Tenis Kort Boyas\u0131 Solvent Bazl\u0131"},"content":{"rendered":"<div class=\"product-short-description\">\n<ul>\n<li class=\"bullet-checkmark\">\u00d6rt\u00fcc\u00fcl\u00fc\u011f\u00fc y\u00fcksek<\/li>\n<li class=\"bullet-checkmark\">Solmaya kar\u015f\u0131 dayan\u0131kl\u0131<\/li>\n<li class=\"bullet-checkmark\">UV \u0131\u015f\u0131nlar\u0131na kar\u015f\u0131 diren\u00e7li<\/li>\n<\/ul>\n<\/div>\n<div class=\"product_meta\"><span class=\"sku_wrapper\">Stok kodu: <span class=\"sku\">04.056<\/span><\/span><\/div>\n","protected":false},"excerpt":{"rendered":"<p>Tenis Kort Boyas\u0131 Solvent Bazl\u0131<\/p>\n","protected":false},"featured_media":682,"comment_status":"closed","ping_status":"closed","template":"","meta":[],"product_brand":[],"product_cat":[148],"product_tag":[],"class_list":{"0":"post-680","1":"product","2":"type-product","3":"status-publish","4":"has-post-thumbnail","6":"product_cat-ozel-boyalar","8":"first","9":"instock","10":"taxable","11":"shipping-taxable","12":"product-type-simple"},"_links":{"self":[{"href":"http:\/\/gonenyapi.com.tr\/index.php\/wp-json\/wp\/v2\/product\/680","targetHints":{"allow":["GET"]}}],"collection":[{"href":"http:\/\/gonenyapi.com.tr\/index.php\/wp-json\/wp\/v2\/product"}],"about":[{"href":"http:\/\/gonenyapi.com.tr\/index.php\/wp-json\/wp\/v2\/types\/product"}],"replies":[{"embeddable":true,"href":"http:\/\/gonenyapi.com.tr\/index.php\/wp-json\/wp\/v2\/comments?post=680"}],"wp:featuredmedia":[{"embeddable":true,"href":"http:\/\/gonenyapi.com.tr\/index.php\/wp-json\/wp\/v2\/media\/682"}],"wp:attachment":[{"href":"http:\/\/gonenyapi.com.tr\/index.php\/wp-json\/wp\/v2\/media?parent=680"}],"wp:term":[{"taxonomy":"product_brand","embeddable":true,"href":"http:\/\/gonenyapi.com.tr\/index.php\/wp-json\/wp\/v2\/product_brand?post=680"},{"taxonomy":"product_cat","embeddable":true,"href":"http:\/\/gonenyapi.com.tr\/index.php\/wp-json\/wp\/v2\/product_cat?post=680"},{"taxonomy":"product_tag","embeddable":true,"href":"http:\/\/gonenyapi.com.tr\/index.php\/wp-json\/wp\/v2\/product_tag?post=680"}],"curies":[{"name":"wp","href":"https:\/\/api.w.org\/{rel}","templated":true}]}}